{"id":3443,"date":"2021-11-18T15:53:00","date_gmt":"2021-11-18T14:53:00","guid":{"rendered":"https:\/\/antcube.shop\/produkt\/mens-heavyweight-tee\/"},"modified":"2024-12-12T12:27:24","modified_gmt":"2024-12-12T11:27:24","slug":"herre-heavyweight-tee","status":"publish","type":"product","link":"https:\/\/antcube.shop\/nb\/produkt\/herre-heavyweight-tee\/","title":{"rendered":"T-skjorte i premium bomull for menn"},"content":{"rendered":"<p>100% premium T-skjorte i bomull for menn vil hjelpe deg med \u00e5 f\u00e5 et mer strukturert utseende. Den sitter pent, opprettholder skarpe linjer rundt kantene og passer perfekt med lagdelte streetwear-antrekk.<br \/>\n- 100% bomull<br \/>\n- 90% bomull, 10% polyester<br \/>\n- Stoffvekt: 5,0-5,3 oz\/yd\u00b2 (170-180 g\/m\u00b2)<br \/>\n- Garn med \u00e5pen ende<br \/>\n- R\u00f8rformet stoff<br \/>\n- Teipet nakke og skuldre<br \/>\n- Dobbel s\u00f8m p\u00e5 ermer og nederst p\u00e5 nederkant<br \/>\n- Blanke produkter fra Honduras, Nicaragua, Haiti, Den dominikanske republikk, Bangladesh og Mexico.<\/p>\n<p>&nbsp;<\/p>\n<p>Levering og produksjon av produkter i kategorien Merchandise h\u00e5ndteres av v\u00e5r partner PRINTFUL. Ved \u00e5 bestille et av disse produktene godtar du vilk\u00e5rene og betingelsene, personvernreglene og returpolitikken til PRINTFUL.<\/p>\n<p><a href=\"https:\/\/www.printful.com\/policies\/terms-of-service\">Finn PRINTFULs vilk\u00e5r og betingelser her.<\/a><\/p>\n<p><a href=\"https:\/\/www.printful.com\/policies\/returns\">Finn PRINTFULs retningslinjer for retur her.<\/a><\/p>\n<p><a href=\"https:\/\/www.printful.com\/policies\/privacy\">Finn PRINTFULs retningslinjer for personvern her.<\/a><\/p>","protected":false},"excerpt":{"rendered":"<p>100% premium T-skjorte i bomull for menn vil hjelpe deg med \u00e5 f\u00e5 et mer strukturert utseende. Den sitter fint, opprettholder skarpe linjer rundt kantene og passer perfekt til lagdelte streetwear-antrekk. - 100% bomull - 90% bomull, 10% polyester - Stoffvekt: 5.0-5.3 oz\/yd\u00b2 (170-180 g\/m\u00b2) - Open-end garn - R\u00f8rformet stoff - Teipet hals og","protected":false},"featured_media":3451,"comment_status":"open","ping_status":"closed","template":"","meta":{"_acf_changed":false,"content-type":"","_monsterinsights_skip_tracking":false,"_monsterinsights_sitenote_active":false,"_monsterinsights_sitenote_note":"","_monsterinsights_sitenote_category":0},"product_brand":[],"product_cat":[245],"product_tag":[],"class_list":{"0":"post-3443","1":"product","2":"type-product","3":"status-publish","4":"has-post-thumbnail","6":"product_cat-merchandise","8":"first","9":"instock","10":"taxable","11":"shipping-taxable","12":"purchasable","13":"product-type-variable"},"acf":[],"aioseo_notices":[],"jetpack_sharing_enabled":true,"_links":{"self":[{"href":"https:\/\/antcube.shop\/nb\/wp-json\/wp\/v2\/product\/3443","targetHints":{"allow":["GET"]}}],"collection":[{"href":"https:\/\/antcube.shop\/nb\/wp-json\/wp\/v2\/product"}],"about":[{"href":"https:\/\/antcube.shop\/nb\/wp-json\/wp\/v2\/types\/product"}],"replies":[{"embeddable":true,"href":"https:\/\/antcube.shop\/nb\/wp-json\/wp\/v2\/comments?post=3443"}],"wp:featuredmedia":[{"embeddable":true,"href":"https:\/\/antcube.shop\/nb\/wp-json\/wp\/v2\/media\/3451"}],"wp:attachment":[{"href":"https:\/\/antcube.shop\/nb\/wp-json\/wp\/v2\/media?parent=3443"}],"wp:term":[{"taxonomy":"product_brand","embeddable":true,"href":"https:\/\/antcube.shop\/nb\/wp-json\/wp\/v2\/product_brand?post=3443"},{"taxonomy":"product_cat","embeddable":true,"href":"https:\/\/antcube.shop\/nb\/wp-json\/wp\/v2\/product_cat?post=3443"},{"taxonomy":"product_tag","embeddable":true,"href":"https:\/\/antcube.shop\/nb\/wp-json\/wp\/v2\/product_tag?post=3443"}],"curies":[{"name":"wp","href":"https:\/\/api.w.org\/{rel}","templated":true}]}}