{"id":3281,"date":"2021-11-10T13:27:54","date_gmt":"2021-11-10T12:27:54","guid":{"rendered":"https:\/\/antcube.shop\/produkt\/camponotus-mutilarius-xiangban\/"},"modified":"2023-12-21T17:14:32","modified_gmt":"2023-12-21T16:14:32","slug":"camponotus-mutilarius-xiangban","status":"publish","type":"product","link":"https:\/\/antcube.shop\/nb\/produkt\/camponotus-mutilarius-xiangban\/","title":{"rendered":"Camponotus mutilarius (xiangban)"},"content":{"rendered":"<p>&nbsp;<\/p>\n<table border=\"1\" cellspacing=\"1\" cellpadding=\"1\">\n<tbody>\n<tr>\n<td><strong>Lat. Lat. navn:<\/strong><\/td>\n<td><strong><img data-recalc-dims=\"1\" loading=\"lazy\" decoding=\"async\" src=\"https:\/\/i0.wp.com\/www.antstore.net\/shop\/images\/icons\/ants\/lateinname.jpg?resize=30%2C30&#038;ssl=1\" alt=\"\" width=\"30\" height=\"30\" \/><\/strong><\/td>\n<td>\u00a0Camponotus mutilarius<\/td>\n<\/tr>\n<tr>\n<td><strong>Vanlig navn<\/strong>:<\/td>\n<td><strong><img data-recalc-dims=\"1\" loading=\"lazy\" decoding=\"async\" src=\"https:\/\/i0.wp.com\/www.antstore.net\/shop\/images\/icons\/ants\/trivialname.jpg?resize=30%2C30&#038;ssl=1\" alt=\"\" width=\"30\" height=\"30\" \/><\/strong><\/td>\n<td>\u00a0Xiangban<\/td>\n<\/tr>\n<tr>\n<td><strong>Taksonomi:<\/strong><\/td>\n<td><strong><img data-recalc-dims=\"1\" loading=\"lazy\" decoding=\"async\" src=\"https:\/\/i0.wp.com\/www.antstore.net\/shop\/images\/icons\/ants\/taxonomie.jpg?resize=30%2C30&#038;ssl=1\" alt=\"\" width=\"30\" height=\"30\" \/><\/strong><\/td>\n<td><strong>\u00a0Underfamilie: <\/strong>Formicinae <strong>Tribus: <\/strong>Camponotini<\/td>\n<\/tr>\n<tr>\n<td><strong>\u00c5 holde niv\u00e5et:<\/strong><\/td>\n<td><strong><img data-recalc-dims=\"1\" loading=\"lazy\" decoding=\"async\" src=\"https:\/\/i0.wp.com\/www.antstore.net\/shop\/images\/icons\/ants\/haltungsklasse.jpg?resize=30%2C30&#038;ssl=1\" alt=\"\" width=\"30\" height=\"30\" \/><\/strong><\/td>\n<td><strong>\u00a0(2) <\/strong>spesielt i begynnelsen lett skremt og med en langsom koloniutvikling<\/td>\n<\/tr>\n<tr>\n<td><strong>Distribusjon:<\/strong><\/td>\n<td><strong><img data-recalc-dims=\"1\" loading=\"lazy\" decoding=\"async\" src=\"https:\/\/i0.wp.com\/www.antstore.net\/shop\/images\/icons\/ants\/verbreitung.jpg?resize=30%2C30&#038;ssl=1\" alt=\"\" width=\"30\" height=\"30\" \/><\/strong><\/td>\n<td>S\u00f8r\u00f8st-Asia<\/td>\n<\/tr>\n<tr>\n<td><strong>Habitat:<\/strong><\/td>\n<td><strong><img data-recalc-dims=\"1\" loading=\"lazy\" decoding=\"async\" src=\"https:\/\/i0.wp.com\/www.antstore.net\/shop\/images\/icons\/ants\/habitat.jpg?resize=30%2C30&#038;ssl=1\" alt=\"\" width=\"30\" height=\"30\" \/><\/strong><\/td>\n<td>tropisk regnskog<\/td>\n<\/tr>\n<tr>\n<td><strong>Koloniform:<\/strong><\/td>\n<td><strong><img data-recalc-dims=\"1\" loading=\"lazy\" decoding=\"async\" src=\"https:\/\/i0.wp.com\/www.antstore.net\/shop\/images\/icons\/ants\/Kolonieform.jpg?resize=30%2C30&#038;ssl=1\" alt=\"\" width=\"30\" height=\"30\" \/><\/strong><\/td>\n<td>monogyn<\/td>\n<\/tr>\n<tr>\n<td><strong>Dronning:<\/strong><\/td>\n<td><strong><img data-recalc-dims=\"1\" loading=\"lazy\" decoding=\"async\" src=\"https:\/\/i0.wp.com\/www.antstore.net\/shop\/images\/icons\/ants\/koenigin.jpg?resize=30%2C30&#038;ssl=1\" alt=\"\" width=\"30\" height=\"30\" \/><\/strong><\/td>\n<td><strong>St\u00f8rrelse: <\/strong>13 - 15 mm <strong>Farge: <\/strong>Hode og ben svarte, thorax oransjebrun, gaster med oransjebrune flekker, volumin\u00f8s<\/td>\n<\/tr>\n<tr>\n<td><strong>Arbeidstaker:<\/strong><\/td>\n<td><img data-recalc-dims=\"1\" loading=\"lazy\" decoding=\"async\" src=\"https:\/\/i0.wp.com\/www.antstore.net\/shop\/images\/icons\/ants\/arbeiterin.jpg?resize=30%2C30&#038;ssl=1\" alt=\"\" width=\"30\" height=\"30\" \/><\/td>\n<td><strong>St\u00f8rrelse:<\/strong> 6 - 12 mm <strong>Farge: <\/strong>Hode og ben svarte, thorax oransjebrun, gaster med oransjebrune flekker, polymorfe.<\/td>\n<\/tr>\n<tr>\n<td><strong>Soldat:<\/strong><\/td>\n<td><img data-recalc-dims=\"1\" loading=\"lazy\" decoding=\"async\" src=\"https:\/\/i0.wp.com\/www.antstore.net\/shop\/images\/icons\/ants\/soldaten.jpg?resize=30%2C30&#038;ssl=1\" alt=\"\" width=\"30\" height=\"30\" \/><\/td>\n<td>ikke til stede<\/td>\n<\/tr>\n<tr>\n<td><strong>Hankj\u00f8nn:<\/strong><\/td>\n<td><img data-recalc-dims=\"1\" loading=\"lazy\" decoding=\"async\" src=\"https:\/\/i0.wp.com\/www.antstore.net\/shop\/images\/icons\/ants\/maennchen.jpg?resize=30%2C30&#038;ssl=1\" alt=\"\" width=\"30\" height=\"30\" \/><\/td>\n<td><strong>St\u00f8rrelse:<\/strong> 10 mm<strong> \u00a0<\/strong><strong>Farge: <\/strong>svart<\/td>\n<\/tr>\n<tr>\n<td><strong>Mat:<\/strong><\/td>\n<td><img data-recalc-dims=\"1\" loading=\"lazy\" decoding=\"async\" src=\"https:\/\/i0.wp.com\/www.antstore.net\/shop\/images\/icons\/ants\/nahrung.jpg?resize=30%2C30&#038;ssl=1\" alt=\"\" width=\"30\" height=\"30\" \/><\/td>\n<td>Honningvann, insekter, f.eks. Dipteraner som fluer eller\u00a0<span style=\"font-family: Arial;\">mygg<\/span><\/td>\n<\/tr>\n<tr>\n<td><strong>Luftfuktighet:<\/strong><\/td>\n<td><strong><img data-recalc-dims=\"1\" loading=\"lazy\" decoding=\"async\" src=\"https:\/\/i0.wp.com\/www.antstore.net\/shop\/images\/icons\/ants\/feuchtigkeit.jpg?resize=30%2C30&#038;ssl=1\" alt=\"\" width=\"30\" height=\"30\" \/><\/strong><\/td>\n<td><strong>Arena:<\/strong> 30 &#8211; 50% <strong>Reiromr\u00e5de: <\/strong>50 &#8211; 70%<\/td>\n<\/tr>\n<tr>\n<td><strong>Temperatur:<\/strong><\/td>\n<td><strong><img data-recalc-dims=\"1\" loading=\"lazy\" decoding=\"async\" src=\"https:\/\/i0.wp.com\/www.antstore.net\/shop\/images\/icons\/ants\/temperatur.jpg?resize=30%2C30&#038;ssl=1\" alt=\"\" width=\"30\" height=\"30\" \/><\/strong><\/td>\n<td><strong>Arena:<\/strong> 21 - 30\u00b0C <strong>Reiromr\u00e5de: <\/strong>24 - 26\u00b0C<\/td>\n<\/tr>\n<tr>\n<td><strong>Dvalemodus:<\/strong><\/td>\n<td><img data-recalc-dims=\"1\" loading=\"lazy\" decoding=\"async\" src=\"https:\/\/i0.wp.com\/www.antstore.net\/shop\/images\/icons\/ants\/winterruhe.jpg?resize=30%2C30&#038;ssl=1\" alt=\"\" width=\"30\" height=\"30\" \/><\/td>\n<td>\u00a0nei<\/td>\n<\/tr>\n<tr>\n<td><strong>Type reir:<\/strong><\/td>\n<td><\/td>\n<td>Bygger reiret sitt i jord, under steiner<\/td>\n<\/tr>\n<tr>\n<td><strong>Formicarium type:<\/strong><\/td>\n<td><img data-recalc-dims=\"1\" loading=\"lazy\" decoding=\"async\" src=\"https:\/\/i0.wp.com\/www.antstore.net\/shop\/images\/icons\/ants\/formicarienart.jpg?resize=30%2C30&#038;ssl=1\" alt=\"\" width=\"30\" height=\"30\" \/><\/td>\n<td><a href=\"https:\/\/antcube.shop\/produkt\/antcube-starter-set-l-20x20-combi\/\">Startsett Combi L<\/a>, <a href=\"https:\/\/antcube.shop\/produkt\/antcube-starter-set-l-20x20-digfix\/\">Startsett Digfix L<\/a>, <a href=\"https:\/\/antcube.shop\/produkt\/antcube-starter-set-l-20x20-gips\/\">Startsett Gips<\/a>, <a href=\"https:\/\/antcube.shop\/produkt\/antcube-starter-set-l-20x20-regenwald\/\">Startsett Habitat Regnskog L<\/a><\/td>\n<\/tr>\n<tr>\n<td><strong>Formicarium st\u00f8rrelse:<\/strong><\/td>\n<td><strong><img data-recalc-dims=\"1\" loading=\"lazy\" decoding=\"async\" src=\"https:\/\/i0.wp.com\/www.antstore.net\/shop\/images\/icons\/ants\/formicariengroesse.jpg?resize=30%2C30&#038;ssl=1\" alt=\"\" width=\"30\" height=\"30\" \/><\/strong><\/td>\n<td><strong>St\u00f8rrelse:<\/strong><span style=\"color: #000000;\"> <strong><span style=\"color: #339966;\">M - L<\/span><\/strong><\/span><\/td>\n<\/tr>\n<tr>\n<td><strong>Underlag:<\/strong><\/td>\n<td><strong><img data-recalc-dims=\"1\" loading=\"lazy\" decoding=\"async\" src=\"https:\/\/i0.wp.com\/www.antstore.net\/shop\/images\/icons\/ants\/substrat.jpg?resize=30%2C30&#038;ssl=1\" alt=\"\" width=\"30\" height=\"30\" \/><\/strong><\/td>\n<td><strong>G\u00e5rd:<\/strong> Sand-leire <strong>Arena: <\/strong>Sand, sandleire<\/td>\n<\/tr>\n<tr>\n<td><strong>Planting:<\/strong><\/td>\n<td><img data-recalc-dims=\"1\" loading=\"lazy\" decoding=\"async\" src=\"https:\/\/i0.wp.com\/www.antstore.net\/shop\/images\/icons\/ants\/bepflanzung.jpg?resize=30%2C30&#038;ssl=1\" alt=\"\" width=\"30\" height=\"30\" \/><\/td>\n<td>ligner p\u00e5 tropisk regnskog med mose og tropiske planter<\/td>\n<\/tr>\n<tr>\n<td><strong>Dekorasjon:<\/strong><\/td>\n<td><img data-recalc-dims=\"1\" loading=\"lazy\" decoding=\"async\" src=\"https:\/\/i0.wp.com\/www.antstore.net\/shop\/images\/icons\/ants\/dekoration.jpg?resize=30%2C30&#038;ssl=1\" alt=\"\" width=\"30\" height=\"30\" \/><\/td>\n<td>Grener, r\u00f8tter, bladavfall<\/td>\n<\/tr>\n<tr>\n<td><strong>Beskrivelse:<\/strong><\/td>\n<td><img data-recalc-dims=\"1\" loading=\"lazy\" decoding=\"async\" src=\"https:\/\/i0.wp.com\/www.antstore.net\/shop\/images\/icons\/ants\/beschreibung.jpg?resize=30%2C30&#038;ssl=1\" alt=\"\" width=\"30\" height=\"30\" \/><\/td>\n<td>Denne arten er litt h\u00e5rete og har et vakkert r\u00f8dlig skj\u00e6r. De har et ganske rolig temperament, men kan reagere panisk p\u00e5 forstyrrelser i reiret. Sm\u00e5 kolonier er egnet for sosialisering med andre maur.<\/td>\n<\/tr>\n<tr>\n<td><strong>utvikling:<\/strong><\/td>\n<td><strong><img data-recalc-dims=\"1\" loading=\"lazy\" decoding=\"async\" src=\"https:\/\/i0.wp.com\/www.antstore.net\/shop\/images\/icons\/ants\/entwicklung.jpg?resize=30%2C30&#038;ssl=1\" alt=\"\" width=\"30\" height=\"30\" \/><\/strong><\/td>\n<td><strong>Bryllupsflyvning: <\/strong>med det f\u00f8rste sommerregnet<br \/>\n<strong>Stiftelsen: <\/strong>claustral (uten f\u00f4ring) <strong>utvikling:<\/strong>\u00a028 dager (avhengig av temperatur)<br \/>\n<strong>Kolonist\u00f8rrelse: <\/strong>opp til noen f\u00e5 1000 individer, kan dronningen bli 25 \u00e5r<\/td>\n<\/tr>\n<tr>\n<td><strong>Mengde:<\/strong><\/td>\n<td><img data-recalc-dims=\"1\" loading=\"lazy\" decoding=\"async\" src=\"https:\/\/i0.wp.com\/www.antstore.net\/shop\/images\/icons\/ants\/menge.jpg?resize=30%2C30&#038;ssl=1\" alt=\"\" width=\"30\" height=\"30\" \/><\/td>\n<td>en befruktet dronning med arbeidere (se utvalg); yngel (avhengig av sesong og utvikling)<\/td>\n<\/tr>\n<tr>\n<td><strong>Nettlenker:<\/strong><\/td>\n<td><a href=\"http:\/\/www.antstore.net\/viewforum.php?f=9\"><span style=\"color: #0000ff;\"><img data-recalc-dims=\"1\" loading=\"lazy\" decoding=\"async\" src=\"https:\/\/i0.wp.com\/www.antstore.net\/shop\/images\/icons\/ants\/weblinks.jpg?resize=30%2C30&#038;ssl=1\" alt=\"\" width=\"30\" height=\"30\" \/><\/span><\/a><\/td>\n<td><a href=\"http:\/\/www.antstore.net\/viewforum.php?f=124\"><span style=\"color: #0000ff;\">- Forum<\/span><\/a><\/p>\n<p><span style=\"color: #0000ff;\"><a href=\"http:\/\/www.antweb.org\/description.do?name=mimicus&amp;genus=myrmecocystus&amp;rank=species&amp;project=bajaants\">- Kildehenvisning<\/a><\/span><\/td>\n<\/tr>\n<\/tbody>\n<\/table>\n<p>&nbsp;<\/p>\n<p>&nbsp;<\/p>","protected":false},"excerpt":{"rendered":"<p>\u00c5 holde niv\u00e5 2 - risikoniv\u00e5 2<br \/>\nSt\u00f8rrelse: <span style=\"font-family: Arial;\"><strong><span style=\"color: #339966;\">M <\/span>- L<\/strong><\/span><\/p>","protected":false},"featured_media":6973,"comment_status":"open","ping_status":"closed","template":"","meta":{"_acf_changed":false,"content-type":"","_monsterinsights_skip_tracking":false,"_monsterinsights_sitenote_active":false,"_monsterinsights_sitenote_note":"","_monsterinsights_sitenote_category":0},"product_brand":[],"product_cat":[107,112],"product_tag":[],"class_list":{"0":"post-3281","1":"product","2":"type-product","3":"status-publish","4":"has-post-thumbnail","6":"product_cat-ants","7":"product_cat-asia","9":"first","10":"instock","11":"product-type-external"},"acf":[],"aioseo_notices":[],"jetpack_sharing_enabled":true,"_links":{"self":[{"href":"https:\/\/antcube.shop\/nb\/wp-json\/wp\/v2\/product\/3281","targetHints":{"allow":["GET"]}}],"collection":[{"href":"https:\/\/antcube.shop\/nb\/wp-json\/wp\/v2\/product"}],"about":[{"href":"https:\/\/antcube.shop\/nb\/wp-json\/wp\/v2\/types\/product"}],"replies":[{"embeddable":true,"href":"https:\/\/antcube.shop\/nb\/wp-json\/wp\/v2\/comments?post=3281"}],"wp:featuredmedia":[{"embeddable":true,"href":"https:\/\/antcube.shop\/nb\/wp-json\/wp\/v2\/media\/6973"}],"wp:attachment":[{"href":"https:\/\/antcube.shop\/nb\/wp-json\/wp\/v2\/media?parent=3281"}],"wp:term":[{"taxonomy":"product_brand","embeddable":true,"href":"https:\/\/antcube.shop\/nb\/wp-json\/wp\/v2\/product_brand?post=3281"},{"taxonomy":"product_cat","embeddable":true,"href":"https:\/\/antcube.shop\/nb\/wp-json\/wp\/v2\/product_cat?post=3281"},{"taxonomy":"product_tag","embeddable":true,"href":"https:\/\/antcube.shop\/nb\/wp-json\/wp\/v2\/product_tag?post=3281"}],"curies":[{"name":"wp","href":"https:\/\/api.w.org\/{rel}","templated":true}]}}