{"id":3166,"date":"2021-11-08T10:47:34","date_gmt":"2021-11-08T09:47:34","guid":{"rendered":"https:\/\/antcube.shop\/produkt\/fotoruckwand-wiese-20x20-cube\/"},"modified":"2026-04-05T10:26:19","modified_gmt":"2026-04-05T08:26:19","slug":"fotoruckwand-wiese-20x20-kube","status":"publish","type":"product","link":"https:\/\/antcube.shop\/nb\/produkt\/fotoruckwand-wiese-20x20-kube\/","title":{"rendered":"Foto bakvegg - Eng - 20\u00d720 - Cube"},"content":{"rendered":"<p><strong>Dimensjoner:<\/strong> 20x20cm<\/p>\n<p><strong>Materiell:<\/strong> Glanset foliepapir<\/p>\n<p><strong>Innhold:<\/strong> 1x foto bakvegg<\/p>\n<p><strong>Beskrivelse:<\/strong> Denne fotobakveggen er limt p\u00e5 baksiden av formicariumet fra utsiden for \u00e5 gi inntrykk av et milj\u00f8 som tilsvarer maurens naturlige habitat.<\/p>","protected":false},"excerpt":{"rendered":"<p>Dimensjoner: 20x20cm\r\n\r\nMateriale: Glanset foliepapir\r\n\r\nInnhold: 1x foto bakvegg\r\n\r\nBeskrivelse: Denne fotobakveggen er limt p\u00e5 formicariumet fra utsiden for \u00e5 gi inntrykk av et milj\u00f8 som tilsvarer maurens naturlige habitat.<\/p>","protected":false},"featured_media":3134,"comment_status":"open","ping_status":"closed","template":"","meta":{"_acf_changed":false,"content-type":"","_monsterinsights_skip_tracking":false,"_monsterinsights_sitenote_active":false,"_monsterinsights_sitenote_note":"","_monsterinsights_sitenote_category":0},"product_brand":[],"product_cat":[97,103],"product_tag":[],"class_list":{"0":"post-3166","1":"product","2":"type-product","3":"status-publish","4":"has-post-thumbnail","6":"product_cat-photo-backwalls","7":"product_cat-meadow-photo-backwall","9":"first","10":"instock","11":"taxable","12":"shipping-taxable","13":"purchasable","14":"product-type-simple"},"acf":[],"aioseo_notices":[],"jetpack_sharing_enabled":true,"_links":{"self":[{"href":"https:\/\/antcube.shop\/nb\/wp-json\/wp\/v2\/product\/3166","targetHints":{"allow":["GET"]}}],"collection":[{"href":"https:\/\/antcube.shop\/nb\/wp-json\/wp\/v2\/product"}],"about":[{"href":"https:\/\/antcube.shop\/nb\/wp-json\/wp\/v2\/types\/product"}],"replies":[{"embeddable":true,"href":"https:\/\/antcube.shop\/nb\/wp-json\/wp\/v2\/comments?post=3166"}],"wp:featuredmedia":[{"embeddable":true,"href":"https:\/\/antcube.shop\/nb\/wp-json\/wp\/v2\/media\/3134"}],"wp:attachment":[{"href":"https:\/\/antcube.shop\/nb\/wp-json\/wp\/v2\/media?parent=3166"}],"wp:term":[{"taxonomy":"product_brand","embeddable":true,"href":"https:\/\/antcube.shop\/nb\/wp-json\/wp\/v2\/product_brand?post=3166"},{"taxonomy":"product_cat","embeddable":true,"href":"https:\/\/antcube.shop\/nb\/wp-json\/wp\/v2\/product_cat?post=3166"},{"taxonomy":"product_tag","embeddable":true,"href":"https:\/\/antcube.shop\/nb\/wp-json\/wp\/v2\/product_tag?post=3166"}],"curies":[{"name":"wp","href":"https:\/\/api.w.org\/{rel}","templated":true}]}}