{"id":3162,"date":"2021-11-08T10:46:52","date_gmt":"2021-11-08T09:46:52","guid":{"rendered":"https:\/\/antcube.shop\/produkt\/antcube-eck-plattform-8x8-magnet\/"},"modified":"2026-04-14T14:05:22","modified_gmt":"2026-04-14T12:05:22","slug":"antcube-eck-plattform-8x8-magnet","status":"publish","type":"product","link":"https:\/\/antcube.shop\/nb\/produkt\/antcube-eck-plattform-8x8-magnet\/","title":{"rendered":"ANTCUBE hj\u00f8rneplattform 8 \u00d7 8 - magnetisk"},"content":{"rendered":"<p><strong>Dimensjoner:<\/strong> 80 x 80 x 22 mm<\/p>\n<p><strong>Materiell:<\/strong> akrylglass<\/p>\n<p><strong>Farge:<\/strong> gjennomsiktig<\/p>\n<p><strong>Innhold:<\/strong> 1 stk (3 deler)<\/p>\n<p><strong>Beskrivelse:<\/strong><br \/>\nANTCUBE hj\u00f8rneplattform 8\u00d78 - magnetisk kan festes i ethvert formicarium ved hjelp av magnetene. Det er spesielt egnet i v\u00e5re h\u00f8yere ANTCUBE formicarium for \u00e5 plassere matere, sk\u00e5ler eller drikkere p\u00e5 den.<br \/>\nANTCUBE Hj\u00f8rneplattform 8\u00d78 - Magnetisk kan flyttes til \u00f8nsket h\u00f8yde eller dybde ved \u00e5 feste den fra utsiden ved hjelp av magnetene.<\/p>\n<p><strong>Merknad:<\/strong><br \/>\nP\u00e5 grunn av produksjonsprosessen kan det v\u00e6re sm\u00e5 til middels sprekker p\u00e5 magnetdelene.<\/p>\n<p>&nbsp;<\/p>","protected":false},"excerpt":{"rendered":"<p>Dimensjoner: 80 x 80 x 22 mm Materiale: akrylglass Farge: gjennomsiktig Innhold: 1 stk (3 deler) Beskrivelse: ANTCUBE hj\u00f8rneplattform 8x8 - magnetisk kan festes i ethvert formicarium ved hjelp av magnetene. Det er spesielt egnet i v\u00e5re h\u00f8yere ANTCUBE formicarium for \u00e5 plassere matere, boller eller drikkere p\u00e5 den. Den","protected":false},"featured_media":3140,"comment_status":"open","ping_status":"closed","template":"","meta":{"_acf_changed":false,"content-type":"","_monsterinsights_skip_tracking":false,"_monsterinsights_sitenote_active":false,"_monsterinsights_sitenote_note":"","_monsterinsights_sitenote_category":0},"product_brand":[],"product_cat":[119,239],"product_tag":[],"class_list":{"0":"post-3162","1":"product","2":"type-product","3":"status-publish","4":"has-post-thumbnail","6":"product_cat-formicarium-components","7":"product_cat-useful-additions","9":"first","10":"instock","11":"taxable","12":"shipping-taxable","13":"purchasable","14":"product-type-simple"},"acf":[],"aioseo_notices":[],"jetpack_sharing_enabled":true,"_links":{"self":[{"href":"https:\/\/antcube.shop\/nb\/wp-json\/wp\/v2\/product\/3162","targetHints":{"allow":["GET"]}}],"collection":[{"href":"https:\/\/antcube.shop\/nb\/wp-json\/wp\/v2\/product"}],"about":[{"href":"https:\/\/antcube.shop\/nb\/wp-json\/wp\/v2\/types\/product"}],"replies":[{"embeddable":true,"href":"https:\/\/antcube.shop\/nb\/wp-json\/wp\/v2\/comments?post=3162"}],"wp:featuredmedia":[{"embeddable":true,"href":"https:\/\/antcube.shop\/nb\/wp-json\/wp\/v2\/media\/3140"}],"wp:attachment":[{"href":"https:\/\/antcube.shop\/nb\/wp-json\/wp\/v2\/media?parent=3162"}],"wp:term":[{"taxonomy":"product_brand","embeddable":true,"href":"https:\/\/antcube.shop\/nb\/wp-json\/wp\/v2\/product_brand?post=3162"},{"taxonomy":"product_cat","embeddable":true,"href":"https:\/\/antcube.shop\/nb\/wp-json\/wp\/v2\/product_cat?post=3162"},{"taxonomy":"product_tag","embeddable":true,"href":"https:\/\/antcube.shop\/nb\/wp-json\/wp\/v2\/product_tag?post=3162"}],"curies":[{"name":"wp","href":"https:\/\/api.w.org\/{rel}","templated":true}]}}