{"id":3160,"date":"2021-11-08T10:46:36","date_gmt":"2021-11-08T09:46:36","guid":{"rendered":"https:\/\/antcube.shop\/produkt\/sonnenblumenblutenblatter-100g-getrocknet\/"},"modified":"2026-04-07T13:50:22","modified_gmt":"2026-04-07T11:50:22","slug":"solsikke-kronblad-100g-torket","status":"publish","type":"product","link":"https:\/\/antcube.shop\/nb\/produkt\/solsikke-kronblad-100g-torket\/","title":{"rendered":"Solsikkeblader 100g - t\u00f8rket"},"content":{"rendered":"<p><strong>Innhold:<\/strong><br \/>\n100 g t\u00f8rkede solsikkeblader.<\/p>\n<p><strong>Beskrivelse:<\/strong><br \/>\nSolsikkeblader som n\u00e6ringsmedium for soppdyrkende maurarter. Det er et rent naturprodukt.<\/p>\n<p><strong>Bruk:<\/strong><br \/>\nSolsikkeblader = for soppavlende maurarter.<br \/>\nDe t\u00f8rre blomstene tjener bare som grobunn for soppen til bladskj\u00e6rermaur (det anbefales \u00e5 tilby friske blader som fuktighetskrem samtidig).<br \/>\nBare legg kronbladene som skal mates i et t\u00f8rt matkammer.<\/p>\n<p><strong>Lagring:<\/strong><br \/>\nI t\u00f8rre omgivelser<\/p>\n<p><strong>Inneholder:<\/strong><br \/>\n100% t\u00f8rkede solsikkeblader.<\/p>","protected":false},"excerpt":{"rendered":"<p>Contents: 100g dried sunflower petals. Description: Sunflower petals as a nutrient medium for fungus growing ant species. It is a purely natural product. Usage: Sunflower petals = for fungus breeding ant species. The dry petals only serve as a breeding ground for the fungus of leafcutter ants (offering fresh leafs as a moisturizer at the [&#8230;]","protected":false},"featured_media":10875,"comment_status":"open","ping_status":"closed","template":"","meta":{"_acf_changed":false,"content-type":"","_monsterinsights_skip_tracking":false,"_monsterinsights_sitenote_active":false,"_monsterinsights_sitenote_note":"","_monsterinsights_sitenote_category":0},"product_brand":[],"product_cat":[115,116],"product_tag":[],"class_list":{"0":"post-3160","1":"product","2":"type-product","3":"status-publish","4":"has-post-thumbnail","6":"product_cat-food-and-feeding","7":"product_cat-food","9":"first","10":"instock","11":"taxable","12":"shipping-taxable","13":"purchasable","14":"product-type-simple"},"acf":[],"aioseo_notices":[],"jetpack_sharing_enabled":true,"_links":{"self":[{"href":"https:\/\/antcube.shop\/nb\/wp-json\/wp\/v2\/product\/3160","targetHints":{"allow":["GET"]}}],"collection":[{"href":"https:\/\/antcube.shop\/nb\/wp-json\/wp\/v2\/product"}],"about":[{"href":"https:\/\/antcube.shop\/nb\/wp-json\/wp\/v2\/types\/product"}],"replies":[{"embeddable":true,"href":"https:\/\/antcube.shop\/nb\/wp-json\/wp\/v2\/comments?post=3160"}],"wp:featuredmedia":[{"embeddable":true,"href":"https:\/\/antcube.shop\/nb\/wp-json\/wp\/v2\/media\/10875"}],"wp:attachment":[{"href":"https:\/\/antcube.shop\/nb\/wp-json\/wp\/v2\/media?parent=3160"}],"wp:term":[{"taxonomy":"product_brand","embeddable":true,"href":"https:\/\/antcube.shop\/nb\/wp-json\/wp\/v2\/product_brand?post=3160"},{"taxonomy":"product_cat","embeddable":true,"href":"https:\/\/antcube.shop\/nb\/wp-json\/wp\/v2\/product_cat?post=3160"},{"taxonomy":"product_tag","embeddable":true,"href":"https:\/\/antcube.shop\/nb\/wp-json\/wp\/v2\/product_tag?post=3160"}],"curies":[{"name":"wp","href":"https:\/\/api.w.org\/{rel}","templated":true}]}}