{"id":3158,"date":"2021-11-08T10:46:20","date_gmt":"2021-11-08T09:46:20","guid":{"rendered":"https:\/\/antcube.shop\/produkt\/zuckerlosung-in-2ml-futterrohrchen-10-st\/"},"modified":"2026-04-03T11:58:54","modified_gmt":"2026-04-03T09:58:54","slug":"sukkeropplosning-i-2ml-tilforselsslanger","status":"publish","type":"product","link":"https:\/\/antcube.shop\/nb\/produkt\/sukkeropplosning-i-2ml-tilforselsslanger\/","title":{"rendered":"Sukkeroppl\u00f8sning i 2 ml tilf\u00f8rselsslanger - 10 stk."},"content":{"rendered":"<p><strong>Innhold:<\/strong> 10x 2 ml<\/p>\n<p><strong>Beskrivelse:<\/strong> Sukkerl\u00f8sningen er et tilleggsf\u00f4r til annet f\u00f4r.<\/p>\n<p><strong>Bruk:<\/strong><br \/>\nSukkerl\u00f8sning = for sukkerspisende maurarter.<br \/>\nDet er et tilleggsf\u00f4r (enkeltf\u00f4r).<br \/>\nDet kan tilbys dyrene i levert tilstand. Det kan brukes til sukkeret har t\u00f8rket opp. Rengj\u00f8r f\u00f4rsk\u00e5len\/r\u00f8ret grundig f\u00f8r det brukes p\u00e5 nytt.<br \/>\nEn \u00e5pnet pakning kan brukes tett lukket til den angitte holdbarhetsdatoen.<\/p>\n<p><strong>Inneholder:<\/strong><br \/>\nInvertsukker 55%<br \/>\nSukrose 45%<\/p>\n<p><strong>Lagring:<\/strong> for \u00e5 sikre kvaliteten p\u00e5 f\u00f4ret, b\u00f8r det oppbevares p\u00e5 et m\u00f8rkt og t\u00f8rt sted.<\/p>\n<p><strong>Merknad:<\/strong><br \/>\nInformasjon om hvordan du bruker f\u00f4rslangene finner du her: Lenke<br \/>\nSe pakningsvedlegget for sammensetning, analytiske ingredienser, holdbarhetsdato og partinummer.<\/p>\n<p>Informasjonstelefon +49 30 439703870<\/p>\n<p>Ansvarlig veterin\u00e6r- og n\u00e6ringsmiddeltilsynsmyndighet:<br \/>\nSteglitz veterin\u00e6rkontor<br \/>\nK\u00f6nigin-Luise-Str. 92<br \/>\n14195 Berlin<\/p>","protected":false},"excerpt":{"rendered":"<p>Supplerende mat<\/p>","protected":false},"featured_media":3147,"comment_status":"open","ping_status":"closed","template":"","meta":{"_acf_changed":false,"content-type":"","_monsterinsights_skip_tracking":false,"_monsterinsights_sitenote_active":false,"_monsterinsights_sitenote_note":"","_monsterinsights_sitenote_category":0},"product_brand":[],"product_cat":[115,116],"product_tag":[],"class_list":{"0":"post-3158","1":"product","2":"type-product","3":"status-publish","4":"has-post-thumbnail","6":"product_cat-food-and-feeding","7":"product_cat-food","9":"first","10":"instock","11":"taxable","12":"shipping-taxable","13":"purchasable","14":"product-type-simple"},"acf":[],"aioseo_notices":[],"jetpack_sharing_enabled":true,"_links":{"self":[{"href":"https:\/\/antcube.shop\/nb\/wp-json\/wp\/v2\/product\/3158","targetHints":{"allow":["GET"]}}],"collection":[{"href":"https:\/\/antcube.shop\/nb\/wp-json\/wp\/v2\/product"}],"about":[{"href":"https:\/\/antcube.shop\/nb\/wp-json\/wp\/v2\/types\/product"}],"replies":[{"embeddable":true,"href":"https:\/\/antcube.shop\/nb\/wp-json\/wp\/v2\/comments?post=3158"}],"wp:featuredmedia":[{"embeddable":true,"href":"https:\/\/antcube.shop\/nb\/wp-json\/wp\/v2\/media\/3147"}],"wp:attachment":[{"href":"https:\/\/antcube.shop\/nb\/wp-json\/wp\/v2\/media?parent=3158"}],"wp:term":[{"taxonomy":"product_brand","embeddable":true,"href":"https:\/\/antcube.shop\/nb\/wp-json\/wp\/v2\/product_brand?post=3158"},{"taxonomy":"product_cat","embeddable":true,"href":"https:\/\/antcube.shop\/nb\/wp-json\/wp\/v2\/product_cat?post=3158"},{"taxonomy":"product_tag","embeddable":true,"href":"https:\/\/antcube.shop\/nb\/wp-json\/wp\/v2\/product_tag?post=3158"}],"curies":[{"name":"wp","href":"https:\/\/api.w.org\/{rel}","templated":true}]}}