{"id":3157,"date":"2021-11-08T10:46:12","date_gmt":"2021-11-08T09:46:12","guid":{"rendered":"https:\/\/antcube.shop\/produkt\/kornerfutter-minor-in-2ml-futterrohrchen-10-st\/"},"modified":"2026-04-04T10:11:11","modified_gmt":"2026-04-04T08:11:11","slug":"korn-mat-mindre-i-2ml-foringstuber","status":"publish","type":"product","link":"https:\/\/antcube.shop\/nb\/produkt\/korn-mat-mindre-i-2ml-foringstuber\/","title":{"rendered":"Kornmat Minor i 2 ml ern\u00e6ringsslanger - 10 stk."},"content":{"rendered":"<p><strong>Innhold:<\/strong> 10x 2 ml<\/p>\n<p><strong>Beskrivelse:<\/strong> Fine korn\/fr\u00f8 til unge kolonier av kornsamlende maurarter som slekten Messor, som fortsatt hovedsakelig inneholder mindre arbeidere.<\/p>\n<p><strong>Bruksomr\u00e5de:<\/strong> Matr\u00f8ret kan plasseres som en helhet i formicariumet, alternativt tilsettes mindre mengder i en matsk\u00e5l etter behov \/ i henhold til kolonist\u00f8rrelsen. Kornf\u00f4r aksepteres f\u00f8rst og fremst av kornsamlende arter som arter av slekten Messor eller ogs\u00e5 Pheidole.<\/p>\n<p><strong>Merknad:<\/strong><br \/>\nInformasjon om bruk av ern\u00e6ringssonde finner du her: Lenke<br \/>\nTilleggsf\u00f4r for kornspisende maur.<br \/>\nSe pakningsvedlegget for sammensetning, analysekomponenter, holdbarhetsdato og lotnummer.<\/p>\n<p>Informasjonstelefon +49 30 439703870<\/p>\n<p>Ansvarlig veterin\u00e6r- og n\u00e6ringsmiddeltilsynsmyndighet:<br \/>\nSteglitz veterin\u00e6rkontor<br \/>\nK\u00f6nigin-Luise-Str. 92<br \/>\n14195 Berlin<\/p>","protected":false},"excerpt":{"rendered":"<p>Supplerende mat<\/p>","protected":false},"featured_media":3149,"comment_status":"open","ping_status":"closed","template":"","meta":{"_acf_changed":false,"content-type":"","_monsterinsights_skip_tracking":false,"_monsterinsights_sitenote_active":false,"_monsterinsights_sitenote_note":"","_monsterinsights_sitenote_category":0},"product_brand":[],"product_cat":[115,116],"product_tag":[],"class_list":{"0":"post-3157","1":"product","2":"type-product","3":"status-publish","4":"has-post-thumbnail","6":"product_cat-food-and-feeding","7":"product_cat-food","9":"first","10":"instock","11":"taxable","12":"shipping-taxable","13":"purchasable","14":"product-type-simple"},"acf":[],"aioseo_notices":[],"jetpack_sharing_enabled":true,"_links":{"self":[{"href":"https:\/\/antcube.shop\/nb\/wp-json\/wp\/v2\/product\/3157","targetHints":{"allow":["GET"]}}],"collection":[{"href":"https:\/\/antcube.shop\/nb\/wp-json\/wp\/v2\/product"}],"about":[{"href":"https:\/\/antcube.shop\/nb\/wp-json\/wp\/v2\/types\/product"}],"replies":[{"embeddable":true,"href":"https:\/\/antcube.shop\/nb\/wp-json\/wp\/v2\/comments?post=3157"}],"wp:featuredmedia":[{"embeddable":true,"href":"https:\/\/antcube.shop\/nb\/wp-json\/wp\/v2\/media\/3149"}],"wp:attachment":[{"href":"https:\/\/antcube.shop\/nb\/wp-json\/wp\/v2\/media?parent=3157"}],"wp:term":[{"taxonomy":"product_brand","embeddable":true,"href":"https:\/\/antcube.shop\/nb\/wp-json\/wp\/v2\/product_brand?post=3157"},{"taxonomy":"product_cat","embeddable":true,"href":"https:\/\/antcube.shop\/nb\/wp-json\/wp\/v2\/product_cat?post=3157"},{"taxonomy":"product_tag","embeddable":true,"href":"https:\/\/antcube.shop\/nb\/wp-json\/wp\/v2\/product_tag?post=3157"}],"curies":[{"name":"wp","href":"https:\/\/api.w.org\/{rel}","templated":true}]}}