{"id":3152,"date":"2021-11-08T10:45:38","date_gmt":"2021-11-08T09:45:38","guid":{"rendered":"https:\/\/antcube.shop\/produkt\/antcube-ameisenfarm-xl-20x20-stehend\/"},"modified":"2026-04-10T09:16:05","modified_gmt":"2026-04-10T07:16:05","slug":"antcube-ameisenfarm-xl-20x20-stehend","status":"publish","type":"product","link":"https:\/\/antcube.shop\/nb\/produkt\/antcube-ameisenfarm-xl-20x20-stehend\/","title":{"rendered":"ANTCUBE - maurfarm - L - 20\u00d720 - st\u00e5ende"},"content":{"rendered":"<p><strong>Dimensjoner (LxBxH):<\/strong><br \/>\nutvendig: 190x58x199 mm<br \/>\ninnvendig: 184x50x190 mm<\/p>\n<p><strong>Materiell:<\/strong><br \/>\nFlyteglass, plast<\/p>\n<p><strong>Farge:<\/strong><br \/>\nkrystallklart<\/p>\n<p><strong>Innhold:<\/strong><br \/>\n1x ANTCUBE maurfarm - 52 mm plateavstand.<br \/>\n1x Maur farm deksel XL 20\u00d76<br \/>\n2x plugg 4mm<\/p>\n<p><strong>Forbindelse:<\/strong><br \/>\nP\u00e5 begge sider finner du et 27 mm hull, slik at denne g\u00e5rden kan kobles til med en 28 mm slange eller v\u00e5r \"tankkobling med slange for 27 mm hull\".<br \/>\n2x 4mm hull med 4mm plugger.<\/p>\n<p><strong>Beskrivelse:<\/strong><br \/>\nDenne helt gjennomsiktige maurfarmen er egnet for <strong>XL<\/strong> st\u00f8rrelse maurart.<\/p>\n<p><strong>Merknader om produksjon<\/strong><br \/>\nGlasset er sk\u00e5ret i henhold til DIN 1249 med en toleranse p\u00e5 +\/- 1 mm. For ekstremt sm\u00e5 maurarter er en ekstra utbruddsbeskyttelse viktig.<\/p>\n<p><strong>Merknad om g\u00e5rden<\/strong><br \/>\nV\u00e6r oppmerksom p\u00e5 f\u00f8lgende n\u00e5r du fester slangene:<br \/>\nHvis slangen er sv\u00e6rt vanskelig \u00e5 montere p\u00e5 koblingshylsen, b\u00f8r hylsen gnides lett med en dr\u00e5pe av v\u00e5r breakoutbeskyttelsesolje eller pulver. Slangen skal deretter skyves p\u00e5 gjennomf\u00f8ringen ved \u00e5 vri eller skru bevegelser, uten \u00e5 belaste gjennomf\u00f8ringen med bevegelser opp og ned.<\/p>","protected":false},"excerpt":{"rendered":"<p>St\u00f8rrelse: <span style=\"font-size: small;\"><span style=\"font-family: Arial;\"><strong>XL<\/strong><\/span><\/span><\/p>","protected":false},"featured_media":3129,"comment_status":"open","ping_status":"closed","template":"","meta":{"_acf_changed":false,"content-type":"","_monsterinsights_skip_tracking":false,"_monsterinsights_sitenote_active":false,"_monsterinsights_sitenote_note":"","_monsterinsights_sitenote_category":0},"product_brand":[],"product_cat":[80,84],"product_tag":[],"class_list":{"0":"post-3152","1":"product","2":"type-product","3":"status-publish","4":"has-post-thumbnail","6":"product_cat-antfarms","7":"product_cat-antfarms-xl","9":"first","10":"instock","11":"taxable","12":"shipping-taxable","13":"purchasable","14":"product-type-simple"},"acf":[],"aioseo_notices":[],"jetpack_sharing_enabled":true,"_links":{"self":[{"href":"https:\/\/antcube.shop\/nb\/wp-json\/wp\/v2\/product\/3152","targetHints":{"allow":["GET"]}}],"collection":[{"href":"https:\/\/antcube.shop\/nb\/wp-json\/wp\/v2\/product"}],"about":[{"href":"https:\/\/antcube.shop\/nb\/wp-json\/wp\/v2\/types\/product"}],"replies":[{"embeddable":true,"href":"https:\/\/antcube.shop\/nb\/wp-json\/wp\/v2\/comments?post=3152"}],"wp:featuredmedia":[{"embeddable":true,"href":"https:\/\/antcube.shop\/nb\/wp-json\/wp\/v2\/media\/3129"}],"wp:attachment":[{"href":"https:\/\/antcube.shop\/nb\/wp-json\/wp\/v2\/media?parent=3152"}],"wp:term":[{"taxonomy":"product_brand","embeddable":true,"href":"https:\/\/antcube.shop\/nb\/wp-json\/wp\/v2\/product_brand?post=3152"},{"taxonomy":"product_cat","embeddable":true,"href":"https:\/\/antcube.shop\/nb\/wp-json\/wp\/v2\/product_cat?post=3152"},{"taxonomy":"product_tag","embeddable":true,"href":"https:\/\/antcube.shop\/nb\/wp-json\/wp\/v2\/product_tag?post=3152"}],"curies":[{"name":"wp","href":"https:\/\/api.w.org\/{rel}","templated":true}]}}