{"id":2871,"date":"2021-10-13T18:46:51","date_gmt":"2021-10-13T16:46:51","guid":{"rendered":"https:\/\/antcube.shop\/produkt\/beckenverbinder-b-27-und-s-10-16-mm-m25-set\/"},"modified":"2026-04-04T20:31:08","modified_gmt":"2026-04-04T18:31:08","slug":"beckenverbinder-b-27-und-s-10-16-mm-m25-set","status":"publish","type":"product","link":"https:\/\/antcube.shop\/nb\/produkt\/beckenverbinder-b-27-und-s-10-16-mm-m25-set\/","title":{"rendered":"Bassenget kobling B-27 og S-10-16 mm M25 - sett"},"content":{"rendered":"<p><strong>Dimensjoner:<\/strong> for boring 27 og slange 10-16 mm<\/p>\n<p><strong>Innhold:<\/strong><br \/>\n1x skrueadapter<br \/>\n1x l\u00e5semutter<\/p>\n<p><strong>Beskrivelse:<\/strong> Denne kumkoblingen settes inn gjennom hullet og skrus fast med den vedlagte l\u00e5semutteren. Dette sikrer at forbindelsen er bruddsikker og ogs\u00e5 holder sikkert ved flytting av bassengene. En passende slange settes inn i den andre enden.<\/p>","protected":false},"excerpt":{"rendered":"<p>Dimensjoner: for boring 27 og slange 10-16 mm\r\n\r\nInnhold:\r\n1x skrueadapter\r\n1x l\u00e5semutter\r\n\r\nBeskrivelse: Denne kumkoblingen settes inn gjennom hullet og skrus fast med den vedlagte l\u00e5semutteren. Dette sikrer at forbindelsen er bruddsikker og ogs\u00e5 holder sikkert n\u00e5r du flytter bassengene. En passende slange settes inn i den andre enden.<\/p>","protected":false},"featured_media":2991,"comment_status":"open","ping_status":"closed","template":"","meta":{"_acf_changed":false,"content-type":"","_monsterinsights_skip_tracking":false,"_monsterinsights_sitenote_active":false,"_monsterinsights_sitenote_note":"","_monsterinsights_sitenote_category":0},"product_brand":[],"product_cat":[121],"product_tag":[],"class_list":{"0":"post-2871","1":"product","2":"type-product","3":"status-publish","4":"has-post-thumbnail","6":"product_cat-connectors","8":"first","9":"instock","10":"taxable","11":"shipping-taxable","12":"purchasable","13":"product-type-simple"},"acf":[],"aioseo_notices":[],"jetpack_sharing_enabled":true,"_links":{"self":[{"href":"https:\/\/antcube.shop\/nb\/wp-json\/wp\/v2\/product\/2871","targetHints":{"allow":["GET"]}}],"collection":[{"href":"https:\/\/antcube.shop\/nb\/wp-json\/wp\/v2\/product"}],"about":[{"href":"https:\/\/antcube.shop\/nb\/wp-json\/wp\/v2\/types\/product"}],"replies":[{"embeddable":true,"href":"https:\/\/antcube.shop\/nb\/wp-json\/wp\/v2\/comments?post=2871"}],"wp:featuredmedia":[{"embeddable":true,"href":"https:\/\/antcube.shop\/nb\/wp-json\/wp\/v2\/media\/2991"}],"wp:attachment":[{"href":"https:\/\/antcube.shop\/nb\/wp-json\/wp\/v2\/media?parent=2871"}],"wp:term":[{"taxonomy":"product_brand","embeddable":true,"href":"https:\/\/antcube.shop\/nb\/wp-json\/wp\/v2\/product_brand?post=2871"},{"taxonomy":"product_cat","embeddable":true,"href":"https:\/\/antcube.shop\/nb\/wp-json\/wp\/v2\/product_cat?post=2871"},{"taxonomy":"product_tag","embeddable":true,"href":"https:\/\/antcube.shop\/nb\/wp-json\/wp\/v2\/product_tag?post=2871"}],"curies":[{"name":"wp","href":"https:\/\/api.w.org\/{rel}","templated":true}]}}