{"id":2870,"date":"2021-10-13T18:46:41","date_gmt":"2021-10-13T16:46:41","guid":{"rendered":"https:\/\/antcube.shop\/produkt\/formicarienunterlage-20x20cm\/"},"modified":"2026-04-10T18:11:20","modified_gmt":"2026-04-10T16:11:20","slug":"formicarienunterlage-20x20cm","status":"publish","type":"product","link":"https:\/\/antcube.shop\/nb\/produkt\/formicarienunterlage-20x20cm\/","title":{"rendered":"Formicarium pute - 20x20cm"},"content":{"rendered":"<p><strong>Dimensjoner:<\/strong> 200 x 200 x 4 mm<\/p>\n<p><strong>Materiell:<\/strong> PE-skum<\/p>\n<p><strong>Farge:<\/strong> gr\u00e5<\/p>\n<p><strong>Innhold:<\/strong> 1 stk.<\/p>\n<p><strong>Beskrivelse:<\/strong><br \/>\nFormicarium-puten er laget av et mykt skummateriale.<br \/>\nDet beskytter formicariumet s\u00e5 vel som m\u00f8belet som formicariumet st\u00e5r p\u00e5, mot riper.<br \/>\nI tillegg fungerer puten som en termisk isolasjon for \u00e5 kompensere for de minste ujevnheter og beskytter ogs\u00e5 mot vibrasjoner.<\/p>","protected":false},"excerpt":{"rendered":"<p>Dimensjoner: 400 x 200 x 4 mm Materiale: PE-skum Farge: gr\u00e5 Innhold: 1 stk. Beskrivelse: Formicarium-puten er laget av et mykt skummateriale. Den beskytter formicariumet s\u00e5 vel som m\u00f8belet som formicariumet st\u00e5r p\u00e5, mot riper. I tillegg fungerer puten som en termisk isolasjon for \u00e5 kompensere for","protected":false},"featured_media":313,"comment_status":"open","ping_status":"closed","template":"","meta":{"_acf_changed":false,"content-type":"","_monsterinsights_skip_tracking":false,"_monsterinsights_sitenote_active":false,"_monsterinsights_sitenote_note":"","_monsterinsights_sitenote_category":0},"product_brand":[],"product_cat":[119,239],"product_tag":[],"class_list":{"0":"post-2870","1":"product","2":"type-product","3":"status-publish","4":"has-post-thumbnail","6":"product_cat-formicarium-components","7":"product_cat-useful-additions","9":"first","10":"instock","11":"taxable","12":"shipping-taxable","13":"purchasable","14":"product-type-simple"},"acf":[],"aioseo_notices":[],"jetpack_sharing_enabled":true,"_links":{"self":[{"href":"https:\/\/antcube.shop\/nb\/wp-json\/wp\/v2\/product\/2870","targetHints":{"allow":["GET"]}}],"collection":[{"href":"https:\/\/antcube.shop\/nb\/wp-json\/wp\/v2\/product"}],"about":[{"href":"https:\/\/antcube.shop\/nb\/wp-json\/wp\/v2\/types\/product"}],"replies":[{"embeddable":true,"href":"https:\/\/antcube.shop\/nb\/wp-json\/wp\/v2\/comments?post=2870"}],"wp:featuredmedia":[{"embeddable":true,"href":"https:\/\/antcube.shop\/nb\/wp-json\/wp\/v2\/media\/313"}],"wp:attachment":[{"href":"https:\/\/antcube.shop\/nb\/wp-json\/wp\/v2\/media?parent=2870"}],"wp:term":[{"taxonomy":"product_brand","embeddable":true,"href":"https:\/\/antcube.shop\/nb\/wp-json\/wp\/v2\/product_brand?post=2870"},{"taxonomy":"product_cat","embeddable":true,"href":"https:\/\/antcube.shop\/nb\/wp-json\/wp\/v2\/product_cat?post=2870"},{"taxonomy":"product_tag","embeddable":true,"href":"https:\/\/antcube.shop\/nb\/wp-json\/wp\/v2\/product_tag?post=2870"}],"curies":[{"name":"wp","href":"https:\/\/api.w.org\/{rel}","templated":true}]}}