{"id":2869,"date":"2021-10-13T18:46:31","date_gmt":"2021-10-13T16:46:31","guid":{"rendered":"https:\/\/antcube.shop\/produkt\/antcube-gipsnest-20x20-liegend\/"},"modified":"2026-03-30T20:07:30","modified_gmt":"2026-03-30T18:07:30","slug":"antcube-gipsnest-20x20-liegend","status":"publish","type":"product","link":"https:\/\/antcube.shop\/nb\/produkt\/antcube-gipsnest-20x20-liegend\/","title":{"rendered":"ANTCUBE - gipsnest 20\u00d720 - liggende"},"content":{"rendered":"<p><strong>Dimensjoner:<\/strong><br \/>\n<strong>Gipsreir: <\/strong>190 x 190 x 20 mm<br \/>\n<strong>Glassdeksel:<\/strong> 179 x 179 x 4 mm<\/p>\n<p><strong>Materiell:<\/strong> Gips<\/p>\n<p><strong>Innhold:<\/strong><br \/>\n1x gipsnest 20\u00d720 med to tilkoblingshylser M 10\/08<br \/>\n1x glassdeksel med 50 mm hull<br \/>\n1x akryl - ring 50mm for 27mm hull<br \/>\n1x Formicarium base 20\u00d720<br \/>\n2x gitterhette - 10 mm - rustfritt st\u00e5l<br \/>\n1x gitterinnsats - 27mm - rustfritt st\u00e5l<\/p>\n<p><strong>Beskrivelse:<\/strong> V\u00e5rt gipsreir med prefabrikkerte passasjer og kamre er egnet for mange maurarter, spesielt for arter som bygger reirene sine i veldig sand eller steinete jord. Den har to tilkoblingskontakter som tilgang til reiret. Gips har egenskapen til \u00e5 absorbere vann, s\u00e5 en viss mengde fuktighet lagres. Likevel b\u00f8r gipsreiret ikke brukes permanent fuktig fordi det ellers kan f\u00f8re til mugg (av matrester eller ekskrementer fra maurene). Derfor, hvis mulig, b\u00f8r arter fra ganske t\u00f8rre regioner holdes her. Dette vil for eksempel v\u00e6re arter fra Middelhavet eller \u00f8rkenregioner.<\/p>\n<p><strong>Merk:<\/strong> P\u00e5 grunn av konstruksjonen er de ikke egnet for veldig sm\u00e5 arter (f.eks.: Pheidole-arter, Temnothorax-arter), hull p\u00e5 0,3 - 0,5 mm kan forekomme.<\/p>\n<p>Merknad om tilkoblingskontaktene<br \/>\nV\u00e6r oppmerksom p\u00e5 f\u00f8lgende n\u00e5r du fester eller l\u00f8sner slanger:<br \/>\nHvis slangen er sv\u00e6rt vanskelig \u00e5 montere p\u00e5 koblingshylsen, b\u00f8r hylsen gnides lett med en dr\u00e5pe av v\u00e5r breakoutbeskyttelsesolje eller pulver. Slangen skal deretter skyves p\u00e5 gjennomf\u00f8ringen med vri- eller skruebevegelser uten \u00e5 belaste gjennomf\u00f8ringen med opp- og nedbevegelser. Det samme gjelder n\u00e5r du fjerner slangene fra tilkoblingsstussen p\u00e5 g\u00e5rden. Ikke bare trekk dem av!<\/p>\n<p>&nbsp;<\/p>\n<p>&nbsp;<\/p>","protected":false},"excerpt":{"rendered":"<p>Dimensjoner: Gipsrede: 190 x 190 x 20 mm Glassdeksel: 179 x 179 x 4 mm Materiale: Gips Innhold: 1x gipsreir 20\u00d720 med to tilkoblingsstusser M 10\/08 1x glassdeksel med 50 mm hull 1x akryl - ring 50 mm for 27 mm hull 1x Formicarium base 20\u00d720 2x gitterhette - 10 mm - rustfritt st\u00e5l 1x [...]","protected":false},"featured_media":3194,"comment_status":"open","ping_status":"closed","template":"","meta":{"_acf_changed":false,"content-type":"","_monsterinsights_skip_tracking":false,"_monsterinsights_sitenote_active":false,"_monsterinsights_sitenote_note":"","_monsterinsights_sitenote_category":0},"product_brand":[],"product_cat":[80,86],"product_tag":[],"class_list":{"0":"post-2869","1":"product","2":"type-product","3":"status-publish","4":"has-post-thumbnail","6":"product_cat-antfarms","7":"product_cat-formicariums","9":"first","10":"instock","11":"taxable","12":"shipping-taxable","13":"purchasable","14":"product-type-simple"},"acf":[],"aioseo_notices":[],"jetpack_sharing_enabled":true,"_links":{"self":[{"href":"https:\/\/antcube.shop\/nb\/wp-json\/wp\/v2\/product\/2869","targetHints":{"allow":["GET"]}}],"collection":[{"href":"https:\/\/antcube.shop\/nb\/wp-json\/wp\/v2\/product"}],"about":[{"href":"https:\/\/antcube.shop\/nb\/wp-json\/wp\/v2\/types\/product"}],"replies":[{"embeddable":true,"href":"https:\/\/antcube.shop\/nb\/wp-json\/wp\/v2\/comments?post=2869"}],"wp:featuredmedia":[{"embeddable":true,"href":"https:\/\/antcube.shop\/nb\/wp-json\/wp\/v2\/media\/3194"}],"wp:attachment":[{"href":"https:\/\/antcube.shop\/nb\/wp-json\/wp\/v2\/media?parent=2869"}],"wp:term":[{"taxonomy":"product_brand","embeddable":true,"href":"https:\/\/antcube.shop\/nb\/wp-json\/wp\/v2\/product_brand?post=2869"},{"taxonomy":"product_cat","embeddable":true,"href":"https:\/\/antcube.shop\/nb\/wp-json\/wp\/v2\/product_cat?post=2869"},{"taxonomy":"product_tag","embeddable":true,"href":"https:\/\/antcube.shop\/nb\/wp-json\/wp\/v2\/product_tag?post=2869"}],"curies":[{"name":"wp","href":"https:\/\/api.w.org\/{rel}","templated":true}]}}