{"id":2868,"date":"2021-10-13T18:43:30","date_gmt":"2021-10-13T16:43:30","guid":{"rendered":"https:\/\/antcube.shop\/produkt\/antcube-gipsnest-20x20-stehend\/"},"modified":"2026-03-30T18:00:18","modified_gmt":"2026-03-30T16:00:18","slug":"antcube-gipsnest-20x20-stehend","status":"publish","type":"product","link":"https:\/\/antcube.shop\/nb\/produkt\/antcube-gipsnest-20x20-stehend\/","title":{"rendered":"ANTCUBE - Gipsreir 20\u00d720 - st\u00e5ende"},"content":{"rendered":"<p><strong>Dimensjoner:<\/strong> 182 x 159 x 19,5 mm<\/p>\n<p><strong>Materiell:<\/strong> Gips\/gips<\/p>\n<p>Passer bare i v\u00e5r myrfarmerst\u00f8rrelse <strong>L<\/strong><\/p>\n<p><strong>Beskrivelse:<\/strong> V\u00e5rt gipsreir med prefabrikkerte passasjer og kamre er egnet for mange maurarter, spesielt for arter som bygger reirene sine i veldig sand eller steinete jord. Den har to tilkoblingskontakter som tilgang til reiret. Gips har egenskapen til \u00e5 absorbere vann, s\u00e5 en viss mengde fuktighet lagres. Likevel b\u00f8r gipsreiret ikke brukes permanent fuktig fordi det ellers kan f\u00f8re til mugg (av matrester eller ekskrementer fra maurene). Derfor, hvis mulig, b\u00f8r arter fra ganske t\u00f8rre regioner holdes her. Dette vil for eksempel v\u00e6re arter fra Middelhavet eller \u00f8rkenregioner.<\/p>\n<p>&nbsp;<\/p>","protected":false},"excerpt":{"rendered":"<p>Passer bare i v\u00e5r myrfarmerst\u00f8rrelse <strong>L<\/strong><\/p>","protected":false},"featured_media":351,"comment_status":"open","ping_status":"closed","template":"","meta":{"_acf_changed":false,"content-type":"","_monsterinsights_skip_tracking":false,"_monsterinsights_sitenote_active":false,"_monsterinsights_sitenote_note":"","_monsterinsights_sitenote_category":0},"product_brand":[],"product_cat":[87,90],"product_tag":[],"class_list":{"0":"post-2868","1":"product","2":"type-product","3":"status-publish","4":"has-post-thumbnail","6":"product_cat-nest-insets","7":"product_cat-gypsum","9":"first","10":"instock","11":"taxable","12":"shipping-taxable","13":"purchasable","14":"product-type-simple"},"acf":[],"aioseo_notices":[],"jetpack_sharing_enabled":true,"_links":{"self":[{"href":"https:\/\/antcube.shop\/nb\/wp-json\/wp\/v2\/product\/2868","targetHints":{"allow":["GET"]}}],"collection":[{"href":"https:\/\/antcube.shop\/nb\/wp-json\/wp\/v2\/product"}],"about":[{"href":"https:\/\/antcube.shop\/nb\/wp-json\/wp\/v2\/types\/product"}],"replies":[{"embeddable":true,"href":"https:\/\/antcube.shop\/nb\/wp-json\/wp\/v2\/comments?post=2868"}],"wp:featuredmedia":[{"embeddable":true,"href":"https:\/\/antcube.shop\/nb\/wp-json\/wp\/v2\/media\/351"}],"wp:attachment":[{"href":"https:\/\/antcube.shop\/nb\/wp-json\/wp\/v2\/media?parent=2868"}],"wp:term":[{"taxonomy":"product_brand","embeddable":true,"href":"https:\/\/antcube.shop\/nb\/wp-json\/wp\/v2\/product_brand?post=2868"},{"taxonomy":"product_cat","embeddable":true,"href":"https:\/\/antcube.shop\/nb\/wp-json\/wp\/v2\/product_cat?post=2868"},{"taxonomy":"product_tag","embeddable":true,"href":"https:\/\/antcube.shop\/nb\/wp-json\/wp\/v2\/product_tag?post=2868"}],"curies":[{"name":"wp","href":"https:\/\/api.w.org\/{rel}","templated":true}]}}