{"id":2860,"date":"2021-10-13T18:42:02","date_gmt":"2021-10-13T16:42:02","guid":{"rendered":"https:\/\/antcube.shop\/produkt\/antcube-korknest-20x20-stehend\/"},"modified":"2026-04-05T11:59:18","modified_gmt":"2026-04-05T09:59:18","slug":"antcube-korknest-20x20-stehend","status":"publish","type":"product","link":"https:\/\/antcube.shop\/nb\/produkt\/antcube-korknest-20x20-stehend\/","title":{"rendered":"ANTCUBE - Korkreir 20\u00d720 - st\u00e5ende"},"content":{"rendered":"<p><strong>Dimensjoner:<\/strong> 183 x 160 x 20 mm<\/p>\n<p><strong>Materiell:<\/strong> Kork (fint)<\/p>\n<p>Passer bare i v\u00e5re maurfarmer st\u00f8rrelse <strong>L<\/strong><\/p>\n<p><strong>Beskrivelse:<\/strong> Dette korkreiret med prefabrikkerte passasjer og kamre er egnet for forskjellige maurarter, spesielt for arter som hekker i (d\u00f8dt) tre. Den har et hull for tilgang til reiret.<br \/>\nKork er kjemisk n\u00f8ytralt. Dens struktur er ikke bare ugjennomtrengelig for v\u00e6sker, men for\u00e5rsaker heller ingen kjemiske reaksjoner og blir derfor ikke skadet. For mye fuktighet kan imidlertid f\u00f8re til rotting i det lange l\u00f8p og redusere reirets levetid. Likevel er kork veldig motstandsdyktig mot rotting, sopp- og muggangrep. Dette skyldes overflaten og strukturen, som ikke gir god grobunn for sopp \u00e5 kolonisere. Imidlertid kan matrester og ekskrementer fra dyrene samt andre organiske stoffer fremme muggvekst.<\/p>\n<p>Derfor anbefaler vi \u00e5 holde hovedsakelig arter fra t\u00f8rre regioner i kork. Arter fra fuktige habitater kan likevel holdes i dette settet, fordi forr\u00e5tnelse ikke er et problem for de fleste arter. Ogs\u00e5 mange maur fra Nord-Europa som Camponotus herculeanus eller Formica fusca lever i r\u00e5ttent tre.<\/p>\n<p>&nbsp;<\/p>","protected":false},"excerpt":{"rendered":"<p><strong>Passer kun til<\/strong> i st\u00f8rrelsen p\u00e5 v\u00e5re maurfarmer <strong>L<\/strong><\/p>\n<p><strong>Dimensjoner:<\/strong> 183 x 160 x 20 mm<\/p>","protected":false},"featured_media":350,"comment_status":"open","ping_status":"closed","template":"","meta":{"_acf_changed":false,"content-type":"","_monsterinsights_skip_tracking":false,"_monsterinsights_sitenote_active":false,"_monsterinsights_sitenote_note":"","_monsterinsights_sitenote_category":0},"product_brand":[],"product_cat":[87,89],"product_tag":[],"class_list":{"0":"post-2860","1":"product","2":"type-product","3":"status-publish","4":"has-post-thumbnail","6":"product_cat-nest-insets","7":"product_cat-cork","9":"first","10":"instock","11":"taxable","12":"shipping-taxable","13":"purchasable","14":"product-type-simple"},"acf":[],"aioseo_notices":[],"jetpack_sharing_enabled":true,"_links":{"self":[{"href":"https:\/\/antcube.shop\/nb\/wp-json\/wp\/v2\/product\/2860","targetHints":{"allow":["GET"]}}],"collection":[{"href":"https:\/\/antcube.shop\/nb\/wp-json\/wp\/v2\/product"}],"about":[{"href":"https:\/\/antcube.shop\/nb\/wp-json\/wp\/v2\/types\/product"}],"replies":[{"embeddable":true,"href":"https:\/\/antcube.shop\/nb\/wp-json\/wp\/v2\/comments?post=2860"}],"wp:featuredmedia":[{"embeddable":true,"href":"https:\/\/antcube.shop\/nb\/wp-json\/wp\/v2\/media\/350"}],"wp:attachment":[{"href":"https:\/\/antcube.shop\/nb\/wp-json\/wp\/v2\/media?parent=2860"}],"wp:term":[{"taxonomy":"product_brand","embeddable":true,"href":"https:\/\/antcube.shop\/nb\/wp-json\/wp\/v2\/product_brand?post=2860"},{"taxonomy":"product_cat","embeddable":true,"href":"https:\/\/antcube.shop\/nb\/wp-json\/wp\/v2\/product_cat?post=2860"},{"taxonomy":"product_tag","embeddable":true,"href":"https:\/\/antcube.shop\/nb\/wp-json\/wp\/v2\/product_tag?post=2860"}],"curies":[{"name":"wp","href":"https:\/\/api.w.org\/{rel}","templated":true}]}}