{"id":2859,"date":"2021-10-13T18:41:44","date_gmt":"2021-10-13T16:41:44","guid":{"rendered":"https:\/\/antcube.shop\/produkt\/tranke-klar-20ml-schwamm\/"},"modified":"2026-04-04T03:59:10","modified_gmt":"2026-04-04T01:59:10","slug":"tranke-klar-20ml-schwamm","status":"publish","type":"product","link":"https:\/\/antcube.shop\/nb\/produkt\/tranke-klar-20ml-schwamm\/","title":{"rendered":"Drikkekar gjennomsiktig 20 ml - svamp"},"content":{"rendered":"<p><strong>Dimensjoner:<\/strong> 40x50x68 mm, 20 ml<\/p>\n<p><strong>Innhold:<\/strong><br \/>\n1x base med 4x 3 mm \u00e5pninger og integrert svamp.<br \/>\n1x vanntank 62x22mm (20ml)<br \/>\n1x svamp 30mm<\/p>\n<p><strong>Materiell:<\/strong> PS, PMMA, skum (ekstremt finporet og absorberende)<\/p>\n<p><strong>Beskrivelse:<\/strong> Dette gj\u00f8r at maurene kan forsyne seg med tilstrekkelig fuktighet i et formicarium. Ideell ogs\u00e5 for feriesesongen. Vanntanken p\u00e5 20 ml kan settes inn i foten (OBS: Ikke sett tanken helt inn, men bare opp til svampens niv\u00e5, for ikke \u00e5 avbryte vannforsyningen). Svampen med en st\u00f8rre diameter enn den vedlagte tanken gj\u00f8r at fuktighet kan sive inn i basen. De 4 fine 18 mm \u00e5pningene i basen, plassert i alle fire himmelretninger, gj\u00f8r det mulig \u00e5 mate kolonier med et stort antall dyr. Ved \u00e5 fjerne skummet sikrer dyrene tilstrekkelig tilf\u00f8rsel av v\u00e6ske.<\/p>\n<p><strong>Farger:<\/strong> krystallklar, gr\u00e5<\/p>\n<p>&nbsp;<\/p>","protected":false},"excerpt":{"rendered":"<p><strong>Dimensjoner:<\/strong> 40x50x68 mm, 20 ml<\/p>","protected":false},"featured_media":3004,"comment_status":"open","ping_status":"closed","template":"","meta":{"_acf_changed":false,"content-type":"","_monsterinsights_skip_tracking":false,"_monsterinsights_sitenote_active":false,"_monsterinsights_sitenote_note":"","_monsterinsights_sitenote_category":0},"product_brand":[],"product_cat":[115,117],"product_tag":[],"class_list":{"0":"post-2859","1":"product","2":"type-product","3":"status-publish","4":"has-post-thumbnail","6":"product_cat-food-and-feeding","7":"product_cat-drinkers-for-ants","9":"first","10":"instock","11":"taxable","12":"shipping-taxable","13":"purchasable","14":"product-type-simple"},"acf":[],"aioseo_notices":[],"jetpack_sharing_enabled":true,"_links":{"self":[{"href":"https:\/\/antcube.shop\/nb\/wp-json\/wp\/v2\/product\/2859","targetHints":{"allow":["GET"]}}],"collection":[{"href":"https:\/\/antcube.shop\/nb\/wp-json\/wp\/v2\/product"}],"about":[{"href":"https:\/\/antcube.shop\/nb\/wp-json\/wp\/v2\/types\/product"}],"replies":[{"embeddable":true,"href":"https:\/\/antcube.shop\/nb\/wp-json\/wp\/v2\/comments?post=2859"}],"wp:featuredmedia":[{"embeddable":true,"href":"https:\/\/antcube.shop\/nb\/wp-json\/wp\/v2\/media\/3004"}],"wp:attachment":[{"href":"https:\/\/antcube.shop\/nb\/wp-json\/wp\/v2\/media?parent=2859"}],"wp:term":[{"taxonomy":"product_brand","embeddable":true,"href":"https:\/\/antcube.shop\/nb\/wp-json\/wp\/v2\/product_brand?post=2859"},{"taxonomy":"product_cat","embeddable":true,"href":"https:\/\/antcube.shop\/nb\/wp-json\/wp\/v2\/product_cat?post=2859"},{"taxonomy":"product_tag","embeddable":true,"href":"https:\/\/antcube.shop\/nb\/wp-json\/wp\/v2\/product_tag?post=2859"}],"curies":[{"name":"wp","href":"https:\/\/api.w.org\/{rel}","templated":true}]}}