{"id":2857,"date":"2021-10-13T18:41:25","date_gmt":"2021-10-13T16:41:25","guid":{"rendered":"https:\/\/antcube.shop\/produkt\/antcube-ameisenfarm-l-20x20-stehend\/"},"modified":"2026-04-03T13:00:15","modified_gmt":"2026-04-03T11:00:15","slug":"antcube-ameisenfarm-l-20x20-stehend","status":"publish","type":"product","link":"https:\/\/antcube.shop\/nb\/produkt\/antcube-ameisenfarm-l-20x20-stehend\/","title":{"rendered":"ANTCUBE - maurfarm - L - 20\u00d720 - st\u00e5ende"},"content":{"rendered":"<p><strong>Dimensjoner (LxBxH):\u00a0<\/strong><br \/>\nutvendig: 234x58x199 mm<br \/>\ninnvendig: 184x20x190 mm<\/p>\n<p><strong>Materiell:<\/strong><br \/>\nFlyteglass, plast<\/p>\n<p><strong>Farge:<\/strong><br \/>\nkrystallklart<\/p>\n<p><strong>Innhold:<\/strong><br \/>\n1x ANTCUBE maurfarm - 20 mm plateavstand.<br \/>\n1x maur farm deksel L 20\u00d73<br \/>\n2x plugg 4mm<\/p>\n<p><strong>forbindelse:<\/strong><br \/>\n2x 14\/16\/18\/20 x 20mm stikkontakt<br \/>\n2x 4 mm hull med 4 mm plugger<\/p>\n<p>14\/10 slangen er satt inn i 14mm stikkontakten med en tett passform<br \/>\n20\/16-r\u00f8r er festet p\u00e5 det f\u00f8rste 16 mm trinnet<br \/>\n22\/18 slangen er tett montert p\u00e5 det andre 20 mm trinnet.<br \/>\n24\/20-slangen er l\u00f8st montert p\u00e5 det andre 20 mm trinnet.<\/p>\n<p><strong>Beskrivelse:<\/strong><br \/>\nDenne helt gjennomsiktige maurfarmen er egnet for maurarter i st\u00f8rrelse M.<\/p>\n<p><strong>Merknader om produksjon<\/strong><br \/>\nGlasset er sk\u00e5ret i henhold til DIN 1249 med en toleranse p\u00e5 +\/- 1 mm. For ekstremt sm\u00e5 maurarter er en ekstra utbruddsbeskyttelse viktig.<\/p>\n<p><strong>Merknad om g\u00e5rden<\/strong><br \/>\nV\u00e6r oppmerksom p\u00e5 f\u00f8lgende n\u00e5r du monterer eller fjerner slanger:<br \/>\nHvis slangen er sv\u00e6rt vanskelig \u00e5 montere p\u00e5 koblingshylsen, b\u00f8r hylsen gnides lett med en dr\u00e5pe av v\u00e5r breakoutbeskyttelsesolje eller pulver. Slangen skal deretter skyves p\u00e5 gjennomf\u00f8ringen med vri- eller skruebevegelser uten \u00e5 belaste gjennomf\u00f8ringen med opp- og nedbevegelser. Det samme gjelder n\u00e5r du fjerner slangene fra tilkoblingsstussen p\u00e5 g\u00e5rden. Ikke bare trekk dem av!<\/p>\n<p>&nbsp;<\/p>","protected":false},"excerpt":{"rendered":"<p>Tilkobling: Stikkontakt 2x 14\/16\/18\/20 mm + deksel<\/p>\n<p>Plateavstand: Innvendig 20 mm \/ Utvendig 28 mm<br \/>\nSt\u00f8rrelse: <strong><span style=\"color: #0000ff;\">L<\/span><\/strong><\/p>","protected":false},"featured_media":347,"comment_status":"open","ping_status":"closed","template":"","meta":{"_acf_changed":false,"content-type":"","_monsterinsights_skip_tracking":false,"_monsterinsights_sitenote_active":false,"_monsterinsights_sitenote_note":"","_monsterinsights_sitenote_category":0},"product_brand":[],"product_cat":[80,83],"product_tag":[],"class_list":{"0":"post-2857","1":"product","2":"type-product","3":"status-publish","4":"has-post-thumbnail","6":"product_cat-antfarms","7":"product_cat-antfarms-l","9":"first","10":"instock","11":"taxable","12":"shipping-taxable","13":"purchasable","14":"product-type-simple"},"acf":[],"aioseo_notices":[],"jetpack_sharing_enabled":true,"_links":{"self":[{"href":"https:\/\/antcube.shop\/nb\/wp-json\/wp\/v2\/product\/2857","targetHints":{"allow":["GET"]}}],"collection":[{"href":"https:\/\/antcube.shop\/nb\/wp-json\/wp\/v2\/product"}],"about":[{"href":"https:\/\/antcube.shop\/nb\/wp-json\/wp\/v2\/types\/product"}],"replies":[{"embeddable":true,"href":"https:\/\/antcube.shop\/nb\/wp-json\/wp\/v2\/comments?post=2857"}],"wp:featuredmedia":[{"embeddable":true,"href":"https:\/\/antcube.shop\/nb\/wp-json\/wp\/v2\/media\/347"}],"wp:attachment":[{"href":"https:\/\/antcube.shop\/nb\/wp-json\/wp\/v2\/media?parent=2857"}],"wp:term":[{"taxonomy":"product_brand","embeddable":true,"href":"https:\/\/antcube.shop\/nb\/wp-json\/wp\/v2\/product_brand?post=2857"},{"taxonomy":"product_cat","embeddable":true,"href":"https:\/\/antcube.shop\/nb\/wp-json\/wp\/v2\/product_cat?post=2857"},{"taxonomy":"product_tag","embeddable":true,"href":"https:\/\/antcube.shop\/nb\/wp-json\/wp\/v2\/product_tag?post=2857"}],"curies":[{"name":"wp","href":"https:\/\/api.w.org\/{rel}","templated":true}]}}