{"id":2854,"date":"2021-10-13T18:40:55","date_gmt":"2021-10-13T16:40:55","guid":{"rendered":"https:\/\/antcube.shop\/produkt\/mini-thermo-hygrometer-analog-display-hangend\/"},"modified":"2026-04-11T10:12:08","modified_gmt":"2026-04-11T08:12:08","slug":"mini-thermo-hygrometer-analog-display-hangend","status":"publish","type":"product","link":"https:\/\/antcube.shop\/nb\/produkt\/mini-thermo-hygrometer-analog-display-hangend\/","title":{"rendered":"1x Mini termohygrometer analog - display - hengende"},"content":{"rendered":"<p><strong>Dimensjoner:<\/strong> 75 mm x 45 mm, 20 mm dyp<\/p>\n<p><strong>Materiell:<\/strong> metall \/ akryl<\/p>\n<p><strong>Farge:<\/strong> metall, s\u00f8lv \/ gjennomsiktig<\/p>\n<p><strong>Innhold:<\/strong> 1x mini termometer analog metall - 25mm, 1x mini hygrometer analog metall - 25mm, 1x akrylglassholder med utskj\u00e6ringer for m\u00e5leinstrumentene - 75x45mm, 1x akrylglassbase - 75x20mm, 2x gjennomsiktige klebeputer - 30x20mm<\/p>\n<p><strong>Beskrivelse:<\/strong><br \/>\nSettet best\u00e5r av analogt termometer og hygrometer laget av metall (25 mm), som er satt inn i en akrylglassplate (75x45 mm). Displayet festes ved hjelp av to gjennomsiktige klebeputer, som kan brukes til \u00e5 feste basen (75x20mm) over hodet til deksler eller rammer.<\/p>\n<p><strong>Tips:<\/strong><br \/>\nM\u00e5leinstrumentene p\u00e5 baksiden m\u00e5 v\u00e6re frie, ellers kan det oppst\u00e5 m\u00e5lefeil.<\/p>\n<p><strong>N\u00f8yaktighet:<\/strong> +\/- 2\u00b0C , +\/- 4\u00b0F<br \/>\n<strong>N\u00f8yaktighet:<\/strong> +\/- 5%<\/p>","protected":false},"excerpt":{"rendered":"<p>Sett med termometer og hygrometer laget av metall (25 mm) satt inn i akrylglassplate (75x45 mm)<\/p>","protected":false},"featured_media":311,"comment_status":"open","ping_status":"closed","template":"","meta":{"_acf_changed":false,"content-type":"","_monsterinsights_skip_tracking":false,"_monsterinsights_sitenote_active":false,"_monsterinsights_sitenote_note":"","_monsterinsights_sitenote_category":0},"product_brand":[],"product_cat":[119,239],"product_tag":[],"class_list":{"0":"post-2854","1":"product","2":"type-product","3":"status-publish","4":"has-post-thumbnail","6":"product_cat-formicarium-components","7":"product_cat-useful-additions","9":"first","10":"instock","11":"taxable","12":"shipping-taxable","13":"purchasable","14":"product-type-simple"},"acf":[],"aioseo_notices":[],"jetpack_sharing_enabled":true,"_links":{"self":[{"href":"https:\/\/antcube.shop\/nb\/wp-json\/wp\/v2\/product\/2854","targetHints":{"allow":["GET"]}}],"collection":[{"href":"https:\/\/antcube.shop\/nb\/wp-json\/wp\/v2\/product"}],"about":[{"href":"https:\/\/antcube.shop\/nb\/wp-json\/wp\/v2\/types\/product"}],"replies":[{"embeddable":true,"href":"https:\/\/antcube.shop\/nb\/wp-json\/wp\/v2\/comments?post=2854"}],"wp:featuredmedia":[{"embeddable":true,"href":"https:\/\/antcube.shop\/nb\/wp-json\/wp\/v2\/media\/311"}],"wp:attachment":[{"href":"https:\/\/antcube.shop\/nb\/wp-json\/wp\/v2\/media?parent=2854"}],"wp:term":[{"taxonomy":"product_brand","embeddable":true,"href":"https:\/\/antcube.shop\/nb\/wp-json\/wp\/v2\/product_brand?post=2854"},{"taxonomy":"product_cat","embeddable":true,"href":"https:\/\/antcube.shop\/nb\/wp-json\/wp\/v2\/product_cat?post=2854"},{"taxonomy":"product_tag","embeddable":true,"href":"https:\/\/antcube.shop\/nb\/wp-json\/wp\/v2\/product_tag?post=2854"}],"curies":[{"name":"wp","href":"https:\/\/api.w.org\/{rel}","templated":true}]}}