{"id":2852,"date":"2021-10-13T18:40:35","date_gmt":"2021-10-13T16:40:35","guid":{"rendered":"https:\/\/antcube.shop\/produkt\/gittereinsatz-27mm-edelstahl\/"},"modified":"2026-04-12T12:02:06","modified_gmt":"2026-04-12T10:02:06","slug":"gittereinsatz-27mm-edelstahl","status":"publish","type":"product","link":"https:\/\/antcube.shop\/nb\/produkt\/gittereinsatz-27mm-edelstahl\/","title":{"rendered":"Gitterinnsats - 27 mm - rustfritt st\u00e5l"},"content":{"rendered":"<p><strong>Mengde:<\/strong> 1 stk.<\/p>\n<p><strong>Dimensjoner:<\/strong> 27 mm (indre diameter), 33\u00d74 mm (ytre dimensjoner)<\/p>\n<p><strong>Farge:<\/strong> gjennomsiktig<\/p>\n<p><strong>Materiell:<\/strong> rustfritt st\u00e5l, akryl<\/p>\n<p><strong>Beskrivelse:<\/strong><br \/>\nDenne gitterinnsatsen med veldig fint rustfritt st\u00e5lgitter (0,2 mm) kan settes inn i hullene 50 mm og gir god formicariumventilasjon uten at maurene kan bryte ut.<br \/>\nVed sidefesting anbefaler vi ekstra sikring med kommersielt tilgjengelig lim for \u00e5 unng\u00e5 at den faller ut p\u00e5 grunn av mulige st\u00f8t.<\/p>\n<p><strong>Merk:<\/strong> Ogs\u00e5 egnet for veldig sterke bitende arter som bladskj\u00e6rermaur!<\/p>","protected":false},"excerpt":{"rendered":"<p>Antall: 1 stk Dimensjoner: 27 mm (indre diameter), 33x4 mm (ytre dimensjoner) Farge: gjennomsiktig Materiale: rustfritt st\u00e5l, akryl Beskrivelse: Denne gitterinnsatsen med veldig fint rutenett i rustfritt st\u00e5l (0,2 mm) kan settes inn i hullene 27 mm og gir god formicariumventilasjon uten at maurene kan bryte ut. I tilfelle av sideveis vedlegg, anbefaler vi","protected":false},"featured_media":337,"comment_status":"open","ping_status":"closed","template":"","meta":{"_acf_changed":false,"content-type":"","_monsterinsights_skip_tracking":false,"_monsterinsights_sitenote_active":false,"_monsterinsights_sitenote_note":"","_monsterinsights_sitenote_category":0},"product_brand":[],"product_cat":[238],"product_tag":[],"class_list":{"0":"post-2852","1":"product","2":"type-product","3":"status-publish","4":"has-post-thumbnail","6":"product_cat-grid-caps-plugs-and-inserts","8":"first","9":"instock","10":"taxable","11":"shipping-taxable","12":"purchasable","13":"product-type-simple"},"acf":[],"aioseo_notices":[],"jetpack_sharing_enabled":true,"_links":{"self":[{"href":"https:\/\/antcube.shop\/nb\/wp-json\/wp\/v2\/product\/2852","targetHints":{"allow":["GET"]}}],"collection":[{"href":"https:\/\/antcube.shop\/nb\/wp-json\/wp\/v2\/product"}],"about":[{"href":"https:\/\/antcube.shop\/nb\/wp-json\/wp\/v2\/types\/product"}],"replies":[{"embeddable":true,"href":"https:\/\/antcube.shop\/nb\/wp-json\/wp\/v2\/comments?post=2852"}],"wp:featuredmedia":[{"embeddable":true,"href":"https:\/\/antcube.shop\/nb\/wp-json\/wp\/v2\/media\/337"}],"wp:attachment":[{"href":"https:\/\/antcube.shop\/nb\/wp-json\/wp\/v2\/media?parent=2852"}],"wp:term":[{"taxonomy":"product_brand","embeddable":true,"href":"https:\/\/antcube.shop\/nb\/wp-json\/wp\/v2\/product_brand?post=2852"},{"taxonomy":"product_cat","embeddable":true,"href":"https:\/\/antcube.shop\/nb\/wp-json\/wp\/v2\/product_cat?post=2852"},{"taxonomy":"product_tag","embeddable":true,"href":"https:\/\/antcube.shop\/nb\/wp-json\/wp\/v2\/product_tag?post=2852"}],"curies":[{"name":"wp","href":"https:\/\/api.w.org\/{rel}","templated":true}]}}