{"id":2849,"date":"2021-10-13T18:40:06","date_gmt":"2021-10-13T16:40:06","guid":{"rendered":"https:\/\/antcube.shop\/produkt\/gitterkappe-6mm-edelstahl\/"},"modified":"2026-04-02T17:33:33","modified_gmt":"2026-04-02T15:33:33","slug":"gitterkappe-6mm-edelstahl","status":"publish","type":"product","link":"https:\/\/antcube.shop\/nb\/produkt\/gitterkappe-6mm-edelstahl\/","title":{"rendered":"Gitterhette - 6mm - Rustfritt st\u00e5l"},"content":{"rendered":"<p><strong>Mengde:<\/strong> 1 stk.<\/p>\n<p><strong>Dimensjoner:<\/strong> 6 mm (indre diameter), 10\u00d74 mm (ytre dimensjoner)<\/p>\n<p><strong>Farge:<\/strong> gjennomsiktig<\/p>\n<p><strong>Materiell:<\/strong> rustfritt st\u00e5l, akryl<\/p>\n<p><strong>Beskrivelse:<\/strong><br \/>\nDenne gitterhetten med veldig fint gitter i rustfritt st\u00e5l (0,2 mm) kan settes p\u00e5 en stikkontakt, r\u00f8r eller slangeende og gir god formicariumventilasjon uten at maurene kan bryte ut. B\u00e5de gitteret i rustfritt st\u00e5l og akrylglassrammen er gjennomsiktige.<\/p>\n<p><strong>Merk:<\/strong> Ogs\u00e5 egnet for veldig sterke bitende arter som bladskj\u00e6rermaur!<\/p>\n<p>&nbsp;<\/p>","protected":false},"excerpt":{"rendered":"<p>Antall: 1 stk Dimensjoner: 16 mm (indre diameter), 20x4 mm (ytre dimensjoner) Farge: gjennomsiktig Materiale: rustfritt st\u00e5l, akryl Beskrivelse: Denne gitterhetten med veldig fint rutenett i rustfritt st\u00e5l (0,2 mm) kan settes p\u00e5 en stikkontakt, r\u00f8r eller slangeende og gir god formicariumventilasjon uten at maurene kan bryte ut. B\u00e5de","protected":false},"featured_media":334,"comment_status":"open","ping_status":"closed","template":"","meta":{"_acf_changed":false,"content-type":"","_monsterinsights_skip_tracking":false,"_monsterinsights_sitenote_active":false,"_monsterinsights_sitenote_note":"","_monsterinsights_sitenote_category":0},"product_brand":[],"product_cat":[238],"product_tag":[],"class_list":{"0":"post-2849","1":"product","2":"type-product","3":"status-publish","4":"has-post-thumbnail","6":"product_cat-grid-caps-plugs-and-inserts","8":"first","9":"instock","10":"taxable","11":"shipping-taxable","12":"purchasable","13":"product-type-simple"},"acf":[],"aioseo_notices":[],"jetpack_sharing_enabled":true,"_links":{"self":[{"href":"https:\/\/antcube.shop\/nb\/wp-json\/wp\/v2\/product\/2849","targetHints":{"allow":["GET"]}}],"collection":[{"href":"https:\/\/antcube.shop\/nb\/wp-json\/wp\/v2\/product"}],"about":[{"href":"https:\/\/antcube.shop\/nb\/wp-json\/wp\/v2\/types\/product"}],"replies":[{"embeddable":true,"href":"https:\/\/antcube.shop\/nb\/wp-json\/wp\/v2\/comments?post=2849"}],"wp:featuredmedia":[{"embeddable":true,"href":"https:\/\/antcube.shop\/nb\/wp-json\/wp\/v2\/media\/334"}],"wp:attachment":[{"href":"https:\/\/antcube.shop\/nb\/wp-json\/wp\/v2\/media?parent=2849"}],"wp:term":[{"taxonomy":"product_brand","embeddable":true,"href":"https:\/\/antcube.shop\/nb\/wp-json\/wp\/v2\/product_brand?post=2849"},{"taxonomy":"product_cat","embeddable":true,"href":"https:\/\/antcube.shop\/nb\/wp-json\/wp\/v2\/product_cat?post=2849"},{"taxonomy":"product_tag","embeddable":true,"href":"https:\/\/antcube.shop\/nb\/wp-json\/wp\/v2\/product_tag?post=2849"}],"curies":[{"name":"wp","href":"https:\/\/api.w.org\/{rel}","templated":true}]}}