{"id":2843,"date":"2021-10-13T18:37:49","date_gmt":"2021-10-13T16:37:49","guid":{"rendered":"https:\/\/antcube.shop\/produkt\/ameisenarena-abdeckung-20x20\/"},"modified":"2026-04-05T21:18:12","modified_gmt":"2026-04-05T19:18:12","slug":"ameisenarena-abdeckung-20x20","status":"publish","type":"product","link":"https:\/\/antcube.shop\/nb\/produkt\/ameisenarena-abdeckung-20x20\/","title":{"rendered":"Myr arena deksel 20\u00d720"},"content":{"rendered":"<p><strong>Dimensjoner (LxBxH):<\/strong> 20x20x0,4 cm<\/p>\n<p><strong>Materiell:<\/strong> floatglass<\/p>\n<p><strong>Farge:<\/strong> krystallklar \/ gjennomsiktig<\/p>\n<p><strong>Innhold:<\/strong><br \/>\n1x myr arena deksel<br \/>\n1x festepunkter \u00e0 4 stk.<\/p>\n<p><strong>Beskrivelse:<\/strong><br \/>\nDeksel laget av glass for maurarenaen som r\u00f8mningsbeskyttelse.<\/p>\n<p><strong>Bruksomr\u00e5de:<\/strong><br \/>\nMaurarena-dekselet laget av glass er plassert p\u00e5 en maurarena og tjener ogs\u00e5 umiddelbart til klimaregulering.<br \/>\nUlike moduler for klimakontroll kan settes inn i \u00e5pningene p\u00e5 50 mm, f.eks. ventilasjonsgitter, belysning eller befuktning.<br \/>\nFor \u00e5 hindre maur i \u00e5 r\u00f8mme gjennom \u00e5pningene, b\u00f8r det p\u00e5f\u00f8res en r\u00f8mningsbeskyttelse (olje, pulver eller lakk) p\u00e5 undersiden rundt hullene.<\/p>\n<p><strong>Merknad:<\/strong><br \/>\nSiden artikkelen er laget av glass og derfor er utsatt for brudd, b\u00f8r den h\u00e5ndteres sv\u00e6rt forsiktig.<\/p>\n<p>&nbsp;<\/p>","protected":false},"excerpt":{"rendered":"<p>Dimensjoner (LxBxH): 40x20x0,4 cm Materiale: floatglass Farge: krystallklar \/ gjennomsiktig Innhold: 1x maurarena deksel 1x festepunkter \u00e0 4 stk. Beskrivelse: Deksel laget av glass for maurarenaen som r\u00f8mningsbeskyttelse. Bruksomr\u00e5de: Maurarenadekselet av glass er plassert p\u00e5 en maurarena og tjener ogs\u00e5 umiddelbart til","protected":false},"featured_media":333,"comment_status":"open","ping_status":"closed","template":"","meta":{"_acf_changed":false,"content-type":"","_monsterinsights_skip_tracking":false,"_monsterinsights_sitenote_active":false,"_monsterinsights_sitenote_note":"","_monsterinsights_sitenote_category":0},"product_brand":[],"product_cat":[91,92],"product_tag":[],"class_list":{"0":"post-2843","1":"product","2":"type-product","3":"status-publish","4":"has-post-thumbnail","6":"product_cat-formicarium-modules","7":"product_cat-arena-cover","9":"first","10":"instock","11":"taxable","12":"shipping-taxable","13":"purchasable","14":"product-type-simple"},"acf":[],"aioseo_notices":[],"jetpack_sharing_enabled":true,"_links":{"self":[{"href":"https:\/\/antcube.shop\/nb\/wp-json\/wp\/v2\/product\/2843","targetHints":{"allow":["GET"]}}],"collection":[{"href":"https:\/\/antcube.shop\/nb\/wp-json\/wp\/v2\/product"}],"about":[{"href":"https:\/\/antcube.shop\/nb\/wp-json\/wp\/v2\/types\/product"}],"replies":[{"embeddable":true,"href":"https:\/\/antcube.shop\/nb\/wp-json\/wp\/v2\/comments?post=2843"}],"wp:featuredmedia":[{"embeddable":true,"href":"https:\/\/antcube.shop\/nb\/wp-json\/wp\/v2\/media\/333"}],"wp:attachment":[{"href":"https:\/\/antcube.shop\/nb\/wp-json\/wp\/v2\/media?parent=2843"}],"wp:term":[{"taxonomy":"product_brand","embeddable":true,"href":"https:\/\/antcube.shop\/nb\/wp-json\/wp\/v2\/product_brand?post=2843"},{"taxonomy":"product_cat","embeddable":true,"href":"https:\/\/antcube.shop\/nb\/wp-json\/wp\/v2\/product_cat?post=2843"},{"taxonomy":"product_tag","embeddable":true,"href":"https:\/\/antcube.shop\/nb\/wp-json\/wp\/v2\/product_tag?post=2843"}],"curies":[{"name":"wp","href":"https:\/\/api.w.org\/{rel}","templated":true}]}}