{"id":2841,"date":"2021-10-13T18:37:30","date_gmt":"2021-10-13T16:37:30","guid":{"rendered":"https:\/\/antcube.shop\/produkt\/food-mix-set-standard\/"},"modified":"2026-04-15T19:37:11","modified_gmt":"2026-04-15T17:37:11","slug":"food-mix-set-standard","status":"publish","type":"product","link":"https:\/\/antcube.shop\/nb\/produkt\/food-mix-set-standard\/","title":{"rendered":"Matblandingssett - Standard"},"content":{"rendered":"<p><strong>Innhold:<\/strong> 2 ml per tilf\u00f8rselsslange<br \/>\n2x proteinmat (PP)<br \/>\n2x proteinmat FD insekter (PI)<br \/>\n2x karbohydratmat (K)<br \/>\n2x fruktmat (F)<br \/>\n2x sukker honning l\u00f8sning (ZH)<br \/>\n1x svamp<\/p>\n<p><span data-text-color=\"alert\"><strong>Oppmerksomhet:<\/strong> <\/span>Bland pulveret med en dr\u00e5pe vann, da det ikke aksepteres av dyrene n\u00e5r det er t\u00f8rt!<\/p>\n<p><strong>Beskrivelse:<\/strong><br \/>\nDette er Food Mix Set for ulike maurarter som lever av karbohydrater og proteiner. Den inneholder alt maurene trenger for et balansert kosthold. Siden de individuelle matrasjonene er fylt i separate r\u00f8r, er de enkle \u00e5 dosere. Det anbefales \u00e5 fukte protein-, karbohydrat- og fruktmaten minimalt med litt vann. Dette vil ogs\u00e5 forhindre at pulveret siver ut n\u00e5r det brukes i \"sentrum\" formicarium i hullet.<\/p>\n<p><strong>Bruk\/anvendelse:<\/strong><br \/>\nProteinf\u00f4r = for insektetende maurarter (Eulipotyphla).<br \/>\nDet er et tilleggsf\u00f4r (blandet f\u00f4r).<br \/>\nDet skal blandes med en dr\u00e5pe vann og kan deretter bare oppbevares 1 dag n\u00e5r det er v\u00e5tt. Rengj\u00f8r f\u00f4ringssk\u00e5len\/slangen grundig f\u00f8r den brukes p\u00e5 nytt.<br \/>\nEn \u00e5pnet pakning skal brukes godt lukket (hvis den oppbevares t\u00f8rt) til den angitte holdbarhetsdatoen.<\/p>\n<p>Proteinf\u00f4r FD = for insektetende maurarter (Eulipotyphla)<br \/>\nDet er et tilleggsf\u00f4r (f\u00f4rblanding).<br \/>\nDet skal blandes med en dr\u00e5pe vann og kan deretter bare oppbevares 1 dag n\u00e5r det er v\u00e5tt. Rengj\u00f8r f\u00f4ringssk\u00e5len\/slangen grundig f\u00f8r den brukes p\u00e5 nytt.<br \/>\nEn \u00e5pnet pakning skal brukes godt lukket (hvis den oppbevares t\u00f8rt) til den angitte holdbarhetsdatoen.<\/p>\n<p>Karbohydratmat = for sukker\/honningspisende maurarter.<br \/>\nDet er et tilleggsf\u00f4r (f\u00f4rblanding).<br \/>\nDet kan blandes med en dr\u00e5pe vann og har da en holdbarhet p\u00e5 3 dager n\u00e5r det er v\u00e5tt. Rengj\u00f8r f\u00f4ringssk\u00e5len\/slangen grundig f\u00f8r den brukes p\u00e5 nytt.<br \/>\nEn \u00e5pnet pakning skal brukes godt lukket (hvis den oppbevares t\u00f8rt) til den angitte holdbarhetsdatoen.<\/p>\n<p>Fruktmat = for fruktspisende maurarter (frugivorer)<br \/>\nDet er et tilleggsf\u00f4r (enkeltf\u00f4r).<br \/>\nDet kan blandes med en dr\u00e5pe vann og har en holdbarhet p\u00e5 3 dager n\u00e5r det er v\u00e5tt. Rengj\u00f8r f\u00f4ringssk\u00e5len\/slangen grundig f\u00f8r den brukes p\u00e5 nytt.<br \/>\nEn \u00e5pnet pakning skal brukes godt lukket (hvis den oppbevares t\u00f8rt) til den angitte holdbarhetsdatoen.<\/p>\n<p>Sukker-honningl\u00f8sning = for sukker\/honningspisende maurarter.<br \/>\nDet er et tilleggsf\u00f4r (f\u00f4rblanding).<br \/>\nDet kan tilbys dyrene i levert tilstand. Siden fuktighet reduserer sukkerkonsentrasjonen og en gj\u00e6ringsprosess starter, b\u00f8r f\u00f4ret skiftes ut hver tredje dag. Rengj\u00f8r matsk\u00e5len\/r\u00f8ret grundig f\u00f8r gjenbruk.<br \/>\nEn \u00e5pnet pakning skal brukes tett lukket til den angitte holdbarhetsdatoen.<\/p>\n<p><strong>Merknad:<\/strong><br \/>\nInformasjon om hvordan du bruker sondene finner du her: Lenke<br \/>\nKomplett f\u00f4r for insektetende maur.<br \/>\nSe pakningsvedlegget for sammensetning, analytiske ingredienser, holdbarhetsdato og partinummer.<\/p>\n<p>Informasjonstelefon +49 30 439703870<\/p>\n<p>Ansvarlig veterin\u00e6r- og n\u00e6ringsmiddeltilsynsmyndighet:<br \/>\nSteglitz veterin\u00e6rkontor<br \/>\nK\u00f6nigin-Luise-Str. 92<br \/>\n14195 Berlin<\/p>","protected":false},"excerpt":{"rendered":"<p>Fullf\u00f4r<\/p>","protected":false},"featured_media":309,"comment_status":"open","ping_status":"closed","template":"","meta":{"_acf_changed":false,"content-type":"","_monsterinsights_skip_tracking":false,"_monsterinsights_sitenote_active":false,"_monsterinsights_sitenote_note":"","_monsterinsights_sitenote_category":0},"product_brand":[],"product_cat":[115,116],"product_tag":[],"class_list":{"0":"post-2841","1":"product","2":"type-product","3":"status-publish","4":"has-post-thumbnail","6":"product_cat-food-and-feeding","7":"product_cat-food","9":"first","10":"instock","11":"taxable","12":"shipping-taxable","13":"purchasable","14":"product-type-simple"},"acf":[],"aioseo_notices":[],"jetpack_sharing_enabled":true,"_links":{"self":[{"href":"https:\/\/antcube.shop\/nb\/wp-json\/wp\/v2\/product\/2841","targetHints":{"allow":["GET"]}}],"collection":[{"href":"https:\/\/antcube.shop\/nb\/wp-json\/wp\/v2\/product"}],"about":[{"href":"https:\/\/antcube.shop\/nb\/wp-json\/wp\/v2\/types\/product"}],"replies":[{"embeddable":true,"href":"https:\/\/antcube.shop\/nb\/wp-json\/wp\/v2\/comments?post=2841"}],"wp:featuredmedia":[{"embeddable":true,"href":"https:\/\/antcube.shop\/nb\/wp-json\/wp\/v2\/media\/309"}],"wp:attachment":[{"href":"https:\/\/antcube.shop\/nb\/wp-json\/wp\/v2\/media?parent=2841"}],"wp:term":[{"taxonomy":"product_brand","embeddable":true,"href":"https:\/\/antcube.shop\/nb\/wp-json\/wp\/v2\/product_brand?post=2841"},{"taxonomy":"product_cat","embeddable":true,"href":"https:\/\/antcube.shop\/nb\/wp-json\/wp\/v2\/product_cat?post=2841"},{"taxonomy":"product_tag","embeddable":true,"href":"https:\/\/antcube.shop\/nb\/wp-json\/wp\/v2\/product_tag?post=2841"}],"curies":[{"name":"wp","href":"https:\/\/api.w.org\/{rel}","templated":true}]}}