{"id":2839,"date":"2021-10-13T18:37:12","date_gmt":"2021-10-13T16:37:12","guid":{"rendered":"https:\/\/antcube.shop\/produkt\/bodengrund-regenwald-1-kg\/"},"modified":"2026-04-15T21:10:20","modified_gmt":"2026-04-15T19:10:20","slug":"bodengrund-regenwald-1-kg","status":"publish","type":"product","link":"https:\/\/antcube.shop\/nb\/produkt\/bodengrund-regenwald-1-kg\/","title":{"rendered":"Substrat - Regnskog - 1 kg"},"content":{"rendered":"<p><strong>Innhold:<\/strong> 1 kg<\/p>\n<p><strong>Materiell:<\/strong> sand, torv, humus, leire, osv.<\/p>\n<p><strong>Farge:<\/strong> brun, beige<\/p>\n<p><strong>Beskrivelse:<\/strong> Denne naturlige regnskogjorden best\u00e5r av en blanding av sand, torv, humus og leire.<br \/>\nDet har et litt lavere leireinnhold enn vanlig regnskogjord, men dette gj\u00f8r det lettere for maurene \u00e5 grave og aksepteres mye bedre av maurene. Det er egnet for alle maurarter som lever i regnskogsjord eller generelt i fuktige tropiske habitater.<\/p>\n<p><strong>Bruksomr\u00e5de:<\/strong> Gravejord kan brukes til reir og arenaomr\u00e5de!<\/p>\n<p><strong>Merk:<\/strong> siden dette er et rent naturprodukt, kan det v\u00e6re sm\u00e5 forskjeller i farge og struktur som vi ikke kan p\u00e5virke.<\/p>\n<p><strong>Viktig:<\/strong> Fukt substratet f\u00f8r bruk, slik at blandingen kan kombinere og utvikle et fast grep i maurfarmen. I tillegg kan for t\u00f8rt og st\u00f8vete substrat f\u00f8re til blokkering av maurens luftveier og i verste fall kveles dyrene.<\/p>","protected":false},"excerpt":{"rendered":"<p>Naturlig spesielt habitat jordsmonn\/substrat<\/p>","protected":false},"featured_media":5501,"comment_status":"open","ping_status":"closed","template":"","meta":{"_acf_changed":false,"content-type":"","_monsterinsights_skip_tracking":false,"_monsterinsights_sitenote_active":false,"_monsterinsights_sitenote_note":"","_monsterinsights_sitenote_category":0},"product_brand":[],"product_cat":[96],"product_tag":[],"class_list":{"0":"post-2839","1":"product","2":"type-product","3":"status-publish","4":"has-post-thumbnail","6":"product_cat-soil","8":"first","9":"instock","10":"taxable","11":"shipping-taxable","12":"purchasable","13":"product-type-simple"},"acf":[],"aioseo_notices":[],"jetpack_sharing_enabled":true,"_links":{"self":[{"href":"https:\/\/antcube.shop\/nb\/wp-json\/wp\/v2\/product\/2839","targetHints":{"allow":["GET"]}}],"collection":[{"href":"https:\/\/antcube.shop\/nb\/wp-json\/wp\/v2\/product"}],"about":[{"href":"https:\/\/antcube.shop\/nb\/wp-json\/wp\/v2\/types\/product"}],"replies":[{"embeddable":true,"href":"https:\/\/antcube.shop\/nb\/wp-json\/wp\/v2\/comments?post=2839"}],"wp:featuredmedia":[{"embeddable":true,"href":"https:\/\/antcube.shop\/nb\/wp-json\/wp\/v2\/media\/5501"}],"wp:attachment":[{"href":"https:\/\/antcube.shop\/nb\/wp-json\/wp\/v2\/media?parent=2839"}],"wp:term":[{"taxonomy":"product_brand","embeddable":true,"href":"https:\/\/antcube.shop\/nb\/wp-json\/wp\/v2\/product_brand?post=2839"},{"taxonomy":"product_cat","embeddable":true,"href":"https:\/\/antcube.shop\/nb\/wp-json\/wp\/v2\/product_cat?post=2839"},{"taxonomy":"product_tag","embeddable":true,"href":"https:\/\/antcube.shop\/nb\/wp-json\/wp\/v2\/product_tag?post=2839"}],"curies":[{"name":"wp","href":"https:\/\/api.w.org\/{rel}","templated":true}]}}