{"id":2837,"date":"2021-10-13T18:36:53","date_gmt":"2021-10-13T16:36:53","guid":{"rendered":"https:\/\/antcube.shop\/produkt\/bodengrund-wald-1-kg\/"},"modified":"2026-04-04T17:56:25","modified_gmt":"2026-04-04T15:56:25","slug":"bodengrund-wald-1-kg","status":"publish","type":"product","link":"https:\/\/antcube.shop\/nb\/produkt\/bodengrund-wald-1-kg\/","title":{"rendered":"Substrat - Skog - 1 kg"},"content":{"rendered":"<p><strong>Innhold:<\/strong> 1 kg<\/p>\n<p><strong>Materiell:<\/strong> sand, torv, humus, leire, siktet.<\/p>\n<p><strong>Farge:<\/strong> m\u00f8rk gr\u00e5, beige<\/p>\n<p><strong>Beskrivelse:<\/strong> Denne opprinnelige skogsjorden best\u00e5r av naturlige fiberkomponenter.<br \/>\nDet er et naturlig substrat for alle maurarter som lever i skogsjord.<\/p>\n<p><strong>Bruksomr\u00e5de:<\/strong> Gravejord kan brukes til reir og arenaomr\u00e5de! Har en lavere styrke i forhold til bakken-beige, spesielt i t\u00f8rr tilstand.<\/p>\n<p><strong>Merk:<\/strong> siden dette er et rent naturprodukt, kan det v\u00e6re sm\u00e5 forskjeller i farge og struktur som vi ikke kan p\u00e5virke.<\/p>\n<p><strong>Viktig:<\/strong> Fukt substratet f\u00f8r bruk, slik at blandingen kan kombinere og utvikle et fast grep i maurfarmen. I tillegg kan for t\u00f8rt og st\u00f8vete substrat f\u00f8re til blokkering av maurens luftveier og i verste fall kveles dyrene.<\/p>","protected":false},"excerpt":{"rendered":"<p>Naturlig spesielt habitat jordsmonn\/substrat<\/p>","protected":false},"featured_media":5503,"comment_status":"open","ping_status":"closed","template":"","meta":{"_acf_changed":false,"content-type":"","_monsterinsights_skip_tracking":false,"_monsterinsights_sitenote_active":false,"_monsterinsights_sitenote_note":"","_monsterinsights_sitenote_category":0},"product_brand":[],"product_cat":[96],"product_tag":[],"class_list":{"0":"post-2837","1":"product","2":"type-product","3":"status-publish","4":"has-post-thumbnail","6":"product_cat-soil","8":"first","9":"instock","10":"taxable","11":"shipping-taxable","12":"purchasable","13":"product-type-simple"},"acf":[],"aioseo_notices":[],"jetpack_sharing_enabled":true,"_links":{"self":[{"href":"https:\/\/antcube.shop\/nb\/wp-json\/wp\/v2\/product\/2837","targetHints":{"allow":["GET"]}}],"collection":[{"href":"https:\/\/antcube.shop\/nb\/wp-json\/wp\/v2\/product"}],"about":[{"href":"https:\/\/antcube.shop\/nb\/wp-json\/wp\/v2\/types\/product"}],"replies":[{"embeddable":true,"href":"https:\/\/antcube.shop\/nb\/wp-json\/wp\/v2\/comments?post=2837"}],"wp:featuredmedia":[{"embeddable":true,"href":"https:\/\/antcube.shop\/nb\/wp-json\/wp\/v2\/media\/5503"}],"wp:attachment":[{"href":"https:\/\/antcube.shop\/nb\/wp-json\/wp\/v2\/media?parent=2837"}],"wp:term":[{"taxonomy":"product_brand","embeddable":true,"href":"https:\/\/antcube.shop\/nb\/wp-json\/wp\/v2\/product_brand?post=2837"},{"taxonomy":"product_cat","embeddable":true,"href":"https:\/\/antcube.shop\/nb\/wp-json\/wp\/v2\/product_cat?post=2837"},{"taxonomy":"product_tag","embeddable":true,"href":"https:\/\/antcube.shop\/nb\/wp-json\/wp\/v2\/product_tag?post=2837"}],"curies":[{"name":"wp","href":"https:\/\/api.w.org\/{rel}","templated":true}]}}