{"id":2835,"date":"2021-10-13T18:36:34","date_gmt":"2021-10-13T16:36:34","guid":{"rendered":"https:\/\/antcube.shop\/produkt\/fotoruckwand-regenwald-20x10-quer\/"},"modified":"2026-03-13T15:03:46","modified_gmt":"2026-03-13T14:03:46","slug":"fotoruckwand-regenwald-20x10-quer","status":"publish","type":"product","link":"https:\/\/antcube.shop\/nb\/produkt\/fotoruckwand-regenwald-20x10-quer\/","title":{"rendered":"Foto bakvegg - Regnskog - 20\u00d710 - landskap"},"content":{"rendered":"<p><strong>Dimensjoner:<\/strong> 20x10cm<\/p>\n<p><strong>Materiell:<\/strong> Glanset foliepapir<\/p>\n<p><strong>Innhold:<\/strong> 1x foto bakvegg<\/p>\n<p><strong>Beskrivelse:<\/strong> Denne fotobakveggen er limt p\u00e5 baksiden av formicariumet fra utsiden for \u00e5 gi inntrykk av et milj\u00f8 som tilsvarer maurens naturlige habitat.<\/p>","protected":false},"excerpt":{"rendered":"<p>Materiale: Glanset foliepapir<\/p>","protected":false},"featured_media":5541,"comment_status":"open","ping_status":"closed","template":"","meta":{"_acf_changed":false,"content-type":"","_monsterinsights_skip_tracking":false,"_monsterinsights_sitenote_active":false,"_monsterinsights_sitenote_note":"","_monsterinsights_sitenote_category":0},"product_brand":[],"product_cat":[97,106],"product_tag":[],"class_list":{"0":"post-2835","1":"product","2":"type-product","3":"status-publish","4":"has-post-thumbnail","6":"product_cat-photo-backwalls","7":"product_cat-rainforest-photo-backwall","9":"first","10":"instock","11":"taxable","12":"shipping-taxable","13":"purchasable","14":"product-type-simple"},"acf":[],"aioseo_notices":[],"jetpack_sharing_enabled":true,"_links":{"self":[{"href":"https:\/\/antcube.shop\/nb\/wp-json\/wp\/v2\/product\/2835","targetHints":{"allow":["GET"]}}],"collection":[{"href":"https:\/\/antcube.shop\/nb\/wp-json\/wp\/v2\/product"}],"about":[{"href":"https:\/\/antcube.shop\/nb\/wp-json\/wp\/v2\/types\/product"}],"replies":[{"embeddable":true,"href":"https:\/\/antcube.shop\/nb\/wp-json\/wp\/v2\/comments?post=2835"}],"wp:featuredmedia":[{"embeddable":true,"href":"https:\/\/antcube.shop\/nb\/wp-json\/wp\/v2\/media\/5541"}],"wp:attachment":[{"href":"https:\/\/antcube.shop\/nb\/wp-json\/wp\/v2\/media?parent=2835"}],"wp:term":[{"taxonomy":"product_brand","embeddable":true,"href":"https:\/\/antcube.shop\/nb\/wp-json\/wp\/v2\/product_brand?post=2835"},{"taxonomy":"product_cat","embeddable":true,"href":"https:\/\/antcube.shop\/nb\/wp-json\/wp\/v2\/product_cat?post=2835"},{"taxonomy":"product_tag","embeddable":true,"href":"https:\/\/antcube.shop\/nb\/wp-json\/wp\/v2\/product_tag?post=2835"}],"curies":[{"name":"wp","href":"https:\/\/api.w.org\/{rel}","templated":true}]}}