{"id":2828,"date":"2021-10-13T18:35:27","date_gmt":"2021-10-13T16:35:27","guid":{"rendered":"https:\/\/antcube.shop\/produkt\/formicarienstopfen-fur-27mm-bohrung\/"},"modified":"2026-04-12T23:25:17","modified_gmt":"2026-04-12T21:25:17","slug":"formicarienstopfen-pels-27mm-bohrung","status":"publish","type":"product","link":"https:\/\/antcube.shop\/nb\/produkt\/formicarienstopfen-pels-27mm-bohrung\/","title":{"rendered":"Formicarium plugg for 27mm hull"},"content":{"rendered":"<p><strong>Mengde:<\/strong> 1 stk.<\/p>\n<p><strong>Dimensjoner:<\/strong> 31 x 10 mm<\/p>\n<p><strong>Materiell:<\/strong> PE-plast<\/p>\n<p><strong>Farge:<\/strong> gjennomsiktig, melkeaktig<\/p>\n<p><strong>Beskrivelse:<\/strong> For lukking av runde \u00e5pninger i formicarium med 50 mm diameter.<br \/>\nMot en ekstra kostnad tilbyr vi ogs\u00e5 \u00e5 skj\u00e6re hull i pluggen p\u00e5 foresp\u00f8rsel.<\/p>","protected":false},"excerpt":{"rendered":"<p>Antall: 1 stk Dimensjoner: 31 x 10mm Materiale: PE-plast Farge: gjennomsiktig, melkeaktig Beskrivelse: For \u00e5 lukke runde \u00e5pninger i formicarium med 27mm diameter. For en ekstra kostnad tilbyr vi ogs\u00e5 \u00e5 kutte hull i pluggen p\u00e5 foresp\u00f8rsel.<\/p>","protected":false},"featured_media":342,"comment_status":"open","ping_status":"closed","template":"","meta":{"_acf_changed":false,"content-type":"","_monsterinsights_skip_tracking":false,"_monsterinsights_sitenote_active":false,"_monsterinsights_sitenote_note":"","_monsterinsights_sitenote_category":0},"product_brand":[],"product_cat":[238],"product_tag":[],"class_list":{"0":"post-2828","1":"product","2":"type-product","3":"status-publish","4":"has-post-thumbnail","6":"product_cat-grid-caps-plugs-and-inserts","8":"first","9":"instock","10":"taxable","11":"shipping-taxable","12":"purchasable","13":"product-type-simple"},"acf":[],"aioseo_notices":[],"jetpack_sharing_enabled":true,"_links":{"self":[{"href":"https:\/\/antcube.shop\/nb\/wp-json\/wp\/v2\/product\/2828","targetHints":{"allow":["GET"]}}],"collection":[{"href":"https:\/\/antcube.shop\/nb\/wp-json\/wp\/v2\/product"}],"about":[{"href":"https:\/\/antcube.shop\/nb\/wp-json\/wp\/v2\/types\/product"}],"replies":[{"embeddable":true,"href":"https:\/\/antcube.shop\/nb\/wp-json\/wp\/v2\/comments?post=2828"}],"wp:featuredmedia":[{"embeddable":true,"href":"https:\/\/antcube.shop\/nb\/wp-json\/wp\/v2\/media\/342"}],"wp:attachment":[{"href":"https:\/\/antcube.shop\/nb\/wp-json\/wp\/v2\/media?parent=2828"}],"wp:term":[{"taxonomy":"product_brand","embeddable":true,"href":"https:\/\/antcube.shop\/nb\/wp-json\/wp\/v2\/product_brand?post=2828"},{"taxonomy":"product_cat","embeddable":true,"href":"https:\/\/antcube.shop\/nb\/wp-json\/wp\/v2\/product_cat?post=2828"},{"taxonomy":"product_tag","embeddable":true,"href":"https:\/\/antcube.shop\/nb\/wp-json\/wp\/v2\/product_tag?post=2828"}],"curies":[{"name":"wp","href":"https:\/\/api.w.org\/{rel}","templated":true}]}}