{"id":2826,"date":"2021-10-13T18:34:38","date_gmt":"2021-10-13T16:34:38","guid":{"rendered":"https:\/\/antcube.shop\/produkt\/schaumstoffwischer-150x18x25mm-5er-pack\/"},"modified":"2026-04-08T16:06:12","modified_gmt":"2026-04-08T14:06:12","slug":"schaumstoffwischer-150x18x25mm-5er-pakning","status":"publish","type":"product","link":"https:\/\/antcube.shop\/nb\/produkt\/schaumstoffwischer-150x18x25mm-5er-pakning\/","title":{"rendered":"Skumvisker 150x18x2,5mm - pakke med 5 stk."},"content":{"rendered":"<p><strong>Dimensjoner:<\/strong> 150mm lengde, skumhode 40x40x20mm.<\/p>\n<p><strong>Mengde:<\/strong> 5 stk.<\/p>\n<p><strong>Materiell:<\/strong> skum, PS<\/p>\n<p><strong>Beskrivelse:<\/strong><br \/>\nSkumvisker med firkantet hode for forskjellige bruksomr\u00e5der.<br \/>\nEksempler:<br \/>\n1.) \u00e5 rengj\u00f8re vinduer.<\/p>\n<p>2.) Som en honningsvamp<\/p>\n<p>3.) Som et drikketrog, siden det suger vann<\/p>\n<p>4.) for \u00e5 p\u00e5f\u00f8re utbruddsbeskyttelsesoljen<\/p>\n<p>&nbsp;<\/p>","protected":false},"excerpt":{"rendered":"<p>Dimensjoner: 150mm lengde, skumhode 40x40x20mm. Antall: 5 stk. Materiale: skum, PS Beskrivelse: Skumvisker med firkantet hode for forskjellige bruksomr\u00e5der. Eksempler: 1.) for \u00e5 rengj\u00f8re vinduer. 2.) Som en honning svamp 3.) Som et drikketrog, siden det suger vann 4.) for \u00e5 p\u00e5f\u00f8re utbruddsbeskyttelsesoljen &nbsp;<\/p>","protected":false},"featured_media":307,"comment_status":"open","ping_status":"closed","template":"","meta":{"_acf_changed":false,"content-type":"","_monsterinsights_skip_tracking":false,"_monsterinsights_sitenote_active":false,"_monsterinsights_sitenote_note":"","_monsterinsights_sitenote_category":0},"product_brand":[],"product_cat":[237],"product_tag":[],"class_list":{"0":"post-2826","1":"product","2":"type-product","3":"status-publish","4":"has-post-thumbnail","6":"product_cat-tools","8":"first","9":"instock","10":"taxable","11":"shipping-taxable","12":"purchasable","13":"product-type-simple"},"acf":[],"aioseo_notices":[],"jetpack_sharing_enabled":true,"_links":{"self":[{"href":"https:\/\/antcube.shop\/nb\/wp-json\/wp\/v2\/product\/2826","targetHints":{"allow":["GET"]}}],"collection":[{"href":"https:\/\/antcube.shop\/nb\/wp-json\/wp\/v2\/product"}],"about":[{"href":"https:\/\/antcube.shop\/nb\/wp-json\/wp\/v2\/types\/product"}],"replies":[{"embeddable":true,"href":"https:\/\/antcube.shop\/nb\/wp-json\/wp\/v2\/comments?post=2826"}],"wp:featuredmedia":[{"embeddable":true,"href":"https:\/\/antcube.shop\/nb\/wp-json\/wp\/v2\/media\/307"}],"wp:attachment":[{"href":"https:\/\/antcube.shop\/nb\/wp-json\/wp\/v2\/media?parent=2826"}],"wp:term":[{"taxonomy":"product_brand","embeddable":true,"href":"https:\/\/antcube.shop\/nb\/wp-json\/wp\/v2\/product_brand?post=2826"},{"taxonomy":"product_cat","embeddable":true,"href":"https:\/\/antcube.shop\/nb\/wp-json\/wp\/v2\/product_cat?post=2826"},{"taxonomy":"product_tag","embeddable":true,"href":"https:\/\/antcube.shop\/nb\/wp-json\/wp\/v2\/product_tag?post=2826"}],"curies":[{"name":"wp","href":"https:\/\/api.w.org\/{rel}","templated":true}]}}