{"id":2825,"date":"2021-10-13T18:33:32","date_gmt":"2021-10-13T16:33:32","guid":{"rendered":"https:\/\/antcube.shop\/produkt\/ytongnest-20x20\/"},"modified":"2026-04-16T20:25:13","modified_gmt":"2026-04-16T18:25:13","slug":"ytongnest-20x20","status":"publish","type":"product","link":"https:\/\/antcube.shop\/nb\/produkt\/ytongnest-20x20\/","title":{"rendered":"Ytongnest - 20\u00d720"},"content":{"rendered":"<p><strong>Materiell:<\/strong> porebetong, glass, PMMA-plast og PVC-plast<\/p>\n<p><strong>Forbindelse:<\/strong> 2x 14 mm hull<\/p>\n<p><strong>Innhold:<\/strong><br \/>\n1x luftbetongblokk 40x20x5 cm med 20 mm dype kamre.<br \/>\n1x glassplate 20\u00d720 cm med en 50 mm \u00e5pning<br \/>\n1x 50mm ring med 27mm \u00e5pning<br \/>\n2x Formicarium plugg 13mm<br \/>\n1x Formicarium plugg 27mm<\/p>\n<p><strong>Beskrivelse:<\/strong><br \/>\nYtong er et merkenavn, selve materialet kalles porebetong.<br \/>\nP\u00e5 grunn av den vannholdende egenskapen er materialet godt egnet for maurhold.<br \/>\nDet er mulig \u00e5 holde i det et stort antall gravende arter, b\u00e5de fra t\u00f8rre og v\u00e5te habitater.<br \/>\nAvhengig av maurart anbefales det \u00e5 dekke bunnen av kamrene med jordsubstrat. Noen arter f\u00f8ler seg mer komfortable p\u00e5 denne m\u00e5ten, og for eksempel Ponerinae-arter (Ura maur) trenger jord slik at larvene deres kan forpuppe seg ordentlig.<br \/>\nVi anbefaler \u00e5 feste en arena til reiret for \u00e5 bruke det som et komplett formicarium.<\/p>\n<p><strong>Tips:<\/strong><br \/>\nFor \u00e5 forhindre at vann lekker ut av Ytong etter \u00e5 ha fuktet reiromr\u00e5det og samler seg p\u00e5 overflaten av m\u00f8blene under, eller at det grove materialet riper overflatene, anbefaler vi \u00e5 bestille en av v\u00e5re matchende glasskar som passer til v\u00e5re Ytong-reir. Disse er vanntette og beskytter de underliggende overflatene effektivt mot vann og ripeskader.<\/p>\n<p><strong>Bruk:<\/strong><br \/>\n<strong>For maurarter i st\u00f8rrelse M - L.<\/strong><br \/>\nPorebetong er et veldig spr\u00f8tt og skj\u00f8rt materiale. P\u00e5 grunn av produksjonsprosessen er det derfor umulig \u00e5 forhindre at hj\u00f8rner og kanter viser sm\u00e5 brudd og ujevnheter.<br \/>\nP\u00e5 grunn av dette er Ytong-reir ikke egnet for veldig sm\u00e5 maurarter av st\u00f8rrelse S, da disse artene lett kan bryte ut her.<\/p>","protected":false},"excerpt":{"rendered":"<p>Tilkobling: 2x 14 mm \u00e5pning<br \/>\nSt\u00f8rrelse: <strong><span style=\"color: #339966;\">M<\/span><\/strong><strong> &#8211; <span style=\"color: #0000ff;\">L<\/span><\/strong><\/p>","protected":false},"featured_media":3010,"comment_status":"open","ping_status":"closed","template":"","meta":{"_acf_changed":false,"content-type":"","_monsterinsights_skip_tracking":false,"_monsterinsights_sitenote_active":false,"_monsterinsights_sitenote_note":"","_monsterinsights_sitenote_category":0},"product_brand":[],"product_cat":[80,86],"product_tag":[],"class_list":{"0":"post-2825","1":"product","2":"type-product","3":"status-publish","4":"has-post-thumbnail","6":"product_cat-antfarms","7":"product_cat-formicariums","9":"first","10":"instock","11":"taxable","12":"shipping-taxable","13":"purchasable","14":"product-type-simple"},"acf":[],"aioseo_notices":[],"jetpack_sharing_enabled":true,"_links":{"self":[{"href":"https:\/\/antcube.shop\/nb\/wp-json\/wp\/v2\/product\/2825","targetHints":{"allow":["GET"]}}],"collection":[{"href":"https:\/\/antcube.shop\/nb\/wp-json\/wp\/v2\/product"}],"about":[{"href":"https:\/\/antcube.shop\/nb\/wp-json\/wp\/v2\/types\/product"}],"replies":[{"embeddable":true,"href":"https:\/\/antcube.shop\/nb\/wp-json\/wp\/v2\/comments?post=2825"}],"wp:featuredmedia":[{"embeddable":true,"href":"https:\/\/antcube.shop\/nb\/wp-json\/wp\/v2\/media\/3010"}],"wp:attachment":[{"href":"https:\/\/antcube.shop\/nb\/wp-json\/wp\/v2\/media?parent=2825"}],"wp:term":[{"taxonomy":"product_brand","embeddable":true,"href":"https:\/\/antcube.shop\/nb\/wp-json\/wp\/v2\/product_brand?post=2825"},{"taxonomy":"product_cat","embeddable":true,"href":"https:\/\/antcube.shop\/nb\/wp-json\/wp\/v2\/product_cat?post=2825"},{"taxonomy":"product_tag","embeddable":true,"href":"https:\/\/antcube.shop\/nb\/wp-json\/wp\/v2\/product_tag?post=2825"}],"curies":[{"name":"wp","href":"https:\/\/api.w.org\/{rel}","templated":true}]}}