{"id":2824,"date":"2021-10-13T18:33:13","date_gmt":"2021-10-13T16:33:13","guid":{"rendered":"https:\/\/antcube.shop\/produkt\/food-mix-set-fur-kornersammler\/"},"modified":"2026-04-08T08:48:03","modified_gmt":"2026-04-08T06:48:03","slug":"matblanding-sett-for-korninnsamlende-maurer","status":"publish","type":"product","link":"https:\/\/antcube.shop\/nb\/produkt\/matblanding-sett-for-korninnsamlende-maurer\/","title":{"rendered":"Matblandingssett - for maur som samler korn"},"content":{"rendered":"<p><strong>Innhold:<\/strong> 2 ml per tilf\u00f8rselsslange<br \/>\n2x kornf\u00f4r Minor (Mi)<br \/>\n1x kornmat Media (Me)<br \/>\n1x kornmat Major (Ma)<br \/>\n1x blomsterpollen (B)<br \/>\n1x karbohydratf\u00f4r (K)<br \/>\n2x Proteinf\u00f4r (PP)<br \/>\n1x proteinf\u00f4r FD insekter Pi)<br \/>\n1x fruktf\u00f4r (F)<\/p>\n<p><span data-text-color=\"alert\"><strong>Oppmerksomhet:<\/strong> <\/span>Bland pulveret med en dr\u00e5pe vann, da det ikke aksepteres av dyrene n\u00e5r det er t\u00f8rt!<\/p>\n<p><strong>Beskrivelse:<\/strong> Dette er et f\u00f4rsett for kornsamlende arter som slekten Messor og inneholder proteiner, karbohydrater og korn\/fr\u00f8 til alle arbeiderbokser. Siden de individuelle matrasjonene er i separate r\u00f8r, er de enkle \u00e5 dosere.<\/p>\n<p><strong>Bruk \/ anvendelse:<\/strong><br \/>\nProteinf\u00f4r = for insektetende maurarter (Eulipotyphla).<br \/>\nDet er et tilleggsf\u00f4r (blandet f\u00f4r).<br \/>\nDet skal blandes med en dr\u00e5pe vann, og i v\u00e5t tilstand kan det bare oppbevares 1 dag. Rengj\u00f8r f\u00f4ringssk\u00e5len \/ r\u00f8ret grundig f\u00f8r gjenbruk.<br \/>\nEn \u00e5pnet pakning skal brukes godt lukket (hvis den oppbevares t\u00f8rt) til den angitte holdbarhetsdatoen.<\/p>\n<p>Proteinf\u00f4r FD = for insektetende maurarter (Eulipotyphla)<br \/>\nDet er et tilleggsf\u00f4r (f\u00f4rblanding).<br \/>\nDet skal blandes med en dr\u00e5pe vann og kan deretter bare oppbevares 1 dag n\u00e5r det er v\u00e5tt. Rengj\u00f8r f\u00f4ringssk\u00e5len\/slangen grundig f\u00f8r den brukes p\u00e5 nytt.<br \/>\nEn \u00e5pnet pakning skal brukes godt lukket (hvis den oppbevares t\u00f8rt) til den angitte holdbarhetsdatoen.<\/p>\n<p>Karbohydratmat = for sukker\/honningspisende maurarter.<br \/>\nDet er et tilleggsf\u00f4r (f\u00f4rblanding).<br \/>\nDet kan blandes med en dr\u00e5pe vann og har da en holdbarhet p\u00e5 3 dager n\u00e5r det er v\u00e5tt. Rengj\u00f8r f\u00f4ringssk\u00e5len\/slangen grundig f\u00f8r den brukes p\u00e5 nytt.<br \/>\nEn \u00e5pnet pakning skal brukes godt lukket (hvis den oppbevares t\u00f8rt) til den angitte holdbarhetsdatoen.<\/p>\n<p>Fruktmat = for fruktspisende maurarter (frugivorer)<br \/>\nDet er et tilleggsf\u00f4r (enkeltf\u00f4r).<br \/>\nDet kan blandes med en dr\u00e5pe vann og har en holdbarhet p\u00e5 3 dager n\u00e5r det er v\u00e5tt. Rengj\u00f8r f\u00f4ringssk\u00e5len\/slangen grundig f\u00f8r den brukes p\u00e5 nytt.<br \/>\nEn \u00e5pnet pakning skal brukes godt lukket (hvis den oppbevares t\u00f8rt) til den angitte holdbarhetsdatoen.<\/p>\n<p>Blomsterpollen = for maurarter som spiser blomsterpollen.<br \/>\nDet er et tilleggsf\u00f4r (enkeltf\u00f4r).<br \/>\nDet kan tilbys dyrene i levert tilstand. Siden fuktighet myker opp konsistensen, b\u00f8r f\u00f4ret skiftes ut hver 5. dag. Rengj\u00f8r f\u00f4ringssk\u00e5len\/r\u00f8ret grundig f\u00f8r gjenbruk.<br \/>\nEn \u00e5pnet pakning skal brukes godt lukket (hvis den oppbevares t\u00f8rt) til den angitte holdbarhetsdatoen.<\/p>\n<p>Kornf\u00f4r Mindre<br \/>\nKornf\u00f4r Media<br \/>\nKornmat Major = for kornspisende maurarter = (granivorer)<br \/>\nDet er et tilleggsf\u00f4r (blandet f\u00f4r).<br \/>\nDet kan tilbys dyrene i levert tilstand. F\u00f4rsk\u00e5len\/r\u00f8ret skal plasseres p\u00e5 et t\u00f8rt sted. I fuktig tilstand kan kornene (fr\u00f8ene) begynne \u00e5 spire. Hvis dette oppdages, b\u00f8r f\u00f4ret skiftes ut.<br \/>\nEn \u00e5pnet pakning skal brukes godt lukket (hvis den oppbevares t\u00f8rt) til den angitte holdbarhetsdatoen.<\/p>\n<p><strong>Merknad:<\/strong><br \/>\nInformasjon om hvordan du bruker f\u00f4rslangene finner du her: Lenke<br \/>\nKomplett f\u00f4r for kornspisende maur.<br \/>\nSe pakningsvedlegget for sammensetning, analytiske ingredienser, holdbarhetsdato og partinummer.<\/p>\n<p>Informasjonstelefon +49 30 439703870<\/p>\n<p>Ansvarlig veterin\u00e6r- og n\u00e6ringsmiddeltilsynsmyndighet:<br \/>\nSteglitz veterin\u00e6rkontor<br \/>\nK\u00f6nigin-Luise-Str. 92<br \/>\n14195 Berlin<\/p>\n<p>&nbsp;<\/p>","protected":false},"excerpt":{"rendered":"<p>Fullf\u00f4r<\/p>","protected":false},"featured_media":308,"comment_status":"open","ping_status":"closed","template":"","meta":{"_acf_changed":false,"content-type":"","_monsterinsights_skip_tracking":false,"_monsterinsights_sitenote_active":false,"_monsterinsights_sitenote_note":"","_monsterinsights_sitenote_category":0},"product_brand":[],"product_cat":[115,116],"product_tag":[],"class_list":{"0":"post-2824","1":"product","2":"type-product","3":"status-publish","4":"has-post-thumbnail","6":"product_cat-food-and-feeding","7":"product_cat-food","9":"first","10":"instock","11":"taxable","12":"shipping-taxable","13":"purchasable","14":"product-type-simple"},"acf":[],"aioseo_notices":[],"jetpack_sharing_enabled":true,"_links":{"self":[{"href":"https:\/\/antcube.shop\/nb\/wp-json\/wp\/v2\/product\/2824","targetHints":{"allow":["GET"]}}],"collection":[{"href":"https:\/\/antcube.shop\/nb\/wp-json\/wp\/v2\/product"}],"about":[{"href":"https:\/\/antcube.shop\/nb\/wp-json\/wp\/v2\/types\/product"}],"replies":[{"embeddable":true,"href":"https:\/\/antcube.shop\/nb\/wp-json\/wp\/v2\/comments?post=2824"}],"wp:featuredmedia":[{"embeddable":true,"href":"https:\/\/antcube.shop\/nb\/wp-json\/wp\/v2\/media\/308"}],"wp:attachment":[{"href":"https:\/\/antcube.shop\/nb\/wp-json\/wp\/v2\/media?parent=2824"}],"wp:term":[{"taxonomy":"product_brand","embeddable":true,"href":"https:\/\/antcube.shop\/nb\/wp-json\/wp\/v2\/product_brand?post=2824"},{"taxonomy":"product_cat","embeddable":true,"href":"https:\/\/antcube.shop\/nb\/wp-json\/wp\/v2\/product_cat?post=2824"},{"taxonomy":"product_tag","embeddable":true,"href":"https:\/\/antcube.shop\/nb\/wp-json\/wp\/v2\/product_tag?post=2824"}],"curies":[{"name":"wp","href":"https:\/\/api.w.org\/{rel}","templated":true}]}}