{"id":2821,"date":"2021-10-13T18:28:32","date_gmt":"2021-10-13T16:28:32","guid":{"rendered":"https:\/\/antcube.shop\/produkt\/handlupe-2fach-30mm\/"},"modified":"2026-04-23T18:25:28","modified_gmt":"2026-04-23T16:25:28","slug":"handlupe-2fach-30mm","status":"publish","type":"product","link":"https:\/\/antcube.shop\/nb\/produkt\/handlupe-2fach-30mm\/","title":{"rendered":"H\u00e5ndlupe - 2x - 30 mm"},"content":{"rendered":"<p><strong>Dimensjoner (LxBxH):<\/strong> 80x36x2 mm<\/p>\n<p><strong>Materiell:<\/strong> plast<\/p>\n<p><strong>Farge:<\/strong> gjennomsiktig<\/p>\n<p><strong>Innhold:<\/strong><br \/>\n<strong>1x<\/strong> h\u00e5ndlupe<\/p>\n<p><strong>Tekniske spesifikasjoner:<\/strong><br \/>\nForst\u00f8rrelse = 2x<\/p>\n<p><strong>Beskrivelse\/anvendelse:<\/strong><br \/>\nH\u00e5ndlupe for kontroll av maur eller f\u00f4ringsinsekter.<\/p>\n<p><strong>Merknad:<\/strong><br \/>\nEnkel behandling og enkel kvalitet, fordi den er laget av plast og er f\u00f8lsom for riper.<\/p>","protected":false},"excerpt":{"rendered":"<p>Dimensjoner (LxBxH): 80x36x2 mm Materiale: plast Farge: gjennomsiktig Innhold: 1x h\u00e5ndlupe Tekniske spesifikasjoner: Forst\u00f8rrelse = 2x Beskrivelse \/ applikasjon: H\u00e5ndlupe for kontroll av maur eller f\u00f4ring av insekter. Legg merke til: Enkel behandling og enkel kvalitet, fordi laget av plast og er f\u00f8lsom for riper.<\/p>","protected":false},"featured_media":310,"comment_status":"open","ping_status":"closed","template":"","meta":{"_acf_changed":false,"content-type":"","_monsterinsights_skip_tracking":false,"_monsterinsights_sitenote_active":false,"_monsterinsights_sitenote_note":"","_monsterinsights_sitenote_category":0},"product_brand":[],"product_cat":[237],"product_tag":[],"class_list":{"0":"post-2821","1":"product","2":"type-product","3":"status-publish","4":"has-post-thumbnail","6":"product_cat-tools","8":"first","9":"instock","10":"taxable","11":"shipping-taxable","12":"purchasable","13":"product-type-simple"},"acf":[],"aioseo_notices":[],"jetpack_sharing_enabled":true,"_links":{"self":[{"href":"https:\/\/antcube.shop\/nb\/wp-json\/wp\/v2\/product\/2821","targetHints":{"allow":["GET"]}}],"collection":[{"href":"https:\/\/antcube.shop\/nb\/wp-json\/wp\/v2\/product"}],"about":[{"href":"https:\/\/antcube.shop\/nb\/wp-json\/wp\/v2\/types\/product"}],"replies":[{"embeddable":true,"href":"https:\/\/antcube.shop\/nb\/wp-json\/wp\/v2\/comments?post=2821"}],"wp:featuredmedia":[{"embeddable":true,"href":"https:\/\/antcube.shop\/nb\/wp-json\/wp\/v2\/media\/310"}],"wp:attachment":[{"href":"https:\/\/antcube.shop\/nb\/wp-json\/wp\/v2\/media?parent=2821"}],"wp:term":[{"taxonomy":"product_brand","embeddable":true,"href":"https:\/\/antcube.shop\/nb\/wp-json\/wp\/v2\/product_brand?post=2821"},{"taxonomy":"product_cat","embeddable":true,"href":"https:\/\/antcube.shop\/nb\/wp-json\/wp\/v2\/product_cat?post=2821"},{"taxonomy":"product_tag","embeddable":true,"href":"https:\/\/antcube.shop\/nb\/wp-json\/wp\/v2\/product_tag?post=2821"}],"curies":[{"name":"wp","href":"https:\/\/api.w.org\/{rel}","templated":true}]}}