{"id":2820,"date":"2021-10-13T18:28:23","date_gmt":"2021-10-13T16:28:23","guid":{"rendered":"https:\/\/antcube.shop\/produkt\/ameisen-ausbruchsschutz-ol-10ml\/"},"modified":"2026-04-06T17:28:09","modified_gmt":"2026-04-06T15:28:09","slug":"ameisen-ausbruchsschutz-ol-10ml","status":"publish","type":"product","link":"https:\/\/antcube.shop\/nb\/produkt\/ameisen-ausbruchsschutz-ol-10ml\/","title":{"rendered":"Maur fluktbeskyttelse olje 10ml"},"content":{"rendered":"<p><strong>Innhold:<\/strong> 10 ml (nok til ca. 10-15 meter av en 2 cm bred stripe)<\/p>\n<p><strong>Farge:<\/strong> gjennomsiktig, fargel\u00f8s<\/p>\n<p><strong>Materiell:<\/strong> parafinoljebasert<\/p>\n<p><strong>Fordel:<\/strong> Kan brukes p\u00e5 alle glatte overflater som glass eller plast:<\/p>\n<p><strong>Ulempe:<\/strong> Ved store kolonier kan dyrene spre oljen over ruten ved \u00e5 g\u00e5 p\u00e5 oljeoverflaten, slik at ruten m\u00e5 rengj\u00f8res over tid.<\/p>\n<p><strong>Bruksomr\u00e5de:<\/strong> Filmen skal v\u00e6re omtrent 3 ganger s\u00e5 bred i den indre kanten som maurene er lange og p\u00e5f\u00f8res uten \u00e5 dryppe.<\/p>\n<p><strong>Fornyelse:<\/strong> 2-4 m\u00e5neder avhengig av kolonist\u00f8rrelse og \u00e5rstid.<\/p>\n<p><strong>Merk:<\/strong> Dyrene skal bare ha \"f\u00f8ttene\" i kontakt med oljen. Ved stor dryppdannelse er det fare for at dyrene kan f\u00e5 hodet i dryppet og kveles av oljen.<\/p>\n<p><a href=\"https:\/\/antcube.shop\/wp-content\/uploads\/2022\/02\/ant_escape_protection_oil_en.pdf\">Sikkerhetsdatablad for myrbeskyttelsesolje, (PDF 0,1 MB)<\/a><br \/>\n(Inneholder: Sikkerhetsinstruksjoner)<\/p>\n<p>&nbsp;<\/p>","protected":false},"excerpt":{"rendered":"<p>Innhold: 10 ml (nok til ca. 10-15 meter av en 2 cm bred stripe) Farge: gjennomsiktig, fargel\u00f8s Materiale: parafinoljebasert Fordel: Kan brukes p\u00e5 alle glatte overflater som glass eller plast: Ulempe: Ved store kolonier kan dyrene spre oljen over ruten ved \u00e5 g\u00e5 p\u00e5 oljeoverflaten,","protected":false},"featured_media":303,"comment_status":"open","ping_status":"closed","template":"","meta":{"_acf_changed":false,"content-type":"","_monsterinsights_skip_tracking":false,"_monsterinsights_sitenote_active":false,"_monsterinsights_sitenote_note":"","_monsterinsights_sitenote_category":0},"product_brand":[],"product_cat":[237],"product_tag":[],"class_list":{"0":"post-2820","1":"product","2":"type-product","3":"status-publish","4":"has-post-thumbnail","6":"product_cat-tools","8":"first","9":"instock","10":"taxable","11":"shipping-taxable","12":"purchasable","13":"product-type-simple"},"acf":[],"aioseo_notices":[],"jetpack_sharing_enabled":true,"_links":{"self":[{"href":"https:\/\/antcube.shop\/nb\/wp-json\/wp\/v2\/product\/2820","targetHints":{"allow":["GET"]}}],"collection":[{"href":"https:\/\/antcube.shop\/nb\/wp-json\/wp\/v2\/product"}],"about":[{"href":"https:\/\/antcube.shop\/nb\/wp-json\/wp\/v2\/types\/product"}],"replies":[{"embeddable":true,"href":"https:\/\/antcube.shop\/nb\/wp-json\/wp\/v2\/comments?post=2820"}],"wp:featuredmedia":[{"embeddable":true,"href":"https:\/\/antcube.shop\/nb\/wp-json\/wp\/v2\/media\/303"}],"wp:attachment":[{"href":"https:\/\/antcube.shop\/nb\/wp-json\/wp\/v2\/media?parent=2820"}],"wp:term":[{"taxonomy":"product_brand","embeddable":true,"href":"https:\/\/antcube.shop\/nb\/wp-json\/wp\/v2\/product_brand?post=2820"},{"taxonomy":"product_cat","embeddable":true,"href":"https:\/\/antcube.shop\/nb\/wp-json\/wp\/v2\/product_cat?post=2820"},{"taxonomy":"product_tag","embeddable":true,"href":"https:\/\/antcube.shop\/nb\/wp-json\/wp\/v2\/product_tag?post=2820"}],"curies":[{"name":"wp","href":"https:\/\/api.w.org\/{rel}","templated":true}]}}