{"id":2755,"date":"2021-10-08T12:07:42","date_gmt":"2021-10-08T10:07:42","guid":{"rendered":"https:\/\/antcube.shop\/produkt\/antcube-starter-set-l-20x20-digfix\/"},"modified":"2026-03-23T15:57:03","modified_gmt":"2026-03-23T14:57:03","slug":"antcube-starter-sett-l-20x20-digfix","status":"publish","type":"product","link":"https:\/\/antcube.shop\/nb\/produkt\/antcube-starter-sett-l-20x20-digfix\/","title":{"rendered":"ANTCUBE Startsett L - 20\u00d720 - Digfix"},"content":{"rendered":"<p><strong>Innhold:<\/strong><br \/>\n1x ANTCUBE - Arena 20x20x10 - flatt<br \/>\n1x Myr arena ramme 20\u00d720<br \/>\n1x maur arena deksel 20\u00d720<br \/>\n4x festepunkt for arenadekke<br \/>\n1x ANTCUBE - Myretue - L - 20\u00d720 - st\u00e5ende<\/p>\n<p>1x ANTCUBE - Digfix plate 20\u00d720 - S<br \/>\n1x 0,5 m gjennomsiktig 20\/16 mm slange<br \/>\n2x ANTCUBE - r\u00f8d folie 20\u00d720 - filter<br \/>\n1x selvklebende klemmer - gjennomsiktig 2 stk.<br \/>\n1x underlag - sandleire beige - 200g<\/p>\n<p>2x Grid insert acrylic &#8211; 50 mm with sealing ring<br \/>\n1x Grid insert acrylic &#8211; 27 mm with sealing ring<br \/>\n1x Gitterhette - 16 mm - rustfritt st\u00e5l<\/p>\n<p>1x kobling for tankslange 27-14,16,20 mm - transparent<br \/>\n1x Maur fluktbeskyttelse olje 10ml<br \/>\n1x Pincett av fj\u00e6rst\u00e5l - bred - myk<br \/>\n1x Pincett i gjennomsiktig plast<br \/>\n1x plastpipette 3 ml<br \/>\n1x h\u00e5ndlupe - 2x - 30 mm<br \/>\n1x skum visker 150x18x2.5mm<\/p>\n<p>1x drinking clear 5ml &#8211; sponge<br \/>\n1x Feeding dish white rectangle &#8211; 3 compartments<br \/>\n1x Drikkekar 2ml - 360 grader<br \/>\n1x Foil thermometer &#8211; farm<br \/>\n1x Foil thermometer display<\/p>\n<p><strong>Beskrivelse:<\/strong><br \/>\nThis Digfix starter set is suitable for various species of ants, especially those that nest in sand and\/or dead wood. It can be kept dry or slightly moist.<\/p>\n<p>The &#8220;ANTCUBE &#8211; Digfix plate&#8221; can be inserted into the fully transparent farm. The ants dig their tunnels and chambers into the material themselves. If required, additional modules can be connected via the 50 mm holes in the cover, e.g. the separately available foggers, fans or lights. Alternatively, suitable Formicarien plugs are included to close the openings. If desired, the formicarium can also be operated open by simply attaching the removable frame and applying the ant escape protection oil to the edge. The &#8220;Drinking trough 2ml &#8211; 360 degrees&#8221; is intended for honey\/sugar solution, the &#8220;Drinking trough clear 5ml &#8211; sponge&#8221; for water. The &#8220;Foil thermometer display&#8221; can be attached to the frame or the cover and displays the climate values.<\/p>\n<p><strong>Viktig:<\/strong> Fukt substratet f\u00f8r bruk, slik at blandingen kan binde seg og f\u00e5 godt feste i maurtua. Hvis substratet er for t\u00f8rt og st\u00f8vete, kan maurenes luftveier blokkeres, og i verste fall kan dyrene kveles.<\/p>\n<p><strong>Anbefaling: <\/strong>Vi anbefaler et substratlag p\u00e5 2 mm h\u00f8yde, slik at dyrene ikke kan grave seg inn i arenaen og i stedet bruker g\u00e5rden som er beregnet til dette form\u00e5let. Vi anbefaler ogs\u00e5 at redematerialet i g\u00e5rden (sand\/leire, Digfix osv.) er lett prikket p\u00e5 ett sted for \u00e5 gj\u00f8re det lettere for dyrene \u00e5 grave.<\/p>\n<p><strong>Merk: <\/strong>Reiret kan brukes i t\u00f8rre og fuktige formikarier. Hvis reiret holdes permanent fuktig (for v\u00e5tt), kan matrester f\u00f8re til muggvekst.<\/p>\n<p><strong>Merknad om Digfix:<\/strong> Den naturlige fargen kan variere mellom gr\u00f8nn\/gr\u00e5brun og jordbrun. Fargetonen har ingen innvirkning p\u00e5 kvaliteten.<\/p>\n<p><strong>Merknader om produksjon<\/strong><br \/>\nGlasset er tilsk\u00e5ret i henhold til DIN 1249 med en toleranse p\u00e5 +\/- 1 mm. Ekstra beskyttelse mot utbrudd er n\u00f8dvendig for ekstremt sm\u00e5 maurarter.<\/p>\n<p><strong>Merknad om g\u00e5rden<\/strong><br \/>\nV\u00e6r oppmerksom p\u00e5 f\u00f8lgende n\u00e5r du monterer eller fjerner slanger:<br \/>\nHvis slangen er sv\u00e6rt vanskelig \u00e5 f\u00e5 p\u00e5 plass p\u00e5 tilkoblingsmuffen, b\u00f8r muffen gnides lett inn med en dr\u00e5pe av v\u00e5r olje eller pulver som beskytter mot utbrudd. Deretter skal slangen skyves p\u00e5 muffen ved hjelp av vridnings- eller skrubevegelser uten \u00e5 belaste muffen med opp- og nedbevegelser. Det samme gjelder n\u00e5r du fjerner slangene fra g\u00e5rdsstussen. Ikke bare dra den av!<\/p>\n<p><strong>Instruksjoner:<\/strong> (Versjon 2023, den oppdaterte versjonen for 2024 vil v\u00e6re tilgjengelig senest 04\/2024)<\/p>\n<p>- DE <a href=\"https:\/\/www.antstore.net\/shop\/images\/info\/de\/Gebrauchsanweisung%20Starter%20Set%20Digfix.pdf\" data-cke-saved-href=\"https:\/\/www.antstore.net\/shop\/images\/info\/de\/Gebrauchsanweisung%20Starter%20Set%20Digfix.pdf\">Gebrauchsanweisung Startsett Digfix<\/a> (PDF 3,03 MB)<\/p>\n<p>- DA <a href=\"https:\/\/www.antstore.net\/shop\/images\/info\/en\/Instructions%20for%20use%20-%20Starter%20Set%20Digfix.pdf\" data-cke-saved-href=\"https:\/\/www.antstore.net\/shop\/images\/info\/en\/Instructions%20for%20use%20-%20Starter%20Set%20Digfix.pdf\">Bruksanvisning - Startsett Digfix<\/a> (PDF 3,03 MB)<\/p>\n<p>- ES <a href=\"https:\/\/www.antstore.net\/shop\/images\/info\/es\/Manual%20de%20instrucciones%20-%20Set%20de%20inicio%20Digfix.pdf\" data-cke-saved-href=\"https:\/\/www.antstore.net\/shop\/images\/info\/es\/Manual%20de%20instrucciones%20-%20Set%20de%20inicio%20Digfix.pdf\">Manual de instrucciones - Set de inicio Digfix (instruksjonsmanual - Startpakke Digfix)<\/a> (PDF 3,03 MB)<\/p>\n<p>- FR <a href=\"https:\/\/www.antstore.net\/shop\/images\/info\/fr\/Manuel%20d'instruction%20-%20Kit%20de%20d%C3%A9marrage%20Digfix.pdf\" data-cke-saved-href=\"https:\/\/www.antstore.net\/shop\/images\/info\/fr\/Manuel%20d'instruction%20-%20Kit%20de%20d%C3%A9marrage%20Digfix.pdf\">Manual d'instruction - Kit de d\u00e9marrage Digfix (Bruksanvisning - Startpakke Digfix)<\/a> (PDF 3,03 MB)<\/p>","protected":false},"excerpt":{"rendered":"<p>The set consists of 25 parts and is suitable for various species of ants, especially those that nest in sand and\/or dead wood. It can be kept dry or slightly moist.<br \/>\nSt\u00f8rrelse: <strong>L<\/strong><\/p>","protected":false},"featured_media":5446,"comment_status":"open","ping_status":"closed","template":"","meta":{"_acf_changed":false,"content-type":"","_monsterinsights_skip_tracking":false,"_monsterinsights_sitenote_active":false,"_monsterinsights_sitenote_note":"","_monsterinsights_sitenote_category":0},"product_brand":[],"product_cat":[73,75],"product_tag":[],"class_list":{"0":"post-2755","1":"product","2":"type-product","3":"status-publish","4":"has-post-thumbnail","6":"product_cat-starter-sets","7":"product_cat-starter-sets-digfix","9":"first","10":"instock","11":"taxable","12":"shipping-taxable","13":"purchasable","14":"product-type-simple"},"acf":[],"aioseo_notices":[],"jetpack_sharing_enabled":true,"_links":{"self":[{"href":"https:\/\/antcube.shop\/nb\/wp-json\/wp\/v2\/product\/2755","targetHints":{"allow":["GET"]}}],"collection":[{"href":"https:\/\/antcube.shop\/nb\/wp-json\/wp\/v2\/product"}],"about":[{"href":"https:\/\/antcube.shop\/nb\/wp-json\/wp\/v2\/types\/product"}],"replies":[{"embeddable":true,"href":"https:\/\/antcube.shop\/nb\/wp-json\/wp\/v2\/comments?post=2755"}],"wp:featuredmedia":[{"embeddable":true,"href":"https:\/\/antcube.shop\/nb\/wp-json\/wp\/v2\/media\/5446"}],"wp:attachment":[{"href":"https:\/\/antcube.shop\/nb\/wp-json\/wp\/v2\/media?parent=2755"}],"wp:term":[{"taxonomy":"product_brand","embeddable":true,"href":"https:\/\/antcube.shop\/nb\/wp-json\/wp\/v2\/product_brand?post=2755"},{"taxonomy":"product_cat","embeddable":true,"href":"https:\/\/antcube.shop\/nb\/wp-json\/wp\/v2\/product_cat?post=2755"},{"taxonomy":"product_tag","embeddable":true,"href":"https:\/\/antcube.shop\/nb\/wp-json\/wp\/v2\/product_tag?post=2755"}],"curies":[{"name":"wp","href":"https:\/\/api.w.org\/{rel}","templated":true}]}}