{"id":2738,"date":"2021-10-08T12:04:55","date_gmt":"2021-10-08T10:04:55","guid":{"rendered":"https:\/\/antcube.shop\/produkt\/antcube-starter-set-fur-messor-spec\/"},"modified":"2026-04-17T14:47:19","modified_gmt":"2026-04-17T12:47:19","slug":"antcube-starter-sett-for-messor-spec","status":"publish","type":"product","link":"https:\/\/antcube.shop\/nb\/produkt\/antcube-starter-sett-for-messor-spec\/","title":{"rendered":"ANTCUBE Startsett for Messor eller Harvester maur"},"content":{"rendered":"<p><strong>Innhold:<\/strong><br \/>\n1x ANTCUBE - Arena 20x20x10 - flatt<br \/>\n1x maur arena ramme 20\u00d720<br \/>\n1x maur arena deksel 20\u00d720<br \/>\n4x festepunkt for arenadekke<br \/>\n2x ANTCUBE - Myretue - L - 20\u00d720 - st\u00e5ende<\/p>\n<p>1x ANTCUBE - Digfix plate 20\u00d720 - S<br \/>\n1x 1m r\u00f8r gjennomsiktig 14\/10 mm<br \/>\n2x ANTCUBE - r\u00f8d folie 20\u00d720 - filter<br \/>\n2x selvklebende klemmer - gjennomsiktige 2 stk.<br \/>\n1x underlag - \u00f8rken - 1 kg<\/p>\n<p>1x fotoryggvegg - \u00f8rken - 20\u00d710<\/p>\n<p>2x Grid insert acrylic &#8211; 50 mm with sealing ring<br \/>\n1x Grid insert acrylic &#8211; 27 mm with sealing ring<br \/>\n1x Grid cap &#8211; 10mm &#8211; stainless steel<\/p>\n<p>1x drinking clear 5ml &#8211; sponge<br \/>\n1x Feeding dish white rectangle &#8211; 3 compartments<\/p>\n<p>2x Foil thermometer &#8211; farm<br \/>\n1x Foil thermometer display<\/p>\n<p>1x kobling for tankslange 27-14,16,20 mm - transparent<br \/>\n1x Maur fluktbeskyttelse olje 10ml<br \/>\n1x Pincett av fj\u00e6rst\u00e5l - bred - myk<br \/>\n1x Pincett i gjennomsiktig plast<br \/>\n1x plastpipette 3 ml<br \/>\n1x h\u00e5ndlupe - 2x - 30 mm<br \/>\n1x skum visker 150x18x2.5mm<\/p>\n<p><strong>Beskrivelse:<\/strong><br \/>\nThis starter set is especially suitable for various species of the genus Messor or Pogonomyrmex.\u00a0One of these two farms is intended for storing grains\/seeds and ant bread. To prevent the grains\/seeds stored there from germinating or molding, it should remain completely dry.<\/p>\n<p>The &#8220;Digfix plates&#8221; can be inserted into the fully transparent farms. Alternatively, however, you can also use the &#8220;Soil &#8211; Desert&#8221; to fill the farms. If required, additional modules can be connected via the 50 mm holes in the cover, e.g. the separately available foggers, fans or lights. Alternatively, suitable grid inserts to close the openings are included in the scope of delivery. If desired, the formicarium can also be operated open by simply attaching the removable outbreak protection frame and applying the ant outbreak protection oil to the edge. The &#8220;Drinking trough clear 5 ml &#8211; sponge&#8221; is intended for water. The &#8220;Foil thermometer display&#8221; can be attached to the frame or cover and displays the climate values.<\/p>\n<p><strong>Viktig:<\/strong> Fukt substratet f\u00f8r bruk, slik at blandingen kan binde seg og f\u00e5 godt feste i maurtua. Hvis substratet er for t\u00f8rt og st\u00f8vete, kan maurenes luftveier blokkeres, og i verste fall kan dyrene kveles.<\/p>\n<p><strong>Anbefaling:<\/strong> Vi anbefaler et substratlag p\u00e5 2 mm h\u00f8yde, slik at dyrene ikke kan grave seg inn i arenaen og i stedet bruker g\u00e5rden som er beregnet til dette form\u00e5let. Vi anbefaler ogs\u00e5 at redematerialet i g\u00e5rden (sand\/leire, Digfix osv.) er lett prikket p\u00e5 ett sted for \u00e5 gj\u00f8re det lettere for dyrene \u00e5 grave.<\/p>\n<p><strong>Merknader om produksjon<\/strong><br \/>\nGlasset er sk\u00e5ret i henhold til DIN 1249 med en toleranse p\u00e5 +\/- 1 mm. For ekstremt sm\u00e5 maurarter er ekstra r\u00f8mningsbeskyttelse viktig.<\/p>\n<p><strong>Merknader om g\u00e5rden<\/strong><br \/>\nV\u00e6r oppmerksom p\u00e5 f\u00f8lgende n\u00e5r du monterer eller fjerner slanger:<br \/>\nHvis slangen er sv\u00e6rt vanskelig \u00e5 f\u00e5 p\u00e5 plass p\u00e5 tilkoblingsmuffen, b\u00f8r muffen gnides lett inn med en dr\u00e5pe av v\u00e5r olje eller pulver som beskytter mot utbrudd. Deretter skal slangen skyves p\u00e5 muffen ved hjelp av vridnings- eller skrubevegelser uten \u00e5 belaste muffen med opp- og nedbevegelser. Det samme gjelder n\u00e5r du fjerner slangene fra g\u00e5rdsstussen. Ikke bare dra den av!<\/p>\n<p><strong>Merknad om Digfix:<\/strong> Den naturlige fargen kan variere mellom gr\u00f8nn\/gr\u00e5brun og jordbrun. Fargetonen har ingen innvirkning p\u00e5 kvaliteten.<\/p>\n<p><strong>Instruksjoner:<\/strong>\u00a0(Versjon 2023, den oppdaterte versjonen for 2024 vil v\u00e6re tilgjengelig senest 04\/2024)<\/p>\n<p><span style=\"font-weight: 400;\">- DE <\/span><a href=\"https:\/\/www.antstore.net\/shop\/images\/info\/de\/Gebrauchsanweisung%20Starter%20Set%20Ernteameisen.pdf\" data-cke-saved-href=\"https:\/\/www.antstore.net\/shop\/images\/info\/de\/Gebrauchsanweisung%20Starter%20Set%20Ernteameisen.pdf\"><span style=\"font-weight: 400;\">Gebrauchsanweisung Startsett Ernteameisen<\/span><\/a><span style=\"font-weight: 400;\"> (PDF 2,50 MB)<\/span><\/p>\n<p><span style=\"font-weight: 400;\">- DA <\/span><a href=\"https:\/\/www.antstore.net\/shop\/images\/info\/en\/Instructions%20for%20use%20-%20Starter%20Set%20for%20Harvester%20Ants.pdf\" data-cke-saved-href=\"https:\/\/www.antstore.net\/shop\/images\/info\/en\/Instructions%20for%20use%20-%20Starter%20Set%20for%20Harvester%20Ants.pdf\"><span style=\"font-weight: 400;\">Bruksanvisning - Startsett for Harvester Ants<\/span><\/a><span style=\"font-weight: 400;\"> (PDF 2,50 MB)<\/span><\/p>\n<p><span style=\"font-weight: 400;\">- ES <\/span><a href=\"https:\/\/www.antstore.net\/shop\/images\/info\/es\/Manual%20de%20instrucciones%20-%20Set%20de%20inicio%20para%20las%20hormigas%20de%20la%20cosecha%20_%20messor.pdf\" data-cke-saved-href=\"https:\/\/www.antstore.net\/shop\/images\/info\/es\/Manual%20de%20instrucciones%20-%20Set%20de%20inicio%20para%20las%20hormigas%20de%20la%20cosecha%20_%20messor.pdf\"><span style=\"font-weight: 400;\">Manual de instrucciones - Set de inicio para las hormigas de la cosecha _ messor<\/span><\/a><span style=\"font-weight: 400;\"> (PDF 2,50 MB)<\/span><\/p>\n<p><span style=\"font-weight: 400;\">- FR <\/span><a href=\"https:\/\/www.antstore.net\/shop\/images\/info\/fr\/Manuel%20d'instruction%20-%20Kit%20de%20d%C3%A9marrage%20pour%20les%20fourmis%20moissonneuses_%20Messor.pdf\" data-cke-saved-href=\"https:\/\/www.antstore.net\/shop\/images\/info\/fr\/Manuel%20d'instruction%20-%20Kit%20de%20d%C3%A9marrage%20pour%20les%20fourmis%20moissonneuses_%20Messor.pdf\"><span style=\"font-weight: 400;\">Manual d'instruction - Kit de d\u00e9marrage pour les fourmis moissonneuses_ Messor (instruksjonsmanual - startpakke for firem\u00f8dre)<\/span><\/a><span style=\"font-weight: 400;\"> (PDF 2,50 MB)<\/span><\/p>","protected":false},"excerpt":{"rendered":"<p>The set consists of 30 parts and\u00a0is ideal for all grain-collecting ants species.<br \/>\nSt\u00f8rrelse: <span style=\"color: #00a859;\"><strong>M<\/strong><\/span><\/p>","protected":false},"featured_media":1101,"comment_status":"open","ping_status":"closed","template":"","meta":{"_acf_changed":false,"content-type":"","_monsterinsights_skip_tracking":false,"_monsterinsights_sitenote_active":false,"_monsterinsights_sitenote_note":"","_monsterinsights_sitenote_category":0},"product_brand":[],"product_cat":[353,73],"product_tag":[],"class_list":{"0":"post-2738","1":"product","2":"type-product","3":"status-publish","4":"has-post-thumbnail","6":"product_cat-starter-sets-for-harvester-ants","7":"product_cat-starter-sets","9":"first","10":"instock","11":"taxable","12":"shipping-taxable","13":"purchasable","14":"product-type-simple"},"acf":[],"aioseo_notices":[],"jetpack_sharing_enabled":true,"_links":{"self":[{"href":"https:\/\/antcube.shop\/nb\/wp-json\/wp\/v2\/product\/2738","targetHints":{"allow":["GET"]}}],"collection":[{"href":"https:\/\/antcube.shop\/nb\/wp-json\/wp\/v2\/product"}],"about":[{"href":"https:\/\/antcube.shop\/nb\/wp-json\/wp\/v2\/types\/product"}],"replies":[{"embeddable":true,"href":"https:\/\/antcube.shop\/nb\/wp-json\/wp\/v2\/comments?post=2738"}],"wp:featuredmedia":[{"embeddable":true,"href":"https:\/\/antcube.shop\/nb\/wp-json\/wp\/v2\/media\/1101"}],"wp:attachment":[{"href":"https:\/\/antcube.shop\/nb\/wp-json\/wp\/v2\/media?parent=2738"}],"wp:term":[{"taxonomy":"product_brand","embeddable":true,"href":"https:\/\/antcube.shop\/nb\/wp-json\/wp\/v2\/product_brand?post=2738"},{"taxonomy":"product_cat","embeddable":true,"href":"https:\/\/antcube.shop\/nb\/wp-json\/wp\/v2\/product_cat?post=2738"},{"taxonomy":"product_tag","embeddable":true,"href":"https:\/\/antcube.shop\/nb\/wp-json\/wp\/v2\/product_tag?post=2738"}],"curies":[{"name":"wp","href":"https:\/\/api.w.org\/{rel}","templated":true}]}}