{"id":2737,"date":"2021-10-08T12:04:45","date_gmt":"2021-10-08T10:04:45","guid":{"rendered":"https:\/\/antcube.shop\/produkt\/antcube-starter-set-fur-blattschneiderarten-gros\/"},"modified":"2026-04-01T13:28:05","modified_gmt":"2026-04-01T11:28:05","slug":"antcube-starter-set-fur-blattschneiderarten-gros","status":"publish","type":"product","link":"https:\/\/antcube.shop\/nb\/produkt\/antcube-starter-set-fur-blattschneiderarten-gros\/","title":{"rendered":"ANTCUBE - Startsett for bladskj\u00e6rermaur - Large"},"content":{"rendered":"<p><span data-text-color=\"alert\"><strong>Frakt kun mulig via spedisjon p\u00e5 palett.<\/strong><\/span><\/p>\n<p><strong>Inkluderer:<\/strong><\/p>\n<p>1x ANTCUBE Arena 30x30x60 med skyved\u00f8r<br \/>\n1x ramme for skyved\u00f8r<br \/>\n2x ANTCUBE Arena 30x30x30cm<br \/>\n3x maur arena ramme 30x30cm<br \/>\n3x maur arena deksel 30x30cm<br \/>\n12x festepunkt for arenadeksel<\/p>\n<p>1x maurr\u00f8r - krystallklart 50 mm - 1 m (halvert)<br \/>\n1x substrat - regnskog - 1 kg<br \/>\n1x Formicarium granulater 200ml - beige<br \/>\n3x Formicarium-base 30\u00d730<\/p>\n<p>3x Formicarium plug for 50mm hole<br \/>\n8x Grid insert acrylic &#8211; 50 mm with sealing ring<br \/>\n4x tanktilkobling 1 1\/2\u2033 til 50 mm - krystallklar<br \/>\n4x Formicarium-mutter 1 1\/2 tomme - krystallklar<\/p>\n<p>1x Foil thermometer Display<br \/>\n1x drinking clear 5ml &#8211; sponge<br \/>\n1x pinsett fj\u00e6rst\u00e5l - bred - myk<br \/>\n1x Formicarium pinsett - plast<br \/>\n1x h\u00e5ndlupe - 2x - 30 mm<br \/>\n1x maur fluktbeskyttelse olje 10ml<br \/>\n1x skumvisker 150x18x2,5mm<br \/>\nSprayflaske sprayer 0,5 liter - messingdyse<br \/>\n1x Rosenblader 100 g - t\u00f8rket<br \/>\n2x foto bakvegg - regnskog - 30\u00d730<br \/>\n1x fotobakvegg - regnskog - 30\u00d760 - h\u00f8y<\/p>\n<p><strong>Beskrivelse:<\/strong><br \/>\nThis expandable starter set for all leafcutter ant species contains, in addition to the optimally adapted formicarium, the appropriate accessories for keeping these ants. The voluminous basins allow easy handling for feeding and cleaning. The large holes (50 mm) and tubes not only make it easy to observe the ants, they also allow the animals to remove large pieces of leaf. The stainless steel mesh inserts ensure good ventilation and are robust against mechanical impact. Even large colonies of leaf-cutter ants, which are very fond of cutting, are unable to penetrate them. The sturdy screw sockets are also absolutely bite-proof.. If necessary, the humidity can be increased using the spray bottle.<\/p>\n<p><strong>Viktig:<\/strong> Fukt substratet f\u00f8r bruk, slik at blandingen kan binde seg og f\u00e5 godt feste i maurtua. Hvis substratet er for t\u00f8rt og st\u00f8vete, kan maurenes luftveier blokkeres, og i verste fall kan dyrene kveles.<\/p>\n<p><strong>Merknader om produksjon<\/strong><br \/>\nGlasset er tilsk\u00e5ret i henhold til DIN 1249 med en toleranse p\u00e5 +\/- 1 mm. Ekstra fluktbeskyttelse er n\u00f8dvendig for ekstremt sm\u00e5 maurarter.<\/p>\n<p><strong>Beskrivelse av skyved\u00f8rsarenaen: <\/strong>V\u00e5r ANTCUBE arena 30x30x60 med skyved\u00f8r er utviklet for at du skal kunne arbeide komfortabelt selv i fulle formikarier. De er spesielt nyttige som formicarium for vevermaur (Polyrhachis og Oecophylla), ettersom de liker \u00e5 bygge oppover og trenger en vertsplante. Noen ganger kan det v\u00e6re vanskelig \u00e5 fjerne avf\u00f8ring fra dyrene i bunnen av formikariet, for eksempel. Dette er ikke noe problem med denne spesialtilpassede tanken. Skyved\u00f8ren er ogs\u00e5 sv\u00e6rt praktisk for f\u00f4ringsbassenger til Acromyrmex- eller Atta-bladskj\u00e6remyrer, da planterester og annet avfall enkelt kan kastes. Du kan ogs\u00e5 bruke skyved\u00f8rsrammen (art.nr. 1005648) for \u00e5 hindre at dyrene r\u00f8mmer mens du arbeider.<\/p>","protected":false},"excerpt":{"rendered":"<p>The set consists of 47 parts and is suitable for all leaf cutter ant species.<br \/>\nSt\u00f8rrelse: <span style=\"color: #ed1c24;\"><strong>XL<\/strong><\/span><\/p>","protected":false},"featured_media":7665,"comment_status":"open","ping_status":"closed","template":"","meta":{"_acf_changed":false,"content-type":"","_monsterinsights_skip_tracking":false,"_monsterinsights_sitenote_active":false,"_monsterinsights_sitenote_note":"","_monsterinsights_sitenote_category":0},"product_brand":[484],"product_cat":[73,79],"product_tag":[],"class_list":{"0":"post-2737","1":"product","2":"type-product","3":"status-publish","4":"has-post-thumbnail","6":"product_brand-antcube","7":"product_cat-starter-sets","8":"product_cat-starter-sets-for-leafcutter-ants","9":"product_shipping_class-forwarding-on-pallet","11":"first","12":"instock","13":"taxable","14":"shipping-taxable","15":"purchasable","16":"product-type-simple"},"acf":[],"aioseo_notices":[],"jetpack_sharing_enabled":true,"_links":{"self":[{"href":"https:\/\/antcube.shop\/nb\/wp-json\/wp\/v2\/product\/2737","targetHints":{"allow":["GET"]}}],"collection":[{"href":"https:\/\/antcube.shop\/nb\/wp-json\/wp\/v2\/product"}],"about":[{"href":"https:\/\/antcube.shop\/nb\/wp-json\/wp\/v2\/types\/product"}],"replies":[{"embeddable":true,"href":"https:\/\/antcube.shop\/nb\/wp-json\/wp\/v2\/comments?post=2737"}],"wp:featuredmedia":[{"embeddable":true,"href":"https:\/\/antcube.shop\/nb\/wp-json\/wp\/v2\/media\/7665"}],"wp:attachment":[{"href":"https:\/\/antcube.shop\/nb\/wp-json\/wp\/v2\/media?parent=2737"}],"wp:term":[{"taxonomy":"product_brand","embeddable":true,"href":"https:\/\/antcube.shop\/nb\/wp-json\/wp\/v2\/product_brand?post=2737"},{"taxonomy":"product_cat","embeddable":true,"href":"https:\/\/antcube.shop\/nb\/wp-json\/wp\/v2\/product_cat?post=2737"},{"taxonomy":"product_tag","embeddable":true,"href":"https:\/\/antcube.shop\/nb\/wp-json\/wp\/v2\/product_tag?post=2737"}],"curies":[{"name":"wp","href":"https:\/\/api.w.org\/{rel}","templated":true}]}}