{"id":2734,"date":"2021-10-08T12:04:16","date_gmt":"2021-10-08T10:04:16","guid":{"rendered":"https:\/\/antcube.shop\/produkt\/antcube-arena-20x20x20-combi-l\/"},"modified":"2026-04-07T11:39:23","modified_gmt":"2026-04-07T09:39:23","slug":"antcube-arena-20x20x20-combi-l","status":"publish","type":"product","link":"https:\/\/antcube.shop\/nb\/produkt\/antcube-arena-20x20x20-combi-l\/","title":{"rendered":"ANTCUBE - Arena 20x20x20 - Combi L"},"content":{"rendered":"<p><strong>Dimensjoner:<\/strong> 20x20x20 cm; 4 mm glasstykkelse<\/p>\n<p><strong>Materiell:<\/strong> glass limt med silikon<\/p>\n<p><strong>Forbindelse:<\/strong> 2x boring 27mm (2x 10mm boring i nestomr\u00e5det)<\/p>\n<p><strong>Plateavstand reiromr\u00e5de:<\/strong> ca. 20 mm<\/p>\n<p><strong>Beskrivelse:<\/strong> Maurarenaen - Combi har et g\u00e5rds- eller reiromr\u00e5de som er integrert i formicariet. Maurene kan f\u00e5 tilgang til reiromr\u00e5det fra arenaen via to innvendige 10 mm \u00e5pninger.<\/p>\n<p><strong>Merknad:<\/strong><br \/>\nN\u00e5r du bruker reirinnsatsene v\u00e5re, v\u00e6r oppmerksom p\u00e5 at de er 8 mm smalere, da de opprinnelig ble designet for \u00e5 passe til v\u00e5re smalere maurfarmer samt arenainnsatser! Her m\u00e5 mellomrommet fylles med fyllmateriale som gips eller leire.<\/p>\n<p>&nbsp;<\/p>","protected":false},"excerpt":{"rendered":"<p>Tilkobling: 2x hull 27 mm<br \/>\nSt\u00f8rrelse: <span style=\"color: #0000ff;\"><strong>L<\/strong><\/span><\/p>","protected":false},"featured_media":328,"comment_status":"open","ping_status":"closed","template":"","meta":{"_acf_changed":false,"content-type":"","_monsterinsights_skip_tracking":false,"_monsterinsights_sitenote_active":false,"_monsterinsights_sitenote_note":"","_monsterinsights_sitenote_category":0},"product_brand":[],"product_cat":[85,83,86],"product_tag":[],"class_list":{"0":"post-2734","1":"product","2":"type-product","3":"status-publish","4":"has-post-thumbnail","6":"product_cat-ant-arenas","7":"product_cat-antfarms-l","8":"product_cat-formicariums","10":"first","11":"instock","12":"taxable","13":"shipping-taxable","14":"purchasable","15":"product-type-simple"},"acf":[],"aioseo_notices":[],"jetpack_sharing_enabled":true,"_links":{"self":[{"href":"https:\/\/antcube.shop\/nb\/wp-json\/wp\/v2\/product\/2734","targetHints":{"allow":["GET"]}}],"collection":[{"href":"https:\/\/antcube.shop\/nb\/wp-json\/wp\/v2\/product"}],"about":[{"href":"https:\/\/antcube.shop\/nb\/wp-json\/wp\/v2\/types\/product"}],"replies":[{"embeddable":true,"href":"https:\/\/antcube.shop\/nb\/wp-json\/wp\/v2\/comments?post=2734"}],"wp:featuredmedia":[{"embeddable":true,"href":"https:\/\/antcube.shop\/nb\/wp-json\/wp\/v2\/media\/328"}],"wp:attachment":[{"href":"https:\/\/antcube.shop\/nb\/wp-json\/wp\/v2\/media?parent=2734"}],"wp:term":[{"taxonomy":"product_brand","embeddable":true,"href":"https:\/\/antcube.shop\/nb\/wp-json\/wp\/v2\/product_brand?post=2734"},{"taxonomy":"product_cat","embeddable":true,"href":"https:\/\/antcube.shop\/nb\/wp-json\/wp\/v2\/product_cat?post=2734"},{"taxonomy":"product_tag","embeddable":true,"href":"https:\/\/antcube.shop\/nb\/wp-json\/wp\/v2\/product_tag?post=2734"}],"curies":[{"name":"wp","href":"https:\/\/api.w.org\/{rel}","templated":true}]}}