{"id":2728,"date":"2021-10-08T12:02:35","date_gmt":"2021-10-08T10:02:35","guid":{"rendered":"https:\/\/antcube.shop\/produkt\/antcube-starter-set-fur-blattschneiderarten-klein\/"},"modified":"2026-04-13T09:33:20","modified_gmt":"2026-04-13T07:33:20","slug":"antcube-starter-set-fur-blattschneiderarten-klein","status":"publish","type":"product","link":"https:\/\/antcube.shop\/nb\/produkt\/antcube-starter-set-fur-blattschneiderarten-klein\/","title":{"rendered":"ANTCUBE - Startsett for bladskj\u00e6rermaur - liten"},"content":{"rendered":"<p><span data-text-color=\"alert\"><strong>NYTT fra 04\/2024:<\/strong><\/span><br \/>\n<strong>F\u00f4ringsbassenget leveres n\u00e5 som en arena som er 20x20x40 cm h\u00f8y. Dette gir mer plass til mat.<\/strong><br \/>\n<strong>Vi har byttet ut de gamle kontaktene med helt gjennomsiktige nye kontakter, inkludert helt gjennomsiktige muttere.<\/strong><br \/>\n<strong>Vi har ogs\u00e5 lagt til formicariumunderlag til alle kummer (beskyttelse av m\u00f8bler og kummer og mot vibrasjoner).<\/strong><\/p>\n<p>&nbsp;<\/p>\n<p><strong>Inkluderer:<\/strong><\/p>\n<p>2x ANTCUBE Arena 20x20x20cm<br \/>\n1x ANTCUBE Arena, 20x20x40 cm h\u00f8y<br \/>\n3x maur arena ramme 20x20cm<br \/>\n3x maur arena deksel 20x20cm<br \/>\n12x festepunkt for arenadeksel<\/p>\n<p>1x maurr\u00f8r - krystallklart 32 mm - 1 m (halvert)<br \/>\n1x substrat - regnskog - 1 kg<br \/>\n1x Formicarium granulater 200ml - beige<br \/>\n3x formicariumbunn 20\u00d720<\/p>\n<p>2 stk. formicariumplugger for 50 mm hull<br \/>\n5x Grid insert acrylic &#8211; 50 mm with sealing ring<br \/>\n2x Grid insert acrylic &#8211; 27 mm with sealing ring<br \/>\n4x tanktilkobling 3\/4\u2033 til 32 mm - krystallklar<br \/>\n4x myggn\u00f8tt 3\/4 tomme - krystallklar<\/p>\n<p>1x Foil thermometer Display<br \/>\n1x drinking clear 5ml &#8211; sponge<br \/>\n1x Pincett av fj\u00e6rst\u00e5l - bred - myk<br \/>\n1x Formicarium pinsett - plast<br \/>\n1x h\u00e5ndlupe - 2x - 30 mm<br \/>\n1x olje for beskyttelse mot maurutbrudd 10 ml<br \/>\n1x skumvisker 150x18x2,5mm<br \/>\nSprayflaske sprayer 0,5 liter - messingdyse<br \/>\n1x Rosenblader 100 g - t\u00f8rket<br \/>\n2x fotobakvegg - regnskog - 20\u00d720<br \/>\n1x fotobakvegg - regnskog - 20\u00d740 h\u00f8y<\/p>\n<p><strong>Beskrivelse:<\/strong><br \/>\nThis expandable starter set for all leafcutter ant species contains, in addition to the optimally adapted formicarium, the appropriate accessories for keeping these ants. The basins are easy to use for feeding and cleaning. The large holes (27 mm) and tubes not only make it easy to observe the ants, they also allow the animals to remove large pieces of leaf. The stainless steel mesh inserts ensure good ventilation and are robust against mechanical impact. Even large colonies of leaf-cutter ants, which are very fond of cutting, are unable to penetrate them. The sturdy tube connectors are also absolutely bite-proof. The humidity can be increased using the spray bottle.<\/p>\n<p><strong>Viktig:<\/strong> Fukt substratet f\u00f8r bruk, slik at blandingen kan binde seg og f\u00e5 godt feste i maurtua. Hvis substratet er for t\u00f8rt og st\u00f8vete, kan maurenes luftveier blokkeres, og i verste fall kan dyrene kveles.<\/p>\n<p><strong>Merknader om produksjon<\/strong><br \/>\nGlasset er tilsk\u00e5ret i henhold til DIN 1249 med en toleranse p\u00e5 +\/- 1 mm. Ekstra fluktbeskyttelse er n\u00f8dvendig for ekstremt sm\u00e5 maurarter.<\/p>","protected":false},"excerpt":{"rendered":"<p>Settet best\u00e5r av 43 deler<br \/>\nSt\u00f8rrelse: <span style=\"color: #ed1c24;\"><strong>XL<\/strong><\/span><\/p>","protected":false},"featured_media":7666,"comment_status":"open","ping_status":"closed","template":"","meta":{"_acf_changed":false,"content-type":"","_monsterinsights_skip_tracking":false,"_monsterinsights_sitenote_active":false,"_monsterinsights_sitenote_note":"","_monsterinsights_sitenote_category":0},"product_brand":[],"product_cat":[73,79],"product_tag":[],"class_list":{"0":"post-2728","1":"product","2":"type-product","3":"status-publish","4":"has-post-thumbnail","6":"product_cat-starter-sets","7":"product_cat-starter-sets-for-leafcutter-ants","9":"first","10":"outofstock","11":"taxable","12":"shipping-taxable","13":"purchasable","14":"product-type-simple"},"acf":[],"aioseo_notices":[],"jetpack_sharing_enabled":true,"_links":{"self":[{"href":"https:\/\/antcube.shop\/nb\/wp-json\/wp\/v2\/product\/2728","targetHints":{"allow":["GET"]}}],"collection":[{"href":"https:\/\/antcube.shop\/nb\/wp-json\/wp\/v2\/product"}],"about":[{"href":"https:\/\/antcube.shop\/nb\/wp-json\/wp\/v2\/types\/product"}],"replies":[{"embeddable":true,"href":"https:\/\/antcube.shop\/nb\/wp-json\/wp\/v2\/comments?post=2728"}],"wp:featuredmedia":[{"embeddable":true,"href":"https:\/\/antcube.shop\/nb\/wp-json\/wp\/v2\/media\/7666"}],"wp:attachment":[{"href":"https:\/\/antcube.shop\/nb\/wp-json\/wp\/v2\/media?parent=2728"}],"wp:term":[{"taxonomy":"product_brand","embeddable":true,"href":"https:\/\/antcube.shop\/nb\/wp-json\/wp\/v2\/product_brand?post=2728"},{"taxonomy":"product_cat","embeddable":true,"href":"https:\/\/antcube.shop\/nb\/wp-json\/wp\/v2\/product_cat?post=2728"},{"taxonomy":"product_tag","embeddable":true,"href":"https:\/\/antcube.shop\/nb\/wp-json\/wp\/v2\/product_tag?post=2728"}],"curies":[{"name":"wp","href":"https:\/\/api.w.org\/{rel}","templated":true}]}}