{"id":2673,"date":"2021-10-04T15:33:49","date_gmt":"2021-10-04T13:33:49","guid":{"rendered":"https:\/\/antcube.shop\/produkt\/antcube-starter-set-l-20x20-combi\/"},"modified":"2026-04-16T19:23:46","modified_gmt":"2026-04-16T17:23:46","slug":"antcube-starter-sett-l-20x20-combi","status":"publish","type":"product","link":"https:\/\/antcube.shop\/nb\/produkt\/antcube-starter-sett-l-20x20-combi\/","title":{"rendered":"ANTCUBE Startsett M - 20\u00d720 - Combi"},"content":{"rendered":"<p><strong>Innhold:<\/strong><br \/>\n1x ANTCUBE - Arena 20x20x20 - Combi L<br \/>\n1x maur arena deksel 20\u00d720<br \/>\n4x festepunkt for arenadekke<br \/>\n2x Formicarium-plugger for 27 mm hull<br \/>\n2x Formicarium plugg for 50mm hull<br \/>\n1x substrat - sandleire beige - 1000g<br \/>\n1x drikker 2ml - 360 grader<br \/>\n1x dish clear 1&#215;20 &#8211; sponge<br \/>\n1x h\u00e5ndlupe - 2x - 30 mm<br \/>\n1x pinsett plast gjennomsiktig<br \/>\n1x plastpipette 3 ml<br \/>\n1x Maur flukt olje 10ml<br \/>\n1x skumvisker 150x18x2,5mm<\/p>\n<p><strong>Beskrivelse:<\/strong><br \/>\nDette startsettet - Combi er egnet for de fleste arter av maur som graver i jord.<br \/>\nSettet er veldig kompakt og det medf\u00f8lgende tilbeh\u00f8ret er redusert til det viktigste.<br \/>\nDerfor er det et billig sett laget av materialer av h\u00f8y kvalitet, som er ideelt for nybegynnere i maurhold.<br \/>\nDet medf\u00f8lgende substratet sand - leirebeige er godt akseptert av de fleste gravende maurarter.<\/p>\n<p>Eventuelt kan andre jordsubstrater eller reirinnsatser plasseres i reiromr\u00e5det p\u00e5 arenaen.<br \/>\nUnder forslagene (se nedenfor) finner du ytterligere nyttig tilbeh\u00f8r.<\/p>\n<p><strong>Anbefaling:<\/strong> Vi anbefaler et substratlag p\u00e5 2 mm h\u00f8yde, slik at dyrene ikke kan grave seg inn i arenaen og i stedet bruker g\u00e5rden som er beregnet til dette form\u00e5let. Vi anbefaler ogs\u00e5 at redematerialet i g\u00e5rden (sand\/leire, Digfix osv.) er lett prikket p\u00e5 ett sted for \u00e5 gj\u00f8re det lettere for dyrene \u00e5 grave.<\/p>\n<p><strong>Viktig:<\/strong> Fukt substratet f\u00f8r bruk, slik at blandingen kan binde seg og utvikle et fast grep i maurfarmen. I tillegg kan for t\u00f8rt og st\u00f8vete substrat f\u00f8re til at maurens luftveier blokkeres, og i verste fall kan dyrene kveles.<\/p>\n<p><strong>Merknad:<\/strong><br \/>\nN\u00e5r du bruker reirinnsatsene v\u00e5re, v\u00e6r oppmerksom p\u00e5 at de er 8 mm smalere, da de opprinnelig ble designet for \u00e5 passe til v\u00e5re smalere maurfarmer samt arenainnsatser! Her m\u00e5 mellomrommet fylles med fyllmateriale som gips eller leire.<\/p>\n<p><strong>Merknader om produksjon<\/strong><br \/>\nGlasset er sk\u00e5ret i henhold til DIN 1249 med en toleranse p\u00e5 +\/- 1 mm. For ekstremt sm\u00e5 maurarter er ekstra r\u00f8mningsbeskyttelse viktig.<\/p>\n<p><strong>Instruksjoner:<\/strong><br \/>\n- EN Bruksanvisning Startpakke Combi (PDF 7,98 MB) (p\u00e5 engelsk)<br \/>\n- EN Bruksanvisning - Startpakke Combi (PDF 7,94 MB) (p\u00e5 engelsk)<br \/>\n- ES Manual de instrucciones - Set de inicio Combi (PDF 7,94 MB) (p\u00e5 engelsk)<br \/>\n- FR Manual d'instruction - Kit de d\u00e9marrage Combi (PDF 7,95 MB) (p\u00e5 engelsk)<\/p>","protected":false},"excerpt":{"rendered":"<p>Settet best\u00e5r av 18 deler og passer til alle maurarter.<br \/>\nSt\u00f8rrelse: <span style=\"color: #0000ff;\"><strong>L<\/strong><\/span><\/p>","protected":false},"featured_media":5445,"comment_status":"open","ping_status":"closed","template":"","meta":{"_acf_changed":false,"content-type":"","_monsterinsights_skip_tracking":false,"_monsterinsights_sitenote_active":false,"_monsterinsights_sitenote_note":"","_monsterinsights_sitenote_category":0},"product_brand":[],"product_cat":[73,78],"product_tag":[],"class_list":{"0":"post-2673","1":"product","2":"type-product","3":"status-publish","4":"has-post-thumbnail","6":"product_cat-starter-sets","7":"product_cat-starter-sets-combi","9":"first","10":"instock","11":"taxable","12":"shipping-taxable","13":"purchasable","14":"product-type-simple"},"acf":[],"aioseo_notices":[],"jetpack_sharing_enabled":true,"_links":{"self":[{"href":"https:\/\/antcube.shop\/nb\/wp-json\/wp\/v2\/product\/2673","targetHints":{"allow":["GET"]}}],"collection":[{"href":"https:\/\/antcube.shop\/nb\/wp-json\/wp\/v2\/product"}],"about":[{"href":"https:\/\/antcube.shop\/nb\/wp-json\/wp\/v2\/types\/product"}],"replies":[{"embeddable":true,"href":"https:\/\/antcube.shop\/nb\/wp-json\/wp\/v2\/comments?post=2673"}],"wp:featuredmedia":[{"embeddable":true,"href":"https:\/\/antcube.shop\/nb\/wp-json\/wp\/v2\/media\/5445"}],"wp:attachment":[{"href":"https:\/\/antcube.shop\/nb\/wp-json\/wp\/v2\/media?parent=2673"}],"wp:term":[{"taxonomy":"product_brand","embeddable":true,"href":"https:\/\/antcube.shop\/nb\/wp-json\/wp\/v2\/product_brand?post=2673"},{"taxonomy":"product_cat","embeddable":true,"href":"https:\/\/antcube.shop\/nb\/wp-json\/wp\/v2\/product_cat?post=2673"},{"taxonomy":"product_tag","embeddable":true,"href":"https:\/\/antcube.shop\/nb\/wp-json\/wp\/v2\/product_tag?post=2673"}],"curies":[{"name":"wp","href":"https:\/\/api.w.org\/{rel}","templated":true}]}}