{"id":12443,"date":"2025-09-30T10:07:55","date_gmt":"2025-09-30T08:07:55","guid":{"rendered":"https:\/\/antcube.shop\/en\/product\/poster-lasius-niger-lebensweise-100x70\/"},"modified":"2026-01-12T12:43:19","modified_gmt":"2026-01-12T11:43:19","slug":"plakat-lasius-niger-way-of-life-100x70","status":"publish","type":"product","link":"https:\/\/antcube.shop\/nb\/produkt\/plakat-lasius-niger-way-of-life-100x70\/","title":{"rendered":"Plakat - Lasius niger way of life - 100\u00d770"},"content":{"rendered":"<p><strong>Dimensjoner:<\/strong> 100\u00d770 cm<\/p>\n<p><strong>Materiell:<\/strong> Latex-papir<br \/>\nDette papiret er vanntett, avt\u00f8rkbart, slitesterkt, milj\u00f8vennlig ettersom det ikke inneholder milj\u00f8skadelige l\u00f8semidler og gir en str\u00e5lende utskriftskvalitet.<\/p>\n<p><strong>Beskrivelse:<\/strong> Denne plakaten gir en klar oversikt over livsstilen til Lasius niger - svartmauren. Den er en av de mest utbredte og mest kjente maurartene i Europa, og kanskje til og med en av de mest popul\u00e6re representantene for sin slekt p\u00e5 verdensbasis.<\/p>\n<p><strong>Viktig - tilleggsinformasjon:<\/strong> <a href=\"https:\/\/www.ants.de\/link\/1006\">Her<\/a> finner du en detaljert beskrivelse av de enkelte scenene p\u00e5 plakaten. Disse er ikke inkludert, men kan hentes og skrives ut separat via f\u00f8lgende lenke. <a href=\"https:\/\/www.ants.de\/link\/1006\">https:\/\/www.ants.de\/link\/1006<\/a><\/p>","protected":false},"excerpt":{"rendered":"<p>St\u00f8rrelse: 100\u00d770 cm<\/p>","protected":false},"featured_media":12453,"comment_status":"open","ping_status":"closed","template":"","meta":{"_acf_changed":false,"content-type":"","_monsterinsights_skip_tracking":false,"_monsterinsights_sitenote_active":false,"_monsterinsights_sitenote_note":"","_monsterinsights_sitenote_category":0},"product_brand":[484],"product_cat":[547,500,245],"product_tag":[],"class_list":{"0":"post-12443","1":"product","2":"type-product","3":"status-publish","4":"has-post-thumbnail","6":"product_brand-antcube","7":"product_cat-all-products","8":"product_cat-ant-posters-and-teaching-aids","9":"product_cat-merchandise","11":"first","12":"instock","13":"taxable","14":"shipping-taxable","15":"purchasable","16":"product-type-simple"},"acf":[],"aioseo_notices":[],"jetpack_sharing_enabled":true,"_links":{"self":[{"href":"https:\/\/antcube.shop\/nb\/wp-json\/wp\/v2\/product\/12443","targetHints":{"allow":["GET"]}}],"collection":[{"href":"https:\/\/antcube.shop\/nb\/wp-json\/wp\/v2\/product"}],"about":[{"href":"https:\/\/antcube.shop\/nb\/wp-json\/wp\/v2\/types\/product"}],"replies":[{"embeddable":true,"href":"https:\/\/antcube.shop\/nb\/wp-json\/wp\/v2\/comments?post=12443"}],"wp:featuredmedia":[{"embeddable":true,"href":"https:\/\/antcube.shop\/nb\/wp-json\/wp\/v2\/media\/12453"}],"wp:attachment":[{"href":"https:\/\/antcube.shop\/nb\/wp-json\/wp\/v2\/media?parent=12443"}],"wp:term":[{"taxonomy":"product_brand","embeddable":true,"href":"https:\/\/antcube.shop\/nb\/wp-json\/wp\/v2\/product_brand?post=12443"},{"taxonomy":"product_cat","embeddable":true,"href":"https:\/\/antcube.shop\/nb\/wp-json\/wp\/v2\/product_cat?post=12443"},{"taxonomy":"product_tag","embeddable":true,"href":"https:\/\/antcube.shop\/nb\/wp-json\/wp\/v2\/product_tag?post=12443"}],"curies":[{"name":"wp","href":"https:\/\/api.w.org\/{rel}","templated":true}]}}