{"id":12436,"date":"2025-09-30T10:01:57","date_gmt":"2025-09-30T08:01:57","guid":{"rendered":"https:\/\/antcube.shop\/en\/product\/antcube-digfix-20x20-liegend\/"},"modified":"2026-03-31T15:11:54","modified_gmt":"2026-03-31T13:11:54","slug":"antcube-digfix-20x20-liggende","status":"publish","type":"product","link":"https:\/\/antcube.shop\/nb\/produkt\/antcube-digfix-20x20-liggende\/","title":{"rendered":"ANTCUBE - Digfix 20\u00d720 - liggende"},"content":{"rendered":"<p><strong>Dimensjoner:<\/strong> 180x180x28 mm<\/p>\n<p><strong>Materiell:<\/strong> Digfix<\/p>\n<p><strong>Bruksomr\u00e5de:<\/strong><br \/>\nPasser kun i v\u00e5r ANTCUBE - Nest 20\u00d720 - horisontal<\/p>\n<p><strong>Beskrivelse:<\/strong><br \/>\nDette Digfix-reiret, som er laget av et spesielt materiale som kan graves i, er designet for \u00e5 passe perfekt inn i v\u00e5re ANTCUBE 20\u00d720 horisontale reir. Platen kan brukes enten t\u00f8rr eller fuktet, og passer til mange maurarter - spesielt de som bygger reir i sand eller (d\u00f8dt) treverk. Den er et praktisk alternativ til sand-leire-blandinger eller reirinnsatser av kork.<\/p>\n<p>En s\u00e6rlig fordel er at det er enkelt \u00e5 kontrollere fuktighetsniv\u00e5et: Platen skifter synlig farge, slik at fuktighetsniv\u00e5et kan vurderes optimalt. I motsetning til sand-leire-blandinger forblir de indre rutene i maurfarmen rene, siden det ikke fester seg noe l\u00f8st substrat p\u00e5 dem.<\/p>\n<p>Takket v\u00e6re den solide strukturen holder materialet permanent p\u00e5 tunnelene og kamrene som maurene har skapt, uten \u00e5 kollapse - for en trygg og naturlig graveopplevelse.<\/p>","protected":false},"excerpt":{"rendered":"<p>Ma\u00dfe: 180x180x28mm<\/p>","protected":false},"featured_media":0,"comment_status":"open","ping_status":"closed","template":"","meta":{"_acf_changed":false,"content-type":"","_monsterinsights_skip_tracking":false,"_monsterinsights_sitenote_active":false,"_monsterinsights_sitenote_note":"","_monsterinsights_sitenote_category":0},"product_brand":[484],"product_cat":[547,257,87,88],"product_tag":[],"class_list":{"0":"post-12436","1":"product","2":"type-product","3":"status-publish","5":"product_brand-antcube","6":"product_cat-all-products","7":"product_cat-new-innovatve-products","8":"product_cat-nest-insets","9":"product_cat-digfix","11":"first","12":"instock","13":"taxable","14":"shipping-taxable","15":"purchasable","16":"product-type-simple"},"acf":[],"aioseo_notices":[],"jetpack_sharing_enabled":true,"_links":{"self":[{"href":"https:\/\/antcube.shop\/nb\/wp-json\/wp\/v2\/product\/12436","targetHints":{"allow":["GET"]}}],"collection":[{"href":"https:\/\/antcube.shop\/nb\/wp-json\/wp\/v2\/product"}],"about":[{"href":"https:\/\/antcube.shop\/nb\/wp-json\/wp\/v2\/types\/product"}],"replies":[{"embeddable":true,"href":"https:\/\/antcube.shop\/nb\/wp-json\/wp\/v2\/comments?post=12436"}],"wp:attachment":[{"href":"https:\/\/antcube.shop\/nb\/wp-json\/wp\/v2\/media?parent=12436"}],"wp:term":[{"taxonomy":"product_brand","embeddable":true,"href":"https:\/\/antcube.shop\/nb\/wp-json\/wp\/v2\/product_brand?post=12436"},{"taxonomy":"product_cat","embeddable":true,"href":"https:\/\/antcube.shop\/nb\/wp-json\/wp\/v2\/product_cat?post=12436"},{"taxonomy":"product_tag","embeddable":true,"href":"https:\/\/antcube.shop\/nb\/wp-json\/wp\/v2\/product_tag?post=12436"}],"curies":[{"name":"wp","href":"https:\/\/api.w.org\/{rel}","templated":true}]}}