{"id":12287,"date":"2025-09-02T09:53:14","date_gmt":"2025-09-02T07:53:14","guid":{"rendered":"https:\/\/antcube.shop\/en\/product\/antcube-nest-20x20-liegend\/"},"modified":"2026-04-14T09:35:08","modified_gmt":"2026-04-14T07:35:08","slug":"maurkube-rede-20x20-liggende","status":"publish","type":"product","link":"https:\/\/antcube.shop\/nb\/produkt\/maurkube-rede-20x20-liggende\/","title":{"rendered":"ANTCUBE - Nest 20\u00d720 - liggende"},"content":{"rendered":"<p><strong>Dimensjoner:<\/strong><br \/>\nReir: 190 x 190 x 28 mm<br \/>\nGlassdeksel: 190 x 190 x 4 mm<\/p>\n<p><strong>Materiell:<\/strong><br \/>\nFlyteglass, plast<\/p>\n<p><strong>Farge:<\/strong><br \/>\nKrystallklar<\/p>\n<p><strong>Innhold:<\/strong><br \/>\n1x ANTCUBE - Nest 20\u00d720 - horisontal med to tilkoblingskontakter L 20\/16<br \/>\n1x glassdeksel med 27 mm hull<\/p>\n<p><strong>Forbindelse:<\/strong> 2x 14\/16\/18\/20 x 20mm stikkontakt<\/p>\n<p>14\/10-slangen settes godt inn i 14 mm-muffen<br \/>\n20\/16-slangen er festet godt til det f\u00f8rste 16 mm-trinnet<br \/>\n22\/18-slangen sitter tett p\u00e5 det andre 20 mm-trinnet<\/p>\n<p><strong>Beskrivelse: <\/strong>Det horisontale reiret har to tilkoblingsstusser som kan brukes til \u00e5 feste slanger eller r\u00f8r. Alternativt kan disse lukkes sikkert med matchende plast- eller nettinghetter.<\/p>\n<p>For st\u00f8rre maurarter, som for eksempel ulike Camponotus-arter, anbefaler vi \u00e5 kombinere det med et av v\u00e5re separat tilgjengelige korkreir. Reiret kan imidlertid ogs\u00e5 fylles med jordsubstrat.<\/p>\n<p>Dekselet kan tas av og sitter godt og sikkert p\u00e5 maurtua takket v\u00e6re den gummierte kanten. I midten er det et 27 mm stort hull som brukes til \u00e5 fukte innsiden av reiret. Avhengig av \u00f8nsket luftfuktighet kan denne \u00e5pningen lukkes med enten en nettinginnsats eller en formicariumplugg.<\/p>\n<p>Som tilvalg kan man f\u00e5 et r\u00f8dt lokk som gj\u00f8r reiret m\u00f8rkere, og som, avhengig av hvilken art som holdes, kan ha en positiv innvirkning p\u00e5 koloniens utvikling.<\/p>\n<p><strong>Informasjon om produksjon<\/strong><br \/>\nGlasset er sk\u00e5ret i henhold til DIN 1249 med en toleranse p\u00e5 +\/- 1 mm. Ekstra beskyttelse mot utbrudd er avgj\u00f8rende for ekstremt sm\u00e5 maurarter.<\/p>\n<p><strong>Merknad om tilkoblingskontaktene<\/strong><br \/>\nV\u00e6r oppmerksom p\u00e5 f\u00f8lgende n\u00e5r du monterer eller fjerner slanger:<br \/>\nHvis slangen er sv\u00e6rt vanskelig \u00e5 f\u00e5 p\u00e5 plass p\u00e5 koblingsstussen, b\u00f8r stussen gnides lett inn med en dr\u00e5pe av v\u00e5r utbruddsbeskyttelsesolje eller -pulver. Deretter skyves slangen inn p\u00e5 koblingen ved \u00e5 dreie eller skru den fast, uten \u00e5 bruke trykk oppover eller nedover p\u00e5 koblingen. Det samme gjelder n\u00e5r slangene skal fjernes fra koblingen. Ikke bare trekk dem av!<\/p>","protected":false},"excerpt":{"rendered":"<p>Tilkobling: 2x 14\/16\/18\/20 mm stikkontakt<br \/>\nSt\u00f8rrelse: L<\/p>","protected":false},"featured_media":12292,"comment_status":"open","ping_status":"closed","template":"","meta":{"_acf_changed":false,"content-type":"","_monsterinsights_skip_tracking":false,"_monsterinsights_sitenote_active":false,"_monsterinsights_sitenote_note":"","_monsterinsights_sitenote_category":0},"product_brand":[484],"product_cat":[257,80,83,86],"product_tag":[],"class_list":{"0":"post-12287","1":"product","2":"type-product","3":"status-publish","4":"has-post-thumbnail","6":"product_brand-antcube","7":"product_cat-new-innovatve-products","8":"product_cat-antfarms","9":"product_cat-antfarms-l","10":"product_cat-formicariums","12":"first","13":"instock","14":"taxable","15":"shipping-taxable","16":"purchasable","17":"product-type-simple"},"acf":[],"aioseo_notices":[],"jetpack_sharing_enabled":true,"_links":{"self":[{"href":"https:\/\/antcube.shop\/nb\/wp-json\/wp\/v2\/product\/12287","targetHints":{"allow":["GET"]}}],"collection":[{"href":"https:\/\/antcube.shop\/nb\/wp-json\/wp\/v2\/product"}],"about":[{"href":"https:\/\/antcube.shop\/nb\/wp-json\/wp\/v2\/types\/product"}],"replies":[{"embeddable":true,"href":"https:\/\/antcube.shop\/nb\/wp-json\/wp\/v2\/comments?post=12287"}],"wp:featuredmedia":[{"embeddable":true,"href":"https:\/\/antcube.shop\/nb\/wp-json\/wp\/v2\/media\/12292"}],"wp:attachment":[{"href":"https:\/\/antcube.shop\/nb\/wp-json\/wp\/v2\/media?parent=12287"}],"wp:term":[{"taxonomy":"product_brand","embeddable":true,"href":"https:\/\/antcube.shop\/nb\/wp-json\/wp\/v2\/product_brand?post=12287"},{"taxonomy":"product_cat","embeddable":true,"href":"https:\/\/antcube.shop\/nb\/wp-json\/wp\/v2\/product_cat?post=12287"},{"taxonomy":"product_tag","embeddable":true,"href":"https:\/\/antcube.shop\/nb\/wp-json\/wp\/v2\/product_tag?post=12287"}],"curies":[{"name":"wp","href":"https:\/\/api.w.org\/{rel}","templated":true}]}}