{"id":12286,"date":"2025-09-02T09:53:07","date_gmt":"2025-09-02T07:53:07","guid":{"rendered":"https:\/\/antcube.shop\/en\/product\/antcube-korknest-30x30-liegend\/"},"modified":"2026-02-26T10:38:05","modified_gmt":"2026-02-26T09:38:05","slug":"antcube-korknest-30x30-liggende","status":"publish","type":"product","link":"https:\/\/antcube.shop\/nb\/produkt\/antcube-korknest-30x30-liggende\/","title":{"rendered":"ANTCUBE - Corknest 30\u00d730 - liggende"},"content":{"rendered":"<p><strong>Dimensjoner:<\/strong> 280x280x28 mm<\/p>\n<p><strong>Materiell:<\/strong> Kork (fint)<\/p>\n<p><strong>Bruksomr\u00e5de:<\/strong><br \/>\nPasser kun i v\u00e5r ANTCUBE - Nest 30\u00d730 - horisontal<\/p>\n<p><strong>Beskrivelse:\u00a0<\/strong><br \/>\nDette korkreiret med ferdigbygde tunneler og kamre er egnet for mange maurarter, spesielt de som bygger reir i (d\u00f8dt) trevirke. Det har to hull som fungerer som reirinnganger.<\/p>\n<p>Kork er et naturlig, kjemisk n\u00f8ytralt materiale. Strukturen er ugjennomtrengelig for v\u00e6sker, reagerer ikke kjemisk og holder seg derfor intakt i lang tid. Et permanent h\u00f8yt fuktighetsinnhold kan imidlertid fremme r\u00e5te og forkorte reirets levetid. Generelt er kork sv\u00e6rt motstandsdyktig mot forr\u00e5tnelse og sopp- og muggangrep. Den spesielle overflaten og strukturen gir lite egnet grobunn for sopp. Likevel kan matrester, ekskrementer eller andre organiske stoffer fremme muggvekst.<\/p>\n<p>Vi anbefaler derfor \u00e5 holde maurarter fra t\u00f8rrere omr\u00e5der i korkreir. Men ogs\u00e5 arter fra fuktigere omr\u00e5der kan holdes i korkbol - for de fleste er r\u00e5te ikke noe problem. Mange maurarter som finnes i Nord-Europa, som Camponotus herculeanus eller Formica fusca, er til og med naturlig tilpasset r\u00e5ttent eller delvis forr\u00e5tnet treverk.<\/p>","protected":false},"excerpt":{"rendered":"<p>St\u00f8rrelse: 280x280x28mm<\/p>","protected":false},"featured_media":12291,"comment_status":"open","ping_status":"closed","template":"","meta":{"_acf_changed":false,"content-type":"","_monsterinsights_skip_tracking":false,"_monsterinsights_sitenote_active":false,"_monsterinsights_sitenote_note":"","_monsterinsights_sitenote_category":0},"product_brand":[484],"product_cat":[257,87,89],"product_tag":[],"class_list":{"0":"post-12286","1":"product","2":"type-product","3":"status-publish","4":"has-post-thumbnail","6":"product_brand-antcube","7":"product_cat-new-innovatve-products","8":"product_cat-nest-insets","9":"product_cat-cork","11":"first","12":"instock","13":"taxable","14":"shipping-taxable","15":"purchasable","16":"product-type-simple"},"acf":[],"aioseo_notices":[],"jetpack_sharing_enabled":true,"_links":{"self":[{"href":"https:\/\/antcube.shop\/nb\/wp-json\/wp\/v2\/product\/12286","targetHints":{"allow":["GET"]}}],"collection":[{"href":"https:\/\/antcube.shop\/nb\/wp-json\/wp\/v2\/product"}],"about":[{"href":"https:\/\/antcube.shop\/nb\/wp-json\/wp\/v2\/types\/product"}],"replies":[{"embeddable":true,"href":"https:\/\/antcube.shop\/nb\/wp-json\/wp\/v2\/comments?post=12286"}],"wp:featuredmedia":[{"embeddable":true,"href":"https:\/\/antcube.shop\/nb\/wp-json\/wp\/v2\/media\/12291"}],"wp:attachment":[{"href":"https:\/\/antcube.shop\/nb\/wp-json\/wp\/v2\/media?parent=12286"}],"wp:term":[{"taxonomy":"product_brand","embeddable":true,"href":"https:\/\/antcube.shop\/nb\/wp-json\/wp\/v2\/product_brand?post=12286"},{"taxonomy":"product_cat","embeddable":true,"href":"https:\/\/antcube.shop\/nb\/wp-json\/wp\/v2\/product_cat?post=12286"},{"taxonomy":"product_tag","embeddable":true,"href":"https:\/\/antcube.shop\/nb\/wp-json\/wp\/v2\/product_tag?post=12286"}],"curies":[{"name":"wp","href":"https:\/\/api.w.org\/{rel}","templated":true}]}}