{"id":11857,"date":"2025-06-20T14:40:22","date_gmt":"2025-06-20T12:40:22","guid":{"rendered":"https:\/\/antcube.shop\/en\/product\/bundle-offer-tetraponera-rufonigra\/"},"modified":"2026-04-14T19:51:12","modified_gmt":"2026-04-14T17:51:12","slug":"pakketilbud-tetraponera-rufonigra","status":"publish","type":"product","link":"https:\/\/antcube.shop\/nb\/produkt\/pakketilbud-tetraponera-rufonigra\/","title":{"rendered":"Pakketilbud - Tetraponera rufonigra"},"content":{"rendered":"<p><strong><span data-text-color=\"secondary\">Pakketilbud med en Tetraponera rufonigra maurkoloni (dronning + 5-10 arbeidere + yngel), et korkstartersett, 2x formicarium-pads, en p\u00e5fyllingspakke med honningduggblanding p\u00e5 10 ml og en krukke med v\u00e5re spesielle blancherte sirisser (fuktig protein).<\/span><\/strong><\/p>\n<p><span data-text-color=\"alert\"><strong>Bare s\u00e5 lenge lageret rekker.<\/strong><\/span><\/p>\n<p><strong>Alt du trenger for en Tetraponera rufonigra maurkoloni<\/strong><br \/>\nDenne pakken inneholder alt du trenger for \u00e5 starte og ta vare p\u00e5 en Tetraponera rufonigra-koloni i den tidlige utviklingen. Det er nybegynnervennlig og kan enkelt utvides etter hvert som kolonien vokser.<\/p>\n<p><strong>Maurart: Tetraponera rufonigra<\/strong><br \/>\nTetraponera rufonigra er en slank, treboende maurart som er kjent for sin sl\u00e5ende r\u00f8dlige og svarte farge. Den er hjemmeh\u00f8rende i S\u00f8r- og S\u00f8r\u00f8st-Asia og bygger vanligvis reir i d\u00f8de kvister eller hule plantestengler og er tilpasset varme, fuktige tropiske milj\u00f8er. Selv om den ikke er like vanlig \u00e5 holde som andre arter som hekker p\u00e5 bakken, er den et utmerket valg for dyreholdere som \u00f8nsker en mer aktiv og visuelt interessant koloni. <span data-text-color=\"alert\"><strong>Merk: Denne arten har en brodd og viser en h\u00f8yere grad av defensiv atferd, s\u00e5 h\u00e5ndtering b\u00f8r gj\u00f8res med forsiktighet.<\/strong><\/span><\/p>\n<p><strong>Mat til Tetraponera rufonigra<\/strong><br \/>\nDisse maurene krever en diett rik p\u00e5 b\u00e5de sukker og proteiner. Tilby en blanding av honningduggblanding eller honningoppl\u00f8sning for karbohydrater, sammen med sm\u00e5 insekter (levende eller d\u00f8de) for protein. De har spesielt godt av byttedyr med myk kropp som bananfluer, melorm eller v\u00e5re blancherte gresshopper. Av og til kan du ogs\u00e5 tilby frukt som banan eller eple. S\u00f8rg alltid for at ferskvann er tilgjengelig.<\/p>\n<p><strong>Formicarium for Tetraponera rufonigra<\/strong><br \/>\nI naturen bygger Tetraponera rufonigra reir i trange hulrom i tre eller hule stammer. For stell i fangenskap anbefaler vi v\u00e5rt startsett L med reirinnsatser av kork eller bambus, som replikerer deres naturlige redemilj\u00f8 godt. Vertikale eller halvvertikale reiralternativer er ideelle for \u00e5 simulere deres arboreale livsstil. S\u00f8rg for at formicariumet har tilstrekkelig ventilasjon og holder en moderat til h\u00f8y luftfuktighet, spesielt i reiromr\u00e5det.<\/p>\n<p><strong>Innhold:<\/strong><br \/>\n1x Tetraponera rufonigra (dronning + 5-10 arbeidere + yngel)<br \/>\n1x Cricket Jam 25g<br \/>\n1x Honeydew Mix (HT) - etterfyllingspakke 10 ml<br \/>\n1x Formicarium-sokkel - 20x20 cm<br \/>\n1x Formicarium-base - 20x6cm<\/p>\n<p>1x ANTCUBE - Arena 20x20x10 - flatt<br \/>\n1x maur arena ramme 20\u00d720<br \/>\n1x maur arena deksel 20\u00d720<br \/>\n4x festepunkt for arenadekke<br \/>\n1x ANTCUBE - Myretue - L - 20\u00d720 - st\u00e5ende<\/p>\n<p>1x ANTCUBE - korkrederi 20\u00d720 - st\u00e5ende<br \/>\n1x 0,5 m gjennomsiktig 20\/16 mm slange<br \/>\n2x ANTCUBE - r\u00f8d folie 20\u00d720 - filter<br \/>\n1x selvklebende klips - gjennomsiktig 2 stk.<br \/>\n1x underlag - sandleire beige - 1000g<\/p>\n<p>2x Grid insert acrylic &#8211; 50 mm with sealing ring<br \/>\n1x Grid insert acrylic &#8211; 27 mm with sealing ring<br \/>\n1x Gitterhette - 16 mm - rustfritt st\u00e5l<\/p>\n<p>1x kobling for tankslange 27-14,16,20 mm - transparent<br \/>\n1x Foil thermometer &#8211; farm<br \/>\n1x Foil thermometer Display<br \/>\n1x drinking clear 5ml &#8211; sponge<br \/>\n1x Feeding dish white rectangle &#8211; 3 compartments<br \/>\n1x Drinking trough 2ml &#8211; 360 Degrees<br \/>\n1x Maurbeskyttelsesolje 10 ml<br \/>\n1x Pincett av fj\u00e6rst\u00e5l - bred - myk<br \/>\n1x Pincett i gjennomsiktig plast<br \/>\n1x plastpipette 3 ml<br \/>\n1x h\u00e5ndlupe - 2x - 30 mm<br \/>\n1x skumvisker 150x18x2,5mm<\/p>\n<p><strong>Beskrivelse Startsett:<\/strong><br \/>\nDette startsettet i kork, med prefabrikkerte korridorer og kamre, egner seg for ulike maurarter, spesielt for arter som hekker i (d\u00f8dt) trevirke.<\/p>\n<p>\"ANTCUBE - Cork Nest\" kan settes inn i den helt gjennomsiktige farmen. Alternativt kan du ogs\u00e5 bruke substratet \"Sand-clay beige\" til \u00e5 fylle farmen eller lukke noen av kamrene i korkreiret. Via 50 mm-hullene i dekselet kan du ved behov koble til flere moduler, f.eks. de separat tilgjengelige t\u00e5kerne, viftene eller lysene. Alternativt f\u00f8lger det med passende gitterinnsatser og formicariumplugger for \u00e5 lukke \u00e5pningene. Om \u00f8nskelig kan formikariet ogs\u00e5 brukes \u00e5pent ved \u00e5 plassere den avtakbare rammen p\u00e5 toppen og sm\u00f8re kanten med maurfluktolje.<\/p>\n<p><strong>Viktig:<\/strong> Fukt substratet f\u00f8r bruk, slik at blandingen kan binde seg og f\u00e5 godt feste i maurtua. Hvis substratet er for t\u00f8rt og st\u00f8vete, kan maurenes luftveier blokkeres, og i verste fall kan dyrene kveles.<\/p>\n<p><strong>Anbefaling: <\/strong>Vi anbefaler et underlagslag p\u00e5 2 mm h\u00f8yde, slik at dyrene ikke kan grave seg ned i arenaen, men i stedet bruke den medf\u00f8lgende farmen til dette form\u00e5let.<\/p>\n<p><strong>Merknader om glassproduksjon<\/strong><br \/>\nGlasset skj\u00e6res til i henhold til DIN 1249 med en toleranse p\u00e5 +\/- 1 mm. For ekstremt sm\u00e5 maurarter er det n\u00f8dvendig med ekstra beskyttelse mot utbrudd.<\/p>\n<p><strong>Merknader om g\u00e5rden<\/strong><br \/>\nReiret skal bare brukes i et t\u00f8rt formikarium. Hvis reiret holdes fuktig hele tiden, kan materialet mugne.<\/p>\n<p><strong>V\u00e6r oppmerksom p\u00e5 f\u00f8lgende n\u00e5r du monterer eller fjerner slanger:<\/strong><br \/>\nHvis slangen er sv\u00e6rt vanskelig \u00e5 f\u00e5 p\u00e5 plass p\u00e5 tilkoblingsmuffen, b\u00f8r muffen gnides lett inn med en dr\u00e5pe av v\u00e5r olje eller pulver som beskytter mot utbrudd. Deretter skal slangen skyves p\u00e5 muffen ved hjelp av vridnings- eller skrubevegelser uten \u00e5 belaste muffen med opp- og nedbevegelser. Det samme gjelder n\u00e5r du fjerner slangene fra g\u00e5rdsstussen. Ikke bare dra den av!<\/p>\n<p><strong>Instruksjoner:<\/strong><br \/>\n&#8211; <a href=\"https:\/\/www.antstore.net\/shop\/images\/info\/en\/Instructions%20for%20use%20-%20Starter%20Set%20Cork.pdf\" data-cke-saved-href=\"https:\/\/www.antstore.net\/shop\/images\/info\/en\/Instructions%20for%20use%20-%20Starter%20Set%20Cork.pdf\">DA Bruksanvisning - Startsett kork (PDF 3,79 MB)<\/a><br \/>\n&#8211; <a href=\"https:\/\/www.antstore.net\/shop\/images\/info\/es\/Manual%20de%20instrucciones%20-%20Set%20de%20inicio%20de%20corcho.pdf\" data-cke-saved-href=\"https:\/\/www.antstore.net\/shop\/images\/info\/es\/Manual%20de%20instrucciones%20-%20Set%20de%20inicio%20de%20corcho.pdf\">ES Manual de instrucciones - Set de inicio de corcho (PDF 3,79 MB)<\/a><br \/>\n&#8211; <a href=\"https:\/\/www.antstore.net\/shop\/images\/info\/fr\/Manuel%20d'instruction%20-%20Kit%20de%20d%C3%A9marrage%20en%20li%C3%A8ge.pdf\" data-cke-saved-href=\"https:\/\/www.antstore.net\/shop\/images\/info\/fr\/Manuel%20d'instruction%20-%20Kit%20de%20d%C3%A9marrage%20en%20li%C3%A8ge.pdf\">FR Manuel d'instruction - Kit de d\u00e9marrage en li\u00e8ge (PDF 3,79 MB)<\/a><\/p>\n<p><strong>Notater om Cricket Jam:<\/strong><br \/>\nV\u00e5re blancherte sirisser er en enkel m\u00e5te \u00e5 gi maurene dine nykonserverte proteiner uten \u00e5 m\u00e5tte f\u00f4re med levende insekter. De inneholdte sirissene (Acheta domesticus) er sk\u00e5nsomt blancherte for \u00e5 sikre at n\u00e6ringsverdier, smak og aroma beholdes. I tillegg mykgj\u00f8res insektenes kitinskall p\u00e5 denne m\u00e5ten, slik at det blir lettere \u00e5 ford\u00f8ye. Bindingene i kollagenproteinene brytes ned slik at maurene kan utnytte dem bedre. Acheta domesticus p\u00e5 boks har samme n\u00e6ringsverdi som levende sirisser, men er lettere \u00e5 ford\u00f8ye.<\/p>\n<p>Cricket Jam er ikke egnet til jakt p\u00e5 maurarter som krever levende f\u00f8de (f.eks. poneriner (stormaur) som Harpegnathos eller Odontomachus).<\/p>\n<p><strong>Ytterligere fordeler:<\/strong><br \/>\nGarantert fri for midd<br \/>\nKan porsjoneres og fortynnes med vann<br \/>\nSterilisert og vakuumpakket<br \/>\nUten tilsetningsstoffer<br \/>\nF\u00e5rekyllinger fra b\u00e6rekraftig, rent \u00f8kologisk oppdrett, f\u00f4ret med organisk avfall.<\/p>\n<p><strong>Merk:<\/strong><br \/>\nKan oppbevares i kj\u00f8leskapet i ca. fire dager etter \u00e5pning. Lengre holdbarhet hvis den fryses.<br \/>\nV\u00e6r oppmerksom: F\u00f8rst porsjonere, deretter fryse.<\/p>\n<p><strong>Merknad om honningdugg:<\/strong><br \/>\nInnhold: 10 ml<br \/>\nDette er et naturlig produkt, som vi har raffinert etter omfattende testing i laboratoriet v\u00e5rt og utviklet til en mat som maurene aksepterer sv\u00e6rt godt. \u00c5rsaken er at ubehandlet honningdugghonning i sin konsentrerte opprinnelige form ikke aksepteres godt av maur og deres metabolisme.<br \/>\nHonningduggen v\u00e5r ble samlet i de uforurensede, ville fjellskogene i Bulgaria. Honningdugg produseres bare i en sv\u00e6rt begrenset periode, omtrent to m\u00e5neder om sommeren. Den er derfor sv\u00e6rt sjelden. P\u00e5 grunn av skogens spesielle jordsmonn og klimaet lagres viktige n\u00e6ringsstoffer i tr\u00e6rnes blader, som absorberes av bladlusene. Det er dette som gj\u00f8r denne honningduggblandingen s\u00e5 ettertraktet for maur.<\/p>\n<p><strong>Bruksomr\u00e5de:<\/strong><br \/>\nMengden mat b\u00f8r konsumeres innen ca. 3 dager.<\/p>\n<p><strong>Beskrivelse:<\/strong><br \/>\nI motsetning til blomsterhonning utvinnes honningdugg av sekreter fra insekter som suger p\u00e5 planter, for eksempel bladlus. Honningdugg er en popul\u00e6r matkilde for mange insekter som maur, bier og humler. Bier og humler slikker honningdugg fra bladene eller n\u00e5lene p\u00e5 ulike tr\u00e6r. Maur som Lasius niger holder bokstavelig talt bladlusene i live. De forsvarer dem til og med mot rovdyr og b\u00e6rer dem til nye skudd.<\/p>\n<p>Honningdugg er spesielt popul\u00e6rt blant maur p\u00e5 grunn av sine noe annerledes bestanddeler. De viktigste sukkerartene i honningdugg er sukrose og fruktose, men det finnes ogs\u00e5 mindre mengder maltose, trehalose, melezitose, raffinose og andre oligosakkarider. I tillegg til sukker og vann inneholder honningdugg ogs\u00e5 essensielle aminosyrer, mineraler, sporstoffer, adenosiner, fosfater og andre ingredienser som vitaminer.<\/p>\n<p><strong>Bruk:<\/strong><br \/>\nFor honningspisende maurarter (Meliphagidae)<br \/>\nDette er et tilleggsf\u00f4r<br \/>\nDet kan tilbys dyrene etter hvert som de f\u00e5r det. Ettersom sukkerkonsentrasjonen reduseres p\u00e5 grunn av fuktigheten og en gj\u00e6ringsprosess starter, b\u00f8r f\u00f4ret skiftes ut hver 3. dag. Rengj\u00f8r f\u00f4rsk\u00e5len\/r\u00f8ret grundig f\u00f8r det brukes p\u00e5 nytt.<br \/>\nN\u00e5r pakningen er \u00e5pnet, skal den oppbevares tett lukket frem til utl\u00f8psdatoen.<\/p>\n<p><strong>N\u00e6ringsinnhold per 100 g:<\/strong><br \/>\nca. 2,7 % fettstoffer<br \/>\nhvorav mettet ca. 0,45 %<br \/>\nca. 95 % karbohydrater<br \/>\nhvorav sukker ca. 71<br \/>\nca. 2,85%-protein<br \/>\nMineraler (kalium, kalsium, kobber, jern, natrium, magnesium, fosfor, sink og andre sporstoffer) Aminosyrer (prolin, leucin, fenylalanin, alanin, histidin, isoleucin, glutaminsyre, arginin, asparaginsyre, etc.) Organiske syrer Enzymer (fermenter)Smaksstoffer Inhibiner (antibakterielle stoffer) Blomster Pollen<\/p>\n<p><strong>Lagring:<\/strong><br \/>\nFor \u00e5 sikre kvaliteten p\u00e5 f\u00f4ret b\u00f8r det oppbevares m\u00f8rkt og t\u00f8rt.<\/p>\n<p><strong>Merk:<\/strong><br \/>\nTilleggsf\u00f4r for honningspisende maur.<br \/>\nSe pakningsvedlegget for sammensetning, analytiske ingredienser, holdbarhetsdato og batchnummer.<\/p>\n<p>Informasjonstelefon +49 30 439703870<\/p>\n<p><strong>Ansvarlig veterin\u00e6r- og mattilsyn:<\/strong><br \/>\nSteglitz veterin\u00e6rkontor<br \/>\nK\u00f6nigin-Luise-Str. 92<br \/>\n14195 Berlin<\/p>","protected":false},"excerpt":{"rendered":"<p>Settet best\u00e5r av 33 deler<br \/>\nSt\u00f8rrelse: L<\/p>","protected":false},"featured_media":11858,"comment_status":"open","ping_status":"closed","template":"","meta":{"_acf_changed":false,"content-type":"","_monsterinsights_skip_tracking":false,"_monsterinsights_sitenote_active":false,"_monsterinsights_sitenote_note":"","_monsterinsights_sitenote_category":0},"product_brand":[484],"product_cat":[355,73],"product_tag":[],"class_list":{"0":"post-11857","1":"product","2":"type-product","3":"status-publish","4":"has-post-thumbnail","6":"product_brand-antcube","7":"product_cat-bundle-offers","8":"product_cat-starter-sets","10":"first","11":"instock","12":"taxable","13":"shipping-taxable","14":"purchasable","15":"product-type-simple"},"acf":[],"aioseo_notices":[],"jetpack_sharing_enabled":true,"_links":{"self":[{"href":"https:\/\/antcube.shop\/nb\/wp-json\/wp\/v2\/product\/11857","targetHints":{"allow":["GET"]}}],"collection":[{"href":"https:\/\/antcube.shop\/nb\/wp-json\/wp\/v2\/product"}],"about":[{"href":"https:\/\/antcube.shop\/nb\/wp-json\/wp\/v2\/types\/product"}],"replies":[{"embeddable":true,"href":"https:\/\/antcube.shop\/nb\/wp-json\/wp\/v2\/comments?post=11857"}],"wp:featuredmedia":[{"embeddable":true,"href":"https:\/\/antcube.shop\/nb\/wp-json\/wp\/v2\/media\/11858"}],"wp:attachment":[{"href":"https:\/\/antcube.shop\/nb\/wp-json\/wp\/v2\/media?parent=11857"}],"wp:term":[{"taxonomy":"product_brand","embeddable":true,"href":"https:\/\/antcube.shop\/nb\/wp-json\/wp\/v2\/product_brand?post=11857"},{"taxonomy":"product_cat","embeddable":true,"href":"https:\/\/antcube.shop\/nb\/wp-json\/wp\/v2\/product_cat?post=11857"},{"taxonomy":"product_tag","embeddable":true,"href":"https:\/\/antcube.shop\/nb\/wp-json\/wp\/v2\/product_tag?post=11857"}],"curies":[{"name":"wp","href":"https:\/\/api.w.org\/{rel}","templated":true}]}}