{"id":11505,"date":"2025-04-25T15:17:18","date_gmt":"2025-04-25T13:17:18","guid":{"rendered":"https:\/\/antcube.shop\/en\/product\/poster-die-rote-waldameise-formica-rufa-lebensweise-100x70\/"},"modified":"2026-01-12T12:41:40","modified_gmt":"2026-01-12T11:41:40","slug":"plakat-den-rode-skogmauren-formica-rufa-way-of-life-100x70","status":"publish","type":"product","link":"https:\/\/antcube.shop\/nb\/produkt\/plakat-den-rode-skogmauren-formica-rufa-way-of-life-100x70\/","title":{"rendered":"Plakat - Den r\u00f8de skogsmauren - Formica rufa way of life - 100\u00d770"},"content":{"rendered":"<p>Den r\u00f8de skogsmauren - Formica rufa way of life - Maurplakat og l\u00e6remiddel for skoler\/barnehager.<\/p>\n<p><strong>Beskrivelse tilgjengelig p\u00e5 tysk, engelsk, spansk og fransk<\/strong><\/p>\n<p><strong>Dimensjoner:<\/strong> 100\u00d770 cm<\/p>\n<p><strong>Materiell:<\/strong> Latex-papir<br \/>\nDette papiret er vanntett, avt\u00f8rkbart, slitesterkt, milj\u00f8vennlig ettersom det ikke inneholder milj\u00f8skadelige l\u00f8semidler og gir en str\u00e5lende utskriftskvalitet.<\/p>\n<p><strong>Beskrivelse:<\/strong> Denne plakaten gir en oversikt over levem\u00e5te og reirbygging hos Formica rufa, den haugbyggende r\u00f8de tremauren fra Nord- og Sentral-Europa. Denne arten er en fredet art.<\/p>\n<p><strong>Viktig - tilleggsinformasjon:<\/strong> <a href=\"https:\/\/www.ants.de\/link\/1001\">Her<\/a> finner du en detaljert beskrivelse av de enkelte scenene p\u00e5 plakaten. Disse f\u00f8lger ikke med plakaten, men kan hentes og skrives ut separat via f\u00f8lgende lenke: https:\/\/www.ants.de\/link\/1005<\/p>","protected":false},"excerpt":{"rendered":"<p>Den r\u00f8de skogsmauren - Formica rufa way of life - Maurplakat og l\u00e6remiddel for skoler\/barnehager. Beskrivelse tilgjengelig p\u00e5 tysk, engelsk, spansk og fransk Dimensjoner: 70x50 cm Materiale: Latexpapir Dette papiret er vannfast, avt\u00f8rkbart, slitesterkt, milj\u00f8vennlig da det ikke inneholder milj\u00f8skadelige l\u00f8semidler og gir en str\u00e5lende trykkvalitet. Beskrivelse","protected":false},"featured_media":11399,"comment_status":"open","ping_status":"closed","template":"","meta":{"_acf_changed":false,"content-type":"","_monsterinsights_skip_tracking":false,"_monsterinsights_sitenote_active":false,"_monsterinsights_sitenote_note":"","_monsterinsights_sitenote_category":0},"product_brand":[484],"product_cat":[500],"product_tag":[],"class_list":{"0":"post-11505","1":"product","2":"type-product","3":"status-publish","4":"has-post-thumbnail","6":"product_brand-antcube","7":"product_cat-ant-posters-and-teaching-aids","9":"first","10":"instock","11":"taxable","12":"shipping-taxable","13":"purchasable","14":"product-type-simple"},"acf":[],"aioseo_notices":[],"jetpack_sharing_enabled":true,"_links":{"self":[{"href":"https:\/\/antcube.shop\/nb\/wp-json\/wp\/v2\/product\/11505","targetHints":{"allow":["GET"]}}],"collection":[{"href":"https:\/\/antcube.shop\/nb\/wp-json\/wp\/v2\/product"}],"about":[{"href":"https:\/\/antcube.shop\/nb\/wp-json\/wp\/v2\/types\/product"}],"replies":[{"embeddable":true,"href":"https:\/\/antcube.shop\/nb\/wp-json\/wp\/v2\/comments?post=11505"}],"wp:featuredmedia":[{"embeddable":true,"href":"https:\/\/antcube.shop\/nb\/wp-json\/wp\/v2\/media\/11399"}],"wp:attachment":[{"href":"https:\/\/antcube.shop\/nb\/wp-json\/wp\/v2\/media?parent=11505"}],"wp:term":[{"taxonomy":"product_brand","embeddable":true,"href":"https:\/\/antcube.shop\/nb\/wp-json\/wp\/v2\/product_brand?post=11505"},{"taxonomy":"product_cat","embeddable":true,"href":"https:\/\/antcube.shop\/nb\/wp-json\/wp\/v2\/product_cat?post=11505"},{"taxonomy":"product_tag","embeddable":true,"href":"https:\/\/antcube.shop\/nb\/wp-json\/wp\/v2\/product_tag?post=11505"}],"curies":[{"name":"wp","href":"https:\/\/api.w.org\/{rel}","templated":true}]}}