{"id":11496,"date":"2025-04-25T15:09:59","date_gmt":"2025-04-25T13:09:59","guid":{"rendered":"https:\/\/antcube.shop\/en\/product\/poster-feinde-der-ameisen-70x50\/"},"modified":"2026-02-03T16:29:11","modified_gmt":"2026-02-03T15:29:11","slug":"plakat-maurens-fiender-70x50","status":"publish","type":"product","link":"https:\/\/antcube.shop\/nb\/produkt\/plakat-maurens-fiender-70x50\/","title":{"rendered":"Plakat - Maurens fiender - 70\u00d750"},"content":{"rendered":"<p>Maurens fiender - Maurplakat og l\u00e6remiddel for skoler\/barnehager.<\/p>\n<p><strong>Beskrivelse tilgjengelig p\u00e5 tysk, engelsk, spansk og fransk<\/strong><\/p>\n<p><strong>Dimensjoner:<\/strong> 70\u00d750 cm<\/p>\n<p><strong>Materiell:<\/strong> Latex-papir<br \/>\nDette papiret er vanntett, avt\u00f8rkbart, slitesterkt, milj\u00f8vennlig ettersom det ikke inneholder milj\u00f8skadelige l\u00f8semidler og gir en str\u00e5lende utskriftskvalitet.<\/p>\n<p><strong>Beskrivelse:<\/strong> Denne plakaten gir en oversikt over maurens naturlige fiender, fra den lille maurl\u00f8ven til oss mennesker.<\/p>\n<p><strong>Viktig - tilleggsinformasjon:<\/strong> <a href=\"https:\/\/www.ants.de\/link\/1010\">Her<\/a> finner du en detaljert beskrivelse av de enkelte scenene p\u00e5 plakaten. Disse er ikke inkludert, men kan hentes og skrives ut separat via f\u00f8lgende lenke. <a href=\"https:\/\/www.ants.de\/link\/1010\">https:\/\/www.ants.de\/link\/1010<\/a><\/p>","protected":false},"excerpt":{"rendered":"<p>Maurens fiender - maurplakat og l\u00e6remiddel for skoler\/barnehager. Beskrivelse tilgjengelig p\u00e5 tysk, engelsk, spansk og fransk Dimensjoner: 100 x 70 cm Materiale: Latexpapir Dette papiret er vannfast, avt\u00f8rkbart, slitesterkt, milj\u00f8vennlig ettersom det ikke inneholder milj\u00f8skadelige l\u00f8semidler og gir en str\u00e5lende utskriftskvalitet. Beskrivelse: Denne plakaten gir en oversikt over","protected":false},"featured_media":11404,"comment_status":"open","ping_status":"closed","template":"","meta":{"_acf_changed":false,"content-type":"","_monsterinsights_skip_tracking":false,"_monsterinsights_sitenote_active":false,"_monsterinsights_sitenote_note":"","_monsterinsights_sitenote_category":0},"product_brand":[484],"product_cat":[500],"product_tag":[],"class_list":{"0":"post-11496","1":"product","2":"type-product","3":"status-publish","4":"has-post-thumbnail","6":"product_brand-antcube","7":"product_cat-ant-posters-and-teaching-aids","9":"first","10":"instock","11":"taxable","12":"shipping-taxable","13":"purchasable","14":"product-type-simple"},"acf":[],"aioseo_notices":[],"jetpack_sharing_enabled":true,"_links":{"self":[{"href":"https:\/\/antcube.shop\/nb\/wp-json\/wp\/v2\/product\/11496","targetHints":{"allow":["GET"]}}],"collection":[{"href":"https:\/\/antcube.shop\/nb\/wp-json\/wp\/v2\/product"}],"about":[{"href":"https:\/\/antcube.shop\/nb\/wp-json\/wp\/v2\/types\/product"}],"replies":[{"embeddable":true,"href":"https:\/\/antcube.shop\/nb\/wp-json\/wp\/v2\/comments?post=11496"}],"wp:featuredmedia":[{"embeddable":true,"href":"https:\/\/antcube.shop\/nb\/wp-json\/wp\/v2\/media\/11404"}],"wp:attachment":[{"href":"https:\/\/antcube.shop\/nb\/wp-json\/wp\/v2\/media?parent=11496"}],"wp:term":[{"taxonomy":"product_brand","embeddable":true,"href":"https:\/\/antcube.shop\/nb\/wp-json\/wp\/v2\/product_brand?post=11496"},{"taxonomy":"product_cat","embeddable":true,"href":"https:\/\/antcube.shop\/nb\/wp-json\/wp\/v2\/product_cat?post=11496"},{"taxonomy":"product_tag","embeddable":true,"href":"https:\/\/antcube.shop\/nb\/wp-json\/wp\/v2\/product_tag?post=11496"}],"curies":[{"name":"wp","href":"https:\/\/api.w.org\/{rel}","templated":true}]}}