{"id":11494,"date":"2025-04-25T14:47:21","date_gmt":"2025-04-25T12:47:21","guid":{"rendered":"https:\/\/antcube.shop\/en\/product\/poster-ameisen-lebenszyklus-lasius-niger-50x70\/"},"modified":"2026-03-13T15:03:48","modified_gmt":"2026-03-13T14:03:48","slug":"plakat-maur-livssyklus-lasius-niger-50x70","status":"publish","type":"product","link":"https:\/\/antcube.shop\/nb\/produkt\/plakat-maur-livssyklus-lasius-niger-50x70\/","title":{"rendered":"Plakat - Maurens livssyklus - Lasius niger - 50\u00d770"},"content":{"rendered":"<p>Maurens livssyklus - Lasius niger - Maurplakat og l\u00e6remiddel for skoler\/barnehager.<\/p>\n<p><strong>Beskrivelse tilgjengelig p\u00e5 tysk, engelsk, spansk og fransk<\/strong><\/p>\n<p><strong>Dimensjoner:<\/strong> 50\u00d770 cm<\/p>\n<p><strong>Materiell:<\/strong> Latex-papir<br \/>\nDette papiret er vanntett, avt\u00f8rkbart, slitesterkt, milj\u00f8vennlig ettersom det ikke inneholder milj\u00f8skadelige l\u00f8semidler og gir en str\u00e5lende utskriftskvalitet.<\/p>\n<p><strong>Beskrivelse:<\/strong> Denne plakaten gir en oversikt over maurens utviklingsstadier, fra egg til arbeider, med maurarten Lasius niger som eksempel.<\/p>\n<p><strong>Viktig - tilleggsinformasjon:<\/strong> <a href=\"https:\/\/www.ants.de\/link\/1100\">Her<\/a> finner du en detaljert beskrivelse av de enkelte scenene p\u00e5 plakaten. Disse f\u00f8lger ikke med plakaten, men kan hentes og skrives ut separat via f\u00f8lgende lenke. <a href=\"https:\/\/www.ants.de\/link\/1100\">https:\/\/www.ants.de\/link\/1100<\/a><\/p>","protected":false},"excerpt":{"rendered":"<p>Maurens livssyklus - Lasius niger - Maurplakat og l\u00e6remiddel for skoler\/barnehager. Beskrivelse tilgjengelig p\u00e5 tysk, engelsk, spansk og fransk Dimensjoner: 70x100 cm Materiale: Latexpapir Dette papiret er vannfast, avt\u00f8rkbart, slitesterkt, milj\u00f8vennlig ettersom det ikke inneholder milj\u00f8skadelige l\u00f8semidler og gir en str\u00e5lende utskriftskvalitet. Beskrivelse: Plakat Denne plakaten","protected":false},"featured_media":11403,"comment_status":"open","ping_status":"closed","template":"","meta":{"_acf_changed":false,"content-type":"","_monsterinsights_skip_tracking":false,"_monsterinsights_sitenote_active":false,"_monsterinsights_sitenote_note":"","_monsterinsights_sitenote_category":0},"product_brand":[484],"product_cat":[500],"product_tag":[],"class_list":{"0":"post-11494","1":"product","2":"type-product","3":"status-publish","4":"has-post-thumbnail","6":"product_brand-antcube","7":"product_cat-ant-posters-and-teaching-aids","9":"first","10":"instock","11":"taxable","12":"shipping-taxable","13":"purchasable","14":"product-type-simple"},"acf":[],"aioseo_notices":[],"jetpack_sharing_enabled":true,"_links":{"self":[{"href":"https:\/\/antcube.shop\/nb\/wp-json\/wp\/v2\/product\/11494","targetHints":{"allow":["GET"]}}],"collection":[{"href":"https:\/\/antcube.shop\/nb\/wp-json\/wp\/v2\/product"}],"about":[{"href":"https:\/\/antcube.shop\/nb\/wp-json\/wp\/v2\/types\/product"}],"replies":[{"embeddable":true,"href":"https:\/\/antcube.shop\/nb\/wp-json\/wp\/v2\/comments?post=11494"}],"wp:featuredmedia":[{"embeddable":true,"href":"https:\/\/antcube.shop\/nb\/wp-json\/wp\/v2\/media\/11403"}],"wp:attachment":[{"href":"https:\/\/antcube.shop\/nb\/wp-json\/wp\/v2\/media?parent=11494"}],"wp:term":[{"taxonomy":"product_brand","embeddable":true,"href":"https:\/\/antcube.shop\/nb\/wp-json\/wp\/v2\/product_brand?post=11494"},{"taxonomy":"product_cat","embeddable":true,"href":"https:\/\/antcube.shop\/nb\/wp-json\/wp\/v2\/product_cat?post=11494"},{"taxonomy":"product_tag","embeddable":true,"href":"https:\/\/antcube.shop\/nb\/wp-json\/wp\/v2\/product_tag?post=11494"}],"curies":[{"name":"wp","href":"https:\/\/api.w.org\/{rel}","templated":true}]}}