{"id":11411,"date":"2025-04-11T16:41:28","date_gmt":"2025-04-11T14:41:28","guid":{"rendered":"https:\/\/antcube.shop\/en\/product\/light-strip-20-erweiterung\/"},"modified":"2026-03-16T10:38:25","modified_gmt":"2026-03-16T09:38:25","slug":"lyslist-20-forlengelse","status":"publish","type":"product","link":"https:\/\/antcube.shop\/nb\/produkt\/lyslist-20-forlengelse\/","title":{"rendered":"Light Strip 20 forlengelse"},"content":{"rendered":"<p><strong>Innhold:<\/strong><br \/>\n1x Lysstripe LED mini 14cm<br \/>\n1x brakett for takmontering inkl. skruer<br \/>\n1x tilkoblingskabel<br \/>\n1x tilkoblingsplugg<\/p>\n<p><strong>Tekniske data:<\/strong><br \/>\nDimensjoner: 140x60x9 mm<br \/>\nBelysning: LED<br \/>\nStr\u00f8mforbruk: 2W<br \/>\nLysstr\u00f8m: 210 lm (105 lm\/W)<br \/>\nLysfarge: 3000K \/ 4000K \/ 6500K<br \/>\nLevetid: ~ 25 000 timer<br \/>\nKabellengde: 30 cm<br \/>\nDimmbar<\/p>\n<p><strong>Materiell:<\/strong> Plast<\/p>\n<p><strong>Farge:<\/strong> hvit<\/p>\n<p><strong>Beskrivelse:<\/strong><br \/>\nIdeell for alle maurarter. Dagslyslignende spektrum med god belysning av myrehuset. Ingen u\u00f8nsket varmeavgivelse, ekstremt energibesparende.<br \/>\nDenne LED-lampen passer til formicaria og vivaria i st\u00f8rrelsene 20x20x20, 20x20x10 og 20x10x10x10. Den kan enkelt plasseres p\u00e5 lokket. Lysstyrken kan dimmes i 10 niv\u00e5er, og 3 forskjellige lysfarger kan stilles inn, fra \"kaldhvitt\" til \"naturlig\" til \"varmt\" lys. For formicaria med en bredde p\u00e5 40 cm kan to lamper settes inn i hverandre. Fra en h\u00f8yde p\u00e5 mer enn 30 cm n\u00e5r bare litt lys bunnen.<\/p>\n<p><strong>Viktig:<\/strong> Uten str\u00f8mforsyning! Fungerer kun sammen med Light Strip 20 (1005742) eller 30 (1005742).<br \/>\nFor eksempel kan 6 lamper 20 (opptil 12 watt) seriekobles med en str\u00f8mforsyningsenhet.<\/p>","protected":false},"excerpt":{"rendered":"<p><span style=\"font-weight: 400;\">Str\u00f8mforbruk: 2W<\/span><\/p>","protected":false},"featured_media":11377,"comment_status":"open","ping_status":"closed","template":"","meta":{"_acf_changed":false,"content-type":"","_monsterinsights_skip_tracking":false,"_monsterinsights_sitenote_active":false,"_monsterinsights_sitenote_note":"","_monsterinsights_sitenote_category":0},"product_brand":[],"product_cat":[359,257,119],"product_tag":[],"class_list":{"0":"post-11411","1":"product","2":"type-product","3":"status-publish","4":"has-post-thumbnail","6":"product_cat-light-heat-humidity","7":"product_cat-new-innovatve-products","8":"product_cat-formicarium-components","10":"first","11":"instock","12":"taxable","13":"shipping-taxable","14":"purchasable","15":"product-type-simple"},"acf":[],"aioseo_notices":[],"jetpack_sharing_enabled":true,"_links":{"self":[{"href":"https:\/\/antcube.shop\/nb\/wp-json\/wp\/v2\/product\/11411","targetHints":{"allow":["GET"]}}],"collection":[{"href":"https:\/\/antcube.shop\/nb\/wp-json\/wp\/v2\/product"}],"about":[{"href":"https:\/\/antcube.shop\/nb\/wp-json\/wp\/v2\/types\/product"}],"replies":[{"embeddable":true,"href":"https:\/\/antcube.shop\/nb\/wp-json\/wp\/v2\/comments?post=11411"}],"wp:featuredmedia":[{"embeddable":true,"href":"https:\/\/antcube.shop\/nb\/wp-json\/wp\/v2\/media\/11377"}],"wp:attachment":[{"href":"https:\/\/antcube.shop\/nb\/wp-json\/wp\/v2\/media?parent=11411"}],"wp:term":[{"taxonomy":"product_brand","embeddable":true,"href":"https:\/\/antcube.shop\/nb\/wp-json\/wp\/v2\/product_brand?post=11411"},{"taxonomy":"product_cat","embeddable":true,"href":"https:\/\/antcube.shop\/nb\/wp-json\/wp\/v2\/product_cat?post=11411"},{"taxonomy":"product_tag","embeddable":true,"href":"https:\/\/antcube.shop\/nb\/wp-json\/wp\/v2\/product_tag?post=11411"}],"curies":[{"name":"wp","href":"https:\/\/api.w.org\/{rel}","templated":true}]}}