{"id":11410,"date":"2025-04-11T16:40:32","date_gmt":"2025-04-11T14:40:32","guid":{"rendered":"https:\/\/antcube.shop\/en\/product\/light-strip-30\/"},"modified":"2026-02-26T10:38:57","modified_gmt":"2026-02-26T09:38:57","slug":"lysstripe-30","status":"publish","type":"product","link":"https:\/\/antcube.shop\/nb\/produkt\/lysstripe-30\/","title":{"rendered":"Lysstripe 30"},"content":{"rendered":"<p><strong>Innhold:<\/strong><br \/>\n1x Lysstripe LED mini 28cm<br \/>\n1x brakett for takmontering inkl. skruer<br \/>\n1x nettst\u00f8psel med bryter<\/p>\n<p><strong>Tekniske data:<\/strong><br \/>\nDimensjoner: 280x60x9 mm<br \/>\nBelysning: LED<br \/>\nStr\u00f8mforbruk: 4W<br \/>\nLysstr\u00f8m: 490 lm (123 lm\/W)<br \/>\nLysfarge: 3000K \/ 4000K \/ 6500K<br \/>\nLevetid: ~ 25 000 timer<br \/>\nKabellengde: 156 cm<br \/>\nDimmbar<\/p>\n<p><strong>Materiell:<\/strong> Plast<\/p>\n<p><strong>Farge:<\/strong> hvit<\/p>\n<p><strong>Beskrivelse:<\/strong><br \/>\nIdeell for alle maurarter. Dagslyslignende spektrum med god belysning av myrehuset. Ingen u\u00f8nsket varmeavgivelse, ekstremt energibesparende.<br \/>\nDenne LED-lampen passer til formicaria og vivaria i st\u00f8rrelsene 30x30x30, 30x30x20 og 30x30x10. Den kan enkelt plasseres p\u00e5 lokket. Lysstyrken kan dimmes i 10 niv\u00e5er, og 3 forskjellige lysfarger kan stilles inn, fra \"kaldhvitt\" til \"naturlig\" til \"varmt\" lys. Det kan bestilles en forlengelse for formicaria med en bredde p\u00e5 60 cm. Dette er lenket lenger ned i artikkelen. Fra en h\u00f8yde p\u00e5 mer enn 30 cm n\u00e5r bare litt lys ned til bunnen.<\/p>","protected":false},"excerpt":{"rendered":"<p><span style=\"font-weight: 400;\">Str\u00f8mforbruk: 4W<\/span><\/p>","protected":false},"featured_media":11376,"comment_status":"open","ping_status":"closed","template":"","meta":{"_acf_changed":false,"content-type":"","_monsterinsights_skip_tracking":false,"_monsterinsights_sitenote_active":false,"_monsterinsights_sitenote_note":"","_monsterinsights_sitenote_category":0},"product_brand":[],"product_cat":[359,257,119],"product_tag":[],"class_list":{"0":"post-11410","1":"product","2":"type-product","3":"status-publish","4":"has-post-thumbnail","6":"product_cat-light-heat-humidity","7":"product_cat-new-innovatve-products","8":"product_cat-formicarium-components","10":"first","11":"outofstock","12":"taxable","13":"shipping-taxable","14":"purchasable","15":"product-type-simple"},"acf":[],"aioseo_notices":[],"jetpack_sharing_enabled":true,"_links":{"self":[{"href":"https:\/\/antcube.shop\/nb\/wp-json\/wp\/v2\/product\/11410","targetHints":{"allow":["GET"]}}],"collection":[{"href":"https:\/\/antcube.shop\/nb\/wp-json\/wp\/v2\/product"}],"about":[{"href":"https:\/\/antcube.shop\/nb\/wp-json\/wp\/v2\/types\/product"}],"replies":[{"embeddable":true,"href":"https:\/\/antcube.shop\/nb\/wp-json\/wp\/v2\/comments?post=11410"}],"wp:featuredmedia":[{"embeddable":true,"href":"https:\/\/antcube.shop\/nb\/wp-json\/wp\/v2\/media\/11376"}],"wp:attachment":[{"href":"https:\/\/antcube.shop\/nb\/wp-json\/wp\/v2\/media?parent=11410"}],"wp:term":[{"taxonomy":"product_brand","embeddable":true,"href":"https:\/\/antcube.shop\/nb\/wp-json\/wp\/v2\/product_brand?post=11410"},{"taxonomy":"product_cat","embeddable":true,"href":"https:\/\/antcube.shop\/nb\/wp-json\/wp\/v2\/product_cat?post=11410"},{"taxonomy":"product_tag","embeddable":true,"href":"https:\/\/antcube.shop\/nb\/wp-json\/wp\/v2\/product_tag?post=11410"}],"curies":[{"name":"wp","href":"https:\/\/api.w.org\/{rel}","templated":true}]}}