{"id":11407,"date":"2025-04-11T16:38:16","date_gmt":"2025-04-11T14:38:16","guid":{"rendered":"https:\/\/antcube.shop\/en\/product\/terracube-60x30x60-terrarium-mit-schiebetur\/"},"modified":"2026-04-02T12:12:14","modified_gmt":"2026-04-02T10:12:14","slug":"terracube-60x30x60-terrarium-med-skyvedor","status":"publish","type":"product","link":"https:\/\/antcube.shop\/nb\/produkt\/terracube-60x30x60-terrarium-med-skyvedor\/","title":{"rendered":"TERRACUBE 60x30x60 Terrarium med skyved\u00f8r"},"content":{"rendered":"<p><strong>TERRACUBE Terrarium 60x30x60 med skyved\u00f8r og 2x 50mm \u00e5pninger.<\/strong><\/p>\n<p><strong>Dimensjoner:<\/strong> 600 x 300 x 600 mm; 4 mm glasstykkelse<br \/>\n<strong>Materiell:<\/strong> floatglass<br \/>\n<strong>Forbindelse:<\/strong> 2x 50 mm hull (2x p\u00e5 siden)<\/p>\n<p><strong>\u00c5pning foran (skyved\u00f8r):<\/strong> 300\u00d7300 mm<br \/>\nStangh\u00f8yde: 12,5 cm<br \/>\nBredde p\u00e5 stangen: 4 cm<\/p>\n<p><strong>Beskrivelse:<\/strong><br \/>\n<strong>TERRACUBE - Det helt gjennomsiktige, modul\u00e6re terrariesystemet med smarte detaljer<\/strong><br \/>\nTERRACUBE-terrariene st\u00e5r for maksimal gjennomsiktighet (360\u00b0) og en elegant, klar design. Alle kanter er limt n\u00f8yaktig slik at ingen irriterende silikons\u00f8mmer er synlige. Silikonet som brukes er ogs\u00e5 helt gjennomsiktig - for et uhindret innsyn til interi\u00f8ret.<\/p>\n<p><strong>Sofistikert ventilasjon og tekniske tilgangspunkter<\/strong><br \/>\n<strong>To sidehull (\u00d8 50 mm hver) gir fleksible bruksmuligheter:<\/strong><br \/>\nDe kan enten brukes til ekstra ventilasjon eller som tilgang til teknologi som termo-\/hygrometre, foggere, varmesteiner og mye mer.<\/p>\n<p>Trekket selges separat og er tilgjengelig i forskjellige versjoner - med ulike ventilasjonsomr\u00e5der og hull for ekstra ventilasjon eller teknisk tilbeh\u00f8r som regnsystemer eller vifter, avhengig av habitat.<\/p>\n<p><strong>Trygt rutenett - ogs\u00e5 egnet for sm\u00e5 dyr<\/strong><br \/>\nDet finmaskede ventilasjonsgitteret i rustfritt st\u00e5l p\u00e5 stangen er s\u00e5 tett at selv sm\u00e5 arter som bananfluer (Drosophila) eller maur ikke slipper ut. Det st\u00f8ttes av en solid perforert aluminiumsplate. Dette gj\u00f8r konseptet korrosjonsfritt (lite vedlikeholdskrevende og holdbart) og stabilt, selv mot mekanisk p\u00e5virkning fra st\u00f8rre reptiler.<\/p>\n<p><strong>Skyved\u00f8r - praktisk og nesten usynlig<\/strong><br \/>\nDen praktiske skyved\u00f8ren er utstyrt med et gjennomsiktig h\u00e5ndtak p\u00e5 en like gjennomsiktig brakett. Det betyr at fokuset alltid er p\u00e5 det omsorgsfullt designede interi\u00f8ret eller dyrene som holdes inni.<\/p>\n<p><strong>Modul\u00e6rt system - koble terrarier sammen<\/strong><br \/>\nFlere TERRACUBE-terrarier kan kobles sammen takket v\u00e6re hullene p\u00e5 siden og matchende gjennomsiktige akrylkoblinger eller r\u00f8r.<br \/>\nFor eksempel kan en maurkoloni holdes i et nabotank som en matkilde for reptiler - med en trygg retrettmulighet hvis reptilet ikke kan passere gjennom r\u00f8ret. Hele systemer, for eksempel for frosker eller salamandere, kan ogs\u00e5 utvides fleksibelt p\u00e5 denne m\u00e5ten.<\/p>\n<p><strong>Merk:<\/strong> Glasset er tilsk\u00e5ret i henhold til DIN 1249 med en toleranse p\u00e5 +\/- 1 mm. Ekstra fluktbeskyttelse er n\u00f8dvendig for ekstremt sm\u00e5 maurarter.<\/p>","protected":false},"excerpt":{"rendered":"<p>TERRACUBE Terrarium 60x30x60 med skyved\u00f8r og 2x 50mm \u00e5pninger. Dimensjoner: 600 x 300 x 600 mm; 4 mm glasstykkelse Materiale: floatglass Tilkobling: 2x 50 mm hull (2x p\u00e5 siden) Front\u00e5pning (skyved\u00f8r): 300 x 300 mm Risth\u00f8yde: 12,5 cm Ristbredde: 4 cm Beskrivelse: TERRACUBE - Det helt gjennomsiktige, modul\u00e6re terrariesystemet","protected":false},"featured_media":11397,"comment_status":"open","ping_status":"closed","template":"","meta":{"_acf_changed":false,"content-type":"","_monsterinsights_skip_tracking":false,"_monsterinsights_sitenote_active":false,"_monsterinsights_sitenote_note":"","_monsterinsights_sitenote_category":0},"product_brand":[499],"product_cat":[257],"product_tag":[],"class_list":{"0":"post-11407","1":"product","2":"type-product","3":"status-publish","4":"has-post-thumbnail","6":"product_brand-terracube","7":"product_cat-new-innovatve-products","8":"product_shipping_class-forwarding-on-pallet","10":"first","11":"instock","12":"taxable","13":"shipping-taxable","14":"purchasable","15":"product-type-simple"},"acf":[],"aioseo_notices":[],"jetpack_sharing_enabled":true,"_links":{"self":[{"href":"https:\/\/antcube.shop\/nb\/wp-json\/wp\/v2\/product\/11407","targetHints":{"allow":["GET"]}}],"collection":[{"href":"https:\/\/antcube.shop\/nb\/wp-json\/wp\/v2\/product"}],"about":[{"href":"https:\/\/antcube.shop\/nb\/wp-json\/wp\/v2\/types\/product"}],"replies":[{"embeddable":true,"href":"https:\/\/antcube.shop\/nb\/wp-json\/wp\/v2\/comments?post=11407"}],"wp:featuredmedia":[{"embeddable":true,"href":"https:\/\/antcube.shop\/nb\/wp-json\/wp\/v2\/media\/11397"}],"wp:attachment":[{"href":"https:\/\/antcube.shop\/nb\/wp-json\/wp\/v2\/media?parent=11407"}],"wp:term":[{"taxonomy":"product_brand","embeddable":true,"href":"https:\/\/antcube.shop\/nb\/wp-json\/wp\/v2\/product_brand?post=11407"},{"taxonomy":"product_cat","embeddable":true,"href":"https:\/\/antcube.shop\/nb\/wp-json\/wp\/v2\/product_cat?post=11407"},{"taxonomy":"product_tag","embeddable":true,"href":"https:\/\/antcube.shop\/nb\/wp-json\/wp\/v2\/product_tag?post=11407"}],"curies":[{"name":"wp","href":"https:\/\/api.w.org\/{rel}","templated":true}]}}