{"id":11137,"date":"2025-03-06T15:59:48","date_gmt":"2025-03-06T14:59:48","guid":{"rendered":"https:\/\/antcube.shop\/en\/product\/antcube-arena-60x30x60-mit-schiebetur\/"},"modified":"2026-01-12T12:41:14","modified_gmt":"2026-01-12T11:41:14","slug":"antcube-arena-60x30x60-med-skyvedor","status":"publish","type":"product","link":"https:\/\/antcube.shop\/nb\/produkt\/antcube-arena-60x30x60-med-skyvedor\/","title":{"rendered":"ANTCUBE Arena 60x30x60 med skyved\u00f8r"},"content":{"rendered":"<p><strong>ANTCUBE Arena 60x30x60 med skyved\u00f8r og 4x 50 mm \u00e5pninger.<\/strong><\/p>\n<p><strong>Dimensjoner:<\/strong> 600 x 300 x 600 mm; 4 mm glasstykkelse<br \/>\n<strong>Materiell:<\/strong> floatglass<br \/>\n<strong>Forbindelse:<\/strong> 4x 50 mm hull (2x p\u00e5 siden og 2x foran)<\/p>\n<p><strong>\u00c5pning foran (skyved\u00f8r):<\/strong> 300\u00d7300 mm<\/p>\n<p><strong>Beskrivelse:<\/strong> V\u00e5r ANTCUBE arena 60x30x60 med skyved\u00f8r ble utviklet for \u00e5 kunne arbeide komfortabelt selv i full formicaria. Den er ogs\u00e5 egnet som en utvidelse av v\u00e5r arena med skyved\u00f8r i 60x30x30. Forskjellen er de nye hullene i fronten for \u00e5 skape ekstra ventilasjon eller, hvis det ikke er plass p\u00e5 sidene, for \u00e5 koble til flere arenaer med akrylr\u00f8r via fronttilkoblingene. De er spesielt nyttige som formicarium for vevermaur (Polyrhachis og Oecophylla), ettersom de liker \u00e5 bygge seg oppover og trenger en vertsplante. Treboende arter som Tetraponera er ogs\u00e5 glade for \u00e5 ha klatremuligheter. Noen ganger kan det v\u00e6re vanskelig \u00e5 fjerne avfall fra dyrene i bunnen av formicariumet, for eksempel. Dette er ikke noe problem med denne spesialtilpassede tanken. Skyved\u00f8ren er ogs\u00e5 veldig praktisk for f\u00f4ringstanker for Acromyrmex- eller Atta-bladskj\u00e6rermaur, ettersom planterester og annet avfall enkelt kan kastes. For den \u00f8vre \u00e5pningen er det ogs\u00e5 mulig \u00e5 f\u00e5 en 60\u00d730 utbruddsramme og et 60\u00d730 arenadeksel med eller uten et st\u00f8rre ventilasjonsomr\u00e5de separat.<\/p>\n<p><strong>Merk:<\/strong> Glasset er tilsk\u00e5ret i henhold til DIN 1249 med en toleranse p\u00e5 +\/- 1 mm. Ekstra fluktbeskyttelse er n\u00f8dvendig for ekstremt sm\u00e5 maurarter.<\/p>","protected":false},"excerpt":{"rendered":"<p>Tilkobling: 4x hull 50 mm<\/p>","protected":false},"featured_media":11138,"comment_status":"open","ping_status":"closed","template":"","meta":{"_acf_changed":false,"content-type":"","_monsterinsights_skip_tracking":false,"_monsterinsights_sitenote_active":false,"_monsterinsights_sitenote_note":"","_monsterinsights_sitenote_category":0},"product_brand":[484],"product_cat":[257,85,86],"product_tag":[],"class_list":{"0":"post-11137","1":"product","2":"type-product","3":"status-publish","4":"has-post-thumbnail","6":"product_brand-antcube","7":"product_cat-new-innovatve-products","8":"product_cat-ant-arenas","9":"product_cat-formicariums","10":"product_shipping_class-forwarding-on-pallet","12":"first","13":"instock","14":"taxable","15":"shipping-taxable","16":"purchasable","17":"product-type-simple"},"acf":[],"aioseo_notices":[],"jetpack_sharing_enabled":true,"_links":{"self":[{"href":"https:\/\/antcube.shop\/nb\/wp-json\/wp\/v2\/product\/11137","targetHints":{"allow":["GET"]}}],"collection":[{"href":"https:\/\/antcube.shop\/nb\/wp-json\/wp\/v2\/product"}],"about":[{"href":"https:\/\/antcube.shop\/nb\/wp-json\/wp\/v2\/types\/product"}],"replies":[{"embeddable":true,"href":"https:\/\/antcube.shop\/nb\/wp-json\/wp\/v2\/comments?post=11137"}],"wp:featuredmedia":[{"embeddable":true,"href":"https:\/\/antcube.shop\/nb\/wp-json\/wp\/v2\/media\/11138"}],"wp:attachment":[{"href":"https:\/\/antcube.shop\/nb\/wp-json\/wp\/v2\/media?parent=11137"}],"wp:term":[{"taxonomy":"product_brand","embeddable":true,"href":"https:\/\/antcube.shop\/nb\/wp-json\/wp\/v2\/product_brand?post=11137"},{"taxonomy":"product_cat","embeddable":true,"href":"https:\/\/antcube.shop\/nb\/wp-json\/wp\/v2\/product_cat?post=11137"},{"taxonomy":"product_tag","embeddable":true,"href":"https:\/\/antcube.shop\/nb\/wp-json\/wp\/v2\/product_tag?post=11137"}],"curies":[{"name":"wp","href":"https:\/\/api.w.org\/{rel}","templated":true}]}}