{"id":10988,"date":"2025-01-29T13:27:22","date_gmt":"2025-01-29T12:27:22","guid":{"rendered":"https:\/\/antcube.shop\/en\/product\/bundle-offer-pheidole-pallidula\/"},"modified":"2026-04-06T12:17:12","modified_gmt":"2026-04-06T10:17:12","slug":"pakketilbud-pheidole-pallidula","status":"publish","type":"product","link":"https:\/\/antcube.shop\/nb\/produkt\/pakketilbud-pheidole-pallidula\/","title":{"rendered":"Pakketilbud - Crematogaster scutellaris"},"content":{"rendered":"<p id=\"docs-internal-guid-f360e18f-7fff-1fa7-2486-66b6ea8170c9\" dir=\"ltr\"><span data-text-color=\"secondary\"><strong>Pakketilbud som inkluderer en maurkoloni Crematogaster scutellaris (dronning med 5-10 arbeidere + yngel), et startsett Digfix S, 2x formicariumputer og en \u00f8rkenfotobakgrunn.<\/strong><\/span><\/p>\n<p dir=\"ltr\"><span data-text-color=\"alert\"><strong>Bare s\u00e5 lenge lageret rekker.<\/strong><\/span><\/p>\n<h2 dir=\"ltr\"><strong>Alt du trenger for en maurkoloni av Crematogaster scutellaris<\/strong><\/h2>\n<p dir=\"ltr\">Denne pakken inneholder alt du trenger for \u00e5 holde en Crematogaster scutellaris-koloni gjennom de f\u00f8rste m\u00e5nedene. Den er ideell for nybegynnere og kan enkelt utvides.<\/p>\n<h3 dir=\"ltr\"><strong>Maurart Crematogaster scutellaris<\/strong><\/h3>\n<p>Crematogaster scutellaris er en overveiende altetende maurart som spiser b\u00e5de plante- og dyref\u00f8de. Den er utbredt i hele Middelhavsomr\u00e5det og finnes ogs\u00e5 i s\u00f8rlige deler av Sentral-Europa. Typisk for denne arten er dens karakteristiske, p\u00e6reformede bakkropp, som den l\u00f8fter i tilfelle fare - en sl\u00e5ende atferd for \u00e5 avskrekke fiender.<\/p>\n<p>Koloniene best\u00e5r vanligvis av \u00e9n dronning (monogyn), men kan ogs\u00e5 huse flere dronninger. Arbeiderne viser en aktiv og nysgjerrig atferd og forsvarer reirene sine med stor styrke. Crematogaster scutellaris er s\u00e6rlig kjent for sin evne til \u00e5 bygge reir i d\u00f8d ved eller hulrom i tr\u00e6r.<\/p>\n<h3 dir=\"ltr\"><strong>Reir til Crematogaster scutellaris<\/strong><\/h3>\n<p dir=\"ltr\">Siden denne arten foretrekker \u00e5 bygge reir i t\u00f8rt, d\u00f8dt treverk eller i sprekker og revner, inneholder dette settet en Digfix-reirinnsats. Dette gir god oversikt over innsiden av reiret og simulerer naturlige forhold. Alternativt kan de holdes i reir av kork eller tre, som kommer sv\u00e6rt n\u00e6r deres naturlige habitat.<\/p>\n<h3 dir=\"ltr\"><strong>Mat for Crematogaster scutellaris<\/strong><\/h3>\n<p dir=\"ltr\">Crematogaster scutellaris er en altetende art som foretrekker s\u00f8te v\u00e6sker som honning eller sukkeroppl\u00f8sninger. Den trenger ogs\u00e5 proteinrik mat, f.eks. sm\u00e5 insekter, spesielt for \u00e5 f\u00e5 frem yngel. I naturen lever den ogs\u00e5 av tresaft og sm\u00e5 leddyr.<\/p>\n<h3 dir=\"ltr\"><strong>Klimaforhold for Crematogaster scutellaris<\/strong><\/h3>\n<p dir=\"ltr\">Luftfuktighet:<br \/>\nArena: 30 - 50%<br \/>\nReiromr\u00e5de: 50 - 60%<br \/>\nTemperatur:<br \/>\nArena: 24 - 30 \u00b0C<br \/>\nReiromr\u00e5de: 22 - 28\u00b0C<\/p>\n<p dir=\"ltr\">Crematogaster scutellaris er ideell for b\u00e5de nybegynnere og erfarne maurholdere. P\u00e5 grunn av sin aktive atferd, sl\u00e5ende kroppsform og -farge og reirbyggingsmetode gir den et spennende innblikk i livet i en maurkoloni.<\/p>\n<p dir=\"ltr\"><strong>Innhold:<\/strong><br \/>\n1x maurkoloni Crematogaster scutellaris (dronning + 5-10 arbeidere + yngel)<br \/>\n1x sukker-honningoppl\u00f8sning (SH) - p\u00e5fyllingspakke 10 ml<br \/>\n1x hele, blancherte sirisser 10 g<br \/>\n1x formicarium-pute - 20x20cm<br \/>\n1x Formicarium-pute - 20x6 cm<br \/>\n1x \u00d8rkenfotobakgrunn 20\u00d710<br \/>\n1x ANTCUBE - Arena 20x20x10 - flatt<br \/>\n1x Arena-ramme 20\u00d720<br \/>\n1x Arena-trekk 20\u00d720<br \/>\n4x Festepunkt for arenadeksel<br \/>\nANTCUBE - maurfarm - L - 20\u00d720 - st\u00e5ende<br \/>\n1x ANTCUBE - Digfix plate 20\u00d720 - S<br \/>\n1x 0,5 m gjennomsiktig slange 10\/06 mm<br \/>\nANTCUBE - R\u00f8d film 20 \u00d7 20 - Filter<br \/>\n1x selvklebende klips - gjennomsiktig - 2 stk.<br \/>\n1x underlag - sandleire beige - 200g<br \/>\n1x nettinginnsats - 50 mm - rustfritt st\u00e5l<br \/>\n1x formicaria-plugg for 50 mm hull<br \/>\n1x formicaria-plugg for 27 mm hull<br \/>\n1x formicaria-hette for 6 mm stikkontakt<br \/>\n1x kumkontakt B-27 og S-10-16 mm M25 - sett<br \/>\n1x 2 ml mater - 360\u00b0<br \/>\n1x klar drikkesk\u00e5l 20ml - svamp<br \/>\n1x klar matkopp 1\u00d720 - svamp<br \/>\n1x mini termo-hygrometer analogt - hengende display<br \/>\n1x maurfluktbeskyttelsespulver 10 ml<br \/>\n1x pinsett fj\u00e6rst\u00e5l - bred - myk<br \/>\n1x pinsett plast gjennomsiktig<br \/>\n1x plastpipette 3 ml<br \/>\n1x h\u00e5ndlupe - 2x - 30 mm<br \/>\n1x skum visker 150x18x2.5mm<\/p>\n<p dir=\"ltr\"><strong>Beskrivelse:<\/strong><br \/>\nDigfix Starter Set er egnet for ulike maurarter, spesielt for de som bygger rede i sand og (d\u00f8dt) treverk. Det kan oppbevares t\u00f8rt eller lett fuktig.<br \/>\nDen gjennomsiktige farmen kan brukes sammen med ANTCUBE Digfix-platen. Maurene graver sine egne tunneler og kamre i materialet. Ved behov kan flere moduler kobles til via de 50 mm store hullene i dekselet, for eksempel de separat tilgjengelige t\u00e5kebryterne, viftene eller lysene. Alternativt f\u00f8lger det med matchende formicaria-plugger for \u00e5 lukke \u00e5pningene. Hvis du foretrekker det, kan du ogs\u00e5 bruke formicariumet \u00e5pent ved \u00e5 plassere den avtakbare rammen p\u00e5 bakken og sm\u00f8re kanten med maurbeskyttelsesolje. \"Vannkanne 2 ml - 360 grader\" er beregnet p\u00e5 honning\/sukkeroppl\u00f8sning, \"vannkanne klar 20 ml - svamp\" er beregnet p\u00e5 vann. \"Mini Thermo-Hygrometer\" kan festes p\u00e5 rammen eller lokket og viser klimaverdiene.<\/p>\n<p dir=\"ltr\"><span data-text-color=\"alert\"><strong>Viktig:<\/strong><\/span> Fukt gjerne bakken f\u00f8r bruk, slik at blandingen kan binde seg og f\u00e5 godt feste i maurtua. I tillegg kan et for t\u00f8rt og st\u00f8vete underlag f\u00f8re til at maurenes luftveier blokkeres, noe som i verste fall kan f\u00f8re til kvelning.<\/p>\n<p dir=\"ltr\"><strong>Anbefaling:<\/strong> Vi anbefaler et 2 mm h\u00f8yt lag med substrat slik at dyrene ikke kan grave seg ned i arenaen, men i stedet bruker den medf\u00f8lgende g\u00e5rden til dette form\u00e5let. Vi anbefaler ogs\u00e5 at redematerialet i g\u00e5rden (sand\/leire, Digfix osv.) gjennomhulles lett p\u00e5 ett sted for \u00e5 gj\u00f8re det lettere for dyrene \u00e5 grave.<br \/>\n<strong>Merk:<\/strong> Reiret kan brukes i et t\u00f8rt eller fuktig formicarium. Hvis reiret holdes permanent v\u00e5tt (for v\u00e5tt), kan matrester f\u00f8re til muggdannelse.<br \/>\n<strong>Merknad om Digfix:<\/strong> Den naturlige fargen kan variere mellom gr\u00f8nn-gr\u00e5brun og jordbrun. Fargen har ingen innvirkning p\u00e5 kvaliteten.<\/p>\n<p dir=\"ltr\"><strong>Merknader om produksjon<\/strong><br \/>\nGlasset er sk\u00e5ret i henhold til DIN 1249 med en toleranse p\u00e5 +\/- 1 mm. For ekstremt sm\u00e5 maurarter er en ekstra utbruddsbeskyttelse viktig.<\/p>\n<p dir=\"ltr\"><strong>Merknader om g\u00e5rden<\/strong><br \/>\nN\u00e5r du kobler til eller fra slanger, m\u00e5 du v\u00e6re oppmerksom p\u00e5 f\u00f8lgende:<br \/>\nHvis det er vanskelig \u00e5 f\u00e5 slangen til \u00e5 passe p\u00e5 konnektoren, b\u00f8r du p\u00e5f\u00f8re en dr\u00e5pe av v\u00e5r anti-escape-olje eller -pulver p\u00e5 konnektoren. Deretter skyves slangen p\u00e5 konnektoren ved \u00e5 vri eller skru den p\u00e5, uten \u00e5 trykke opp og ned p\u00e5 konnektoren. Det samme gjelder n\u00e5r slangene skal fjernes fra g\u00e5rdskoblingen. Vennligst ikke bare trekk dem av!<\/p>\n<p dir=\"ltr\"><strong>Notater om Cricket Jam:<\/strong><br \/>\nV\u00e5r Cricket Jam er en enkel m\u00e5te \u00e5 gi maurene dine nykonservert proteinf\u00f4r uten \u00e5 m\u00e5tte mate dem med levende insekter. F\u00e5rekyllingene (Acheta domesticus) kokes sk\u00e5nsomt for \u00e5 sikre at n\u00e6ringsverdi, smak og aroma bevares. I tillegg mykes det kitinholdige eksoskjelettet til insektene opp slik at det lettere kan ford\u00f8yes. Kollagenproteinforbindelsene splittes slik at maurene kan utnytte dem bedre. Acheta domesticus fra boksen har samme n\u00e6ringsverdi som levende sirisser, men er lettere \u00e5 ford\u00f8ye.<br \/>\nCricket Jam er ikke egnet til jakt p\u00e5 maurarter som krever levende f\u00f8de (f.eks. poneriner (stormaur) som Harpegnathos eller Odontomachus).<\/p>\n<p dir=\"ltr\"><strong>Ytterligere fordeler:<\/strong><br \/>\nGarantert fri for midd<br \/>\nKan porsjoneres og fortynnes med vann<br \/>\nSterilisert og vakuumpakket<br \/>\nUten tilsetningsstoffer<br \/>\nF\u00e5rekyllinger fra b\u00e6rekraftig, rent \u00f8kologisk oppdrett, f\u00f4ret med organisk avfall.<\/p>\n<p dir=\"ltr\"><strong>Merk:<\/strong><br \/>\nKan oppbevares i kj\u00f8leskapet i ca. fire dager etter \u00e5pning. Lengre holdbarhet ved frysing.<\/p>\n<p dir=\"ltr\"><strong>Oppmerksomhet<\/strong>: Del opp f\u00f8rst, og frys deretter ned.<\/p>\n<p dir=\"ltr\"><strong>Merknader om sukker-honning-oppl\u00f8sningen (ZH) - refill-pakke 10 ml<\/strong><br \/>\nInnhold: 10 ml<\/p>\n<p dir=\"ltr\"><strong>Beskrivelse:<\/strong> Dette er et produkt som best\u00e5r av forskjellige karbohydrater (som honning og sukker).<\/p>\n<p dir=\"ltr\"><strong>Bruksomr\u00e5de:<\/strong> Matr\u00f8ret kan plasseres helt i formicariumet, eller alternativt, avhengig av koloniens behov\/st\u00f8rrelse, kan mindre mengder plasseres i en matsk\u00e5l. Maten b\u00f8r konsumeres i l\u00f8pet av ca. 3 dager, ellers er det fare for muggdannelse. Av samme grunn b\u00f8r matsk\u00e5len rengj\u00f8res f\u00f8r den fylles p\u00e5 nytt.<\/p>\n<p dir=\"ltr\"><strong>Bruk:<\/strong><br \/>\nSukker-honning-l\u00f8sning = for sukker\/honningspisende maurarter<br \/>\nDette er et supplerende n\u00e6ringsmiddel<br \/>\nDet kan tilbys dyrene som levert. Siden sukkerkonsentrasjonen synker p\u00e5 grunn av luftfuktigheten og en gj\u00e6ringsprosess starter, b\u00f8r f\u00f4ret skiftes ut hver 3. dag. Rengj\u00f8r f\u00f4rsk\u00e5len\/r\u00f8ret grundig f\u00f8r gjenbruk.<br \/>\nN\u00e5r pakken er \u00e5pnet, skal den holdes tett lukket (hvis den oppbevares p\u00e5 et t\u00f8rt sted) og brukes innen den angitte datoen (best f\u00f8r-datoen).<\/p>\n<p dir=\"ltr\"><strong>Inneholder:<\/strong><br \/>\nFruktose 27 til 44%,<br \/>\nglukose 22 til 41%,<br \/>\nsukrose opp til 5%,<br \/>\nmaltose 4 til 14%,<br \/>\nandre komplekse sukkerarter 1 til 14%.<br \/>\nFett: 0g<br \/>\nKarbohydrater: 92g<br \/>\nProtein: 0 g<br \/>\nSalt: 0 g<\/p>\n<p dir=\"ltr\"><strong>Lagring:<\/strong> For \u00e5 sikre kvaliteten p\u00e5 f\u00f4ret b\u00f8r det oppbevares p\u00e5 et m\u00f8rkt og t\u00f8rt sted.<\/p>\n<p dir=\"ltr\"><strong>Merk:<\/strong><br \/>\nSe pakningsvedlegget for sammensetning, analytiske bestanddeler, holdbarhetsdato og batchnummer.<br \/>\nInformasjonstelefon +49 30 439703870<\/p>\n<p dir=\"ltr\"><strong>Kompetent veterin\u00e6r- og mattilsynsmyndighet:<\/strong><br \/>\nVeterin\u00e6rkontor Steglitz<br \/>\nK\u00f6nigin-Luise-Str. 92<br \/>\n14195 Berlin<\/p>","protected":false},"excerpt":{"rendered":"<p>Settet best\u00e5r av 34 deler<\/p>","protected":false},"featured_media":10983,"comment_status":"open","ping_status":"closed","template":"","meta":{"_acf_changed":false,"content-type":"","_monsterinsights_skip_tracking":false,"_monsterinsights_sitenote_active":false,"_monsterinsights_sitenote_note":"","_monsterinsights_sitenote_category":0},"product_brand":[484],"product_cat":[355,73],"product_tag":[],"class_list":{"0":"post-10988","1":"product","2":"type-product","3":"status-publish","4":"has-post-thumbnail","6":"product_brand-antcube","7":"product_cat-bundle-offers","8":"product_cat-starter-sets","10":"first","11":"instock","12":"taxable","13":"shipping-taxable","14":"purchasable","15":"product-type-simple"},"acf":[],"aioseo_notices":[],"jetpack_sharing_enabled":true,"_links":{"self":[{"href":"https:\/\/antcube.shop\/nb\/wp-json\/wp\/v2\/product\/10988","targetHints":{"allow":["GET"]}}],"collection":[{"href":"https:\/\/antcube.shop\/nb\/wp-json\/wp\/v2\/product"}],"about":[{"href":"https:\/\/antcube.shop\/nb\/wp-json\/wp\/v2\/types\/product"}],"replies":[{"embeddable":true,"href":"https:\/\/antcube.shop\/nb\/wp-json\/wp\/v2\/comments?post=10988"}],"wp:featuredmedia":[{"embeddable":true,"href":"https:\/\/antcube.shop\/nb\/wp-json\/wp\/v2\/media\/10983"}],"wp:attachment":[{"href":"https:\/\/antcube.shop\/nb\/wp-json\/wp\/v2\/media?parent=10988"}],"wp:term":[{"taxonomy":"product_brand","embeddable":true,"href":"https:\/\/antcube.shop\/nb\/wp-json\/wp\/v2\/product_brand?post=10988"},{"taxonomy":"product_cat","embeddable":true,"href":"https:\/\/antcube.shop\/nb\/wp-json\/wp\/v2\/product_cat?post=10988"},{"taxonomy":"product_tag","embeddable":true,"href":"https:\/\/antcube.shop\/nb\/wp-json\/wp\/v2\/product_tag?post=10988"}],"curies":[{"name":"wp","href":"https:\/\/api.w.org\/{rel}","templated":true}]}}