{"id":906,"date":"2021-08-22T15:25:28","date_gmt":"2021-08-22T13:25:28","guid":{"rendered":"https:\/\/antcube.shop\/?page_id=906"},"modified":"2024-09-09T17:06:59","modified_gmt":"2024-09-09T15:06:59","slug":"maur-og-utdanning","status":"publish","type":"page","link":"https:\/\/antcube.shop\/nb\/maur-og-utdanning\/","title":{"rendered":"Maur i utdanningen"},"content":{"rendered":"<div id=\"gap-874799820\" class=\"gap-element clearfix\" style=\"display:block; height:auto;\">\n\t\t\n<style>\n#gap-874799820 {\n  padding-top: 178px;\n}\n@media (min-width:550px) {\n  #gap-874799820 {\n    padding-top: 187px;\n  }\n}\n@media (min-width:850px) {\n  #gap-874799820 {\n    padding-top: 75px;\n  }\n}\n<\/style>\n\t<\/div>\n\t\n\n\n  <div class=\"banner has-hover\" id=\"banner-1394128927\">\n          <div class=\"banner-inner fill\">\n        <div class=\"banner-bg fill\" >\n            <img data-recalc-dims=\"1\" loading=\"lazy\" decoding=\"async\" width=\"1020\" height=\"574\" src=\"https:\/\/i0.wp.com\/antcube.shop\/wp-content\/uploads\/2021\/09\/20201112-ANTSTORE-Schulerprojekt-im-Glasernen-Labor-Berlin-Buch.00_01_08_21.Still001.jpg?resize=1020%2C574&#038;ssl=1\" class=\"bg attachment-original size-original\" alt=\"ANTSTORE - skoleprosjekt i Gl\u00e4sernes Labor Berlin Buch\" \/>                        <div class=\"overlay\"><\/div>            \n                    <\/div>\n\t\t\n        <div class=\"banner-layers container\">\n            <div class=\"fill banner-link\"><\/div>            \n\n   <div id=\"text-box-334354154\" class=\"text-box banner-layer x50 md-x50 lg-x50 y15 md-y10 lg-y10 res-text\">\n                                <div class=\"text-box-content text dark text-shadow-5\">\n              \n              <div class=\"text-inner text-center\">\n                  \n\n<h1 class=\"uppercase\"><strong>Maur i utdanningen<\/strong><\/h1>\n\n              <\/div>\n           <\/div>\n                            \n<style>\n#text-box-334354154 {\n  width: 60%;\n}\n#text-box-334354154 .text-box-content {\n  font-size: 100%;\n}\n<\/style>\n    <\/div>\n \n\n        <\/div>\n      <\/div>\n\n            \n<style>\n#banner-1394128927 {\n  padding-top: 56.25%;\n}\n#banner-1394128927 .overlay {\n  background-color: rgba(0, 0, 0, 0.17);\n}\n#banner-1394128927 .banner-bg img {\n  object-position: 53% 1%;\n}\n@media (min-width:550px) {\n  #banner-1394128927 {\n    padding-top: 50%;\n  }\n}\n@media (min-width:850px) {\n  #banner-1394128927 {\n    padding-top: 625px;\n  }\n}\n<\/style>\n  <\/div>\n\n\n\t<div id=\"gap-1515805085\" class=\"gap-element clearfix\" style=\"display:block; height:auto;\">\n\t\t\n<style>\n#gap-1515805085 {\n  padding-top: 30px;\n}\n<\/style>\n\t<\/div>\n\t\n\n<div class=\"row\"  id=\"row-201162342\">\n\n\n\t<div id=\"col-1623983004\" class=\"col medium-6 small-12 large-6\"  >\n\t\t\t\t<div class=\"col-inner\"  >\n\t\t\t\n\t\t\t\n\n<h3>Hvordan l\u00e6re av og med maur<\/h3>\n<p>Maur i klasserommet eller barnehagen? Vanligvis ganske irriterende. Det blir imidlertid ofte oversett hvor mye vi kan l\u00e6re av og med maur. Deres sosiale atferd og effektive fordeling av oppgaver er veldig interessant og l\u00e6rerikt \u00e5 se p\u00e5.<\/p>\n<p>De siste \u00e5rene har flere og flere skoler og barnehager, utdanningsinstitusjoner generelt eller til og med forskningsinstitusjoner f\u00e5tt maurkolonier. Disse gir mange muligheter til \u00e5 undervise i biologiske sammenhenger, evolusjon, sosial atferd eller ansvarlig h\u00e5ndtering av naturen v\u00e5r p\u00e5 en levende og interessant m\u00e5te.<\/p>\n<p>For mange er et startsett tilstrekkelig for presentasjon, ettersom det ogs\u00e5 brukes av v\u00e5re private kunder. Men hvis det m\u00e5 v\u00e6re litt mer spesielt, tilbyr vi ogs\u00e5 skreddersydde produkter. Disse er ogs\u00e5 tilgjengelige som en barnesikker variant med sikkerhetsglass og l\u00e5sbar.<\/p>\n<p>\u00a0<\/p>\n\n\t\t<\/div>\n\t\t\t\t\t<\/div>\n\n\t\n\n\t<div id=\"col-912958874\" class=\"col medium-6 small-12 large-6\"  >\n\t\t\t\t<div class=\"col-inner\"  >\n\t\t\t\n\t\t\t\n\n\t<div class=\"img has-hover x md-x lg-x y md-y lg-y\" id=\"image_1499156286\">\n\t\t<a class=\"image-lightbox lightbox-gallery\" title=\"\" href=\"https:\/\/i0.wp.com\/antcube.shop\/wp-content\/uploads\/2021\/09\/IMG_6373-scaled.jpg?fit=800%2C600&#038;ssl=1\">\t\t\t\t\t\t<div class=\"img-inner dark\" >\n\t\t\t<img data-recalc-dims=\"1\" loading=\"lazy\" decoding=\"async\" width=\"1020\" height=\"765\" src=\"https:\/\/i0.wp.com\/antcube.shop\/wp-content\/uploads\/2021\/09\/IMG_6373-scaled.jpg?resize=1020%2C765&#038;ssl=1\" class=\"attachment-original size-original\" alt=\"Skreddersydd Leafcutter Formicarium av ANTSTORE for en barnehage\" srcset=\"https:\/\/i0.wp.com\/antcube.shop\/wp-content\/uploads\/2021\/09\/IMG_6373-scaled.jpg?w=2560&amp;ssl=1 2560w, https:\/\/i0.wp.com\/antcube.shop\/wp-content\/uploads\/2021\/09\/IMG_6373-scaled.jpg?resize=510%2C383&amp;ssl=1 510w, https:\/\/i0.wp.com\/antcube.shop\/wp-content\/uploads\/2021\/09\/IMG_6373-scaled.jpg?resize=533%2C400&amp;ssl=1 533w, https:\/\/i0.wp.com\/antcube.shop\/wp-content\/uploads\/2021\/09\/IMG_6373-scaled.jpg?resize=1067%2C800&amp;ssl=1 1067w, https:\/\/i0.wp.com\/antcube.shop\/wp-content\/uploads\/2021\/09\/IMG_6373-scaled.jpg?resize=768%2C576&amp;ssl=1 768w, https:\/\/i0.wp.com\/antcube.shop\/wp-content\/uploads\/2021\/09\/IMG_6373-scaled.jpg?resize=1536%2C1152&amp;ssl=1 1536w, https:\/\/i0.wp.com\/antcube.shop\/wp-content\/uploads\/2021\/09\/IMG_6373-scaled.jpg?resize=2048%2C1536&amp;ssl=1 2048w\" sizes=\"auto, (max-width: 1020px) 100vw, 1020px\" \/>\t\t\t\t\t\t\n\t\t\t\t\t<\/div>\n\t\t\t\t\t\t<\/a>\t\t\n<style>\n#image_1499156286 {\n  width: 100%;\n}\n<\/style>\n\t<\/div>\n\t\n\n<p>Skreddersydd Leafcutter Formicarium for en barnehage<\/p>\n\n\t\t<\/div>\n\t\t\t\t\t<\/div>\n\n\t\n\n<\/div>\n<div class=\"row\"  id=\"row-416727633\">\n\n\n\t<div id=\"col-1858854883\" class=\"col small-12 large-12\"  >\n\t\t\t\t<div class=\"col-inner\"  >\n\t\t\t\n\t\t\t\n\n\t<div id=\"text-1302646759\" class=\"text\">\n\t\t\n\n<h3>Noen av v\u00e5re prosjekter for skoler og barnehager<\/h3>\n\t\t\n<style>\n#text-1302646759 {\n  font-size: 1.85rem;\n  text-align: center;\n}\n<\/style>\n\t<\/div>\n\t\n<div class=\"slider-wrapper relative\" id=\"slider-1811149012\" >\n    <div class=\"slider slider-nav-circle slider-nav-large slider-nav-light slider-style-normal\"\n        data-flickity-options='{            \"cellAlign\": \"center\",            \"imagesLoaded\": true,            \"lazyLoad\": 1,            \"freeScroll\": false,            \"wrapAround\": true,            \"autoPlay\": false,            \"pauseAutoPlayOnHover\" : true,            \"prevNextButtons\": true,            \"contain\" : true,            \"adaptiveHeight\" : true,            \"dragThreshold\" : 10,            \"percentPosition\": true,            \"pageDots\": true,            \"rightToLeft\": false,            \"draggable\": true,            \"selectedAttraction\": 0.1,            \"parallax\" : 0,            \"friction\": 0.6        }'\n        >\n        \n\n\n  <div class=\"banner has-hover\" id=\"banner-933234340\">\n          <div class=\"banner-inner fill\">\n        <div class=\"banner-bg fill\" >\n                        \t<div class=\"video-overlay no-click fill\"><\/div>\n\t<div id=\"ytplayer-568\" class=\"ux-youtube fill object-fit visible\" data-videoid=\"lBi4yheYoEI\" data-loop=\"1\" data-audio=\"0\"><\/div>\n                        \n                    <\/div>\n\t\t\n        <div class=\"banner-layers container\">\n            <a class=\"fill\" href=\"https:\/\/www.youtube.com\/watch?v=lBi4yheYoEI\" target=\"_blank\" rel=\"noopener\"><div class=\"fill banner-link\"><\/div><\/a>            \n\n   <div id=\"text-box-2072650627\" class=\"text-box banner-layer x50 md-x50 lg-x50 y50 md-y50 lg-y50 res-text\">\n                                <div class=\"text-box-content text dark\">\n              \n              <div class=\"text-inner text-center\">\n                  \n\n\n              <\/div>\n           <\/div>\n                            \n<style>\n#text-box-2072650627 {\n  width: 60%;\n}\n#text-box-2072650627 .text-box-content {\n  font-size: 100%;\n}\n<\/style>\n    <\/div>\n \n\n        <\/div>\n      <\/div>\n\n            \n<style>\n#banner-933234340 {\n  padding-top: 50%;\n}\n<\/style>\n  <\/div>\n\n\n\n  <div class=\"banner has-hover\" id=\"banner-70927644\">\n          <div class=\"banner-inner fill\">\n        <div class=\"banner-bg fill\" >\n                        \t<div class=\"video-overlay no-click fill\"><\/div>\n\t<div id=\"ytplayer-245\" class=\"ux-youtube fill object-fit visible\" data-videoid=\"XclvRncC6jg\" data-loop=\"1\" data-audio=\"0\"><\/div>\n                        \n                    <\/div>\n\t\t\n        <div class=\"banner-layers container\">\n            <a class=\"fill\" href=\"https:\/\/www.youtube.com\/watch?v=XclvRncC6jg\" target=\"_blank\" rel=\"noopener\"><div class=\"fill banner-link\"><\/div><\/a>            \n\n   <div id=\"text-box-1500516867\" class=\"text-box banner-layer x50 md-x50 lg-x50 y50 md-y50 lg-y50 res-text\">\n                                <div class=\"text-box-content text dark\">\n              \n              <div class=\"text-inner text-center\">\n                  \n\n\n              <\/div>\n           <\/div>\n                            \n<style>\n#text-box-1500516867 {\n  width: 60%;\n}\n#text-box-1500516867 .text-box-content {\n  font-size: 100%;\n}\n<\/style>\n    <\/div>\n \n\n        <\/div>\n      <\/div>\n\n            \n<style>\n#banner-70927644 {\n  padding-top: 50%;\n}\n<\/style>\n  <\/div>\n\n\n\n  <div class=\"banner has-hover\" id=\"banner-1380988258\">\n          <div class=\"banner-inner fill\">\n        <div class=\"banner-bg fill\" >\n                        \t<div class=\"video-overlay no-click fill\"><\/div>\n\t<div id=\"ytplayer-332\" class=\"ux-youtube fill object-fit visible\" data-videoid=\"jxMCXa8b8GQ\" data-loop=\"1\" data-audio=\"0\"><\/div>\n                        \n                    <\/div>\n\t\t\n        <div class=\"banner-layers container\">\n            <a class=\"fill\" href=\"https:\/\/www.youtube.com\/watch?v=jxMCXa8b8GQ\" target=\"_blank\" rel=\"noopener\"><div class=\"fill banner-link\"><\/div><\/a>            \n\n   <div id=\"text-box-767245648\" class=\"text-box banner-layer x50 md-x50 lg-x50 y50 md-y50 lg-y50 res-text\">\n                                <div class=\"text-box-content text dark\">\n              \n              <div class=\"text-inner text-center\">\n                  \n\n\n              <\/div>\n           <\/div>\n                            \n<style>\n#text-box-767245648 {\n  width: 60%;\n}\n#text-box-767245648 .text-box-content {\n  font-size: 100%;\n}\n<\/style>\n    <\/div>\n \n\n        <\/div>\n      <\/div>\n\n            \n<style>\n#banner-1380988258 {\n  padding-top: 50%;\n}\n<\/style>\n  <\/div>\n\n\n\n     <\/div>\n\n     <div class=\"loading-spin dark large centered\"><\/div>\n\n\t<\/div>\n\n\n\n\t\t<\/div>\n\t\t\t\t\t<\/div>\n\n\t\n\n<\/div>","protected":false},"excerpt":{"rendered":"","protected":false},"author":1,"featured_media":0,"parent":0,"menu_order":0,"comment_status":"closed","ping_status":"closed","template":"","meta":{"_acf_changed":false,"content-type":"","_monsterinsights_skip_tracking":false,"_monsterinsights_sitenote_active":false,"_monsterinsights_sitenote_note":"","_monsterinsights_sitenote_category":0,"footnotes":""},"class_list":["post-906","page","type-page","status-publish","hentry"],"acf":[],"aioseo_notices":[],"jetpack_sharing_enabled":true,"_links":{"self":[{"href":"https:\/\/antcube.shop\/nb\/wp-json\/wp\/v2\/pages\/906","targetHints":{"allow":["GET"]}}],"collection":[{"href":"https:\/\/antcube.shop\/nb\/wp-json\/wp\/v2\/pages"}],"about":[{"href":"https:\/\/antcube.shop\/nb\/wp-json\/wp\/v2\/types\/page"}],"author":[{"embeddable":true,"href":"https:\/\/antcube.shop\/nb\/wp-json\/wp\/v2\/users\/1"}],"replies":[{"embeddable":true,"href":"https:\/\/antcube.shop\/nb\/wp-json\/wp\/v2\/comments?post=906"}],"version-history":[{"count":10,"href":"https:\/\/antcube.shop\/nb\/wp-json\/wp\/v2\/pages\/906\/revisions"}],"predecessor-version":[{"id":9150,"href":"https:\/\/antcube.shop\/nb\/wp-json\/wp\/v2\/pages\/906\/revisions\/9150"}],"wp:attachment":[{"href":"https:\/\/antcube.shop\/nb\/wp-json\/wp\/v2\/media?parent=906"}],"curies":[{"name":"wp","href":"https:\/\/api.w.org\/{rel}","templated":true}]}}