{"id":899,"date":"2021-08-22T15:12:45","date_gmt":"2021-08-22T13:12:45","guid":{"rendered":"https:\/\/antcube.shop\/?page_id=899"},"modified":"2023-12-14T13:30:00","modified_gmt":"2023-12-14T12:30:00","slug":"faq-shop","status":"publish","type":"page","link":"https:\/\/antcube.shop\/nb\/faq-shop\/","title":{"rendered":"Ofte stilte sp\u00f8rsm\u00e5l"},"content":{"rendered":"<div id=\"gap-783248957\" class=\"gap-element clearfix\" style=\"display:block; height:auto;\">\n\t\t\n<style>\n#gap-783248957 {\n  padding-top: 200px;\n}\n@media (min-width:850px) {\n  #gap-783248957 {\n    padding-top: 175px;\n  }\n}\n<\/style>\n\t<\/div>\n\t\n\n\t<div id=\"text-3899912414\" class=\"text\">\n\t\t\n\n<h1>Ofte stilte sp\u00f8rsm\u00e5l \u00a0<\/h1>\n<h2>Ofte stilte sp\u00f8rsm\u00e5l om v\u00e5re produkter eller v\u00e5r butikk generelt<\/h2>\n\t\t\n<style>\n#text-3899912414 {\n  text-align: center;\n}\n<\/style>\n\t<\/div>\n\t\n<div class=\"row align-center\"  id=\"row-975015843\">\n\n\n\t<div id=\"col-2117204164\" class=\"col small-12 large-12\"  >\n\t\t\t\t<div class=\"col-inner\"  >\n\t\t\t\n\t\t\t\n\n<div class=\"accordion\">\n\n\t<div id=\"accordion-917542644\" class=\"accordion-item\">\n\t\t<a id=\"accordion-917542644-label\" class=\"accordion-title plain\" href=\"#accordion-item-you-do-not-know-what-ant-species-to-keep-or-which-formicarium-you-should-use?\" aria-expanded=\"false\" aria-controls=\"accordion-917542644-content\">\n\t\t\t<button class=\"toggle\" aria-label=\"Toggle\"><i class=\"icon-angle-down\" aria-hidden=\"true\"><\/i><\/button>\n\t\t\t<span>Du vet ikke hvilken maurart du skal holde eller hvilket Formicarium du skal bruke?<\/span>\n\t\t<\/a>\n\t\t<div id=\"accordion-917542644-content\" class=\"accordion-inner\" aria-labelledby=\"accordion-917542644-label\">\n\t\t\t\n\n<p>Pr\u00f8v \"Ant Finder\" eller \"Formicarium Finder\" - v\u00e5r nettbaserte kundeservice.<\/p>\n<p><a href=\"https:\/\/antcube.shop\/ant-finder\/\">Finn din maurart<\/a><\/p>\n<p><a href=\"https:\/\/antcube.shop\/formicarium-finder\/\">Finn ditt Formicarium<\/a><\/p>\n\n\t\t<\/div>\n\t<\/div>\n\t\n\t<div id=\"accordion-2584489347\" class=\"accordion-item\">\n\t\t<a id=\"accordion-2584489347-label\" class=\"accordion-title plain\" href=\"#accordion-item-what-are-the-delivery-times-and-charges-for-orders-from-the-online-shop?\" aria-expanded=\"false\" aria-controls=\"accordion-2584489347-content\">\n\t\t\t<button class=\"toggle\" aria-label=\"Toggle\"><i class=\"icon-angle-down\" aria-hidden=\"true\"><\/i><\/button>\n\t\t\t<span>Hva er leveringstidene og kostnadene for bestillinger fra nettbutikken?<\/span>\n\t\t<\/a>\n\t\t<div id=\"accordion-2584489347-content\" class=\"accordion-inner\" aria-labelledby=\"accordion-2584489347-label\">\n\t\t\t\n\n<p>Du finner informasjon om forventede leveringstider her:<\/p>\n<p><a href=\"https:\/\/antcube.shop\/delivery-times\/\">Leveringstider<\/a><\/p>\n<p>Hvis du vil vite mer om estimerte fraktkostnader og leveringsrestriksjoner, kan du se her:<\/p>\n<p><a href=\"https:\/\/antcube.shop\/shipping-costs-delivery-restrictions\/\">Fraktkostnader\/ leveringsrestriksjoner<\/a><\/p>\n\n\t\t<\/div>\n\t<\/div>\n\t\n\t<div id=\"accordion-1592087344\" class=\"accordion-item\">\n\t\t<a id=\"accordion-1592087344-label\" class=\"accordion-title plain\" href=\"#accordion-item-you-have-questions-about-returns-or-refunds?\" aria-expanded=\"false\" aria-controls=\"accordion-1592087344-content\">\n\t\t\t<button class=\"toggle\" aria-label=\"Toggle\"><i class=\"icon-angle-down\" aria-hidden=\"true\"><\/i><\/button>\n\t\t\t<span>Har du sp\u00f8rsm\u00e5l om retur eller refusjon?<\/span>\n\t\t<\/a>\n\t\t<div id=\"accordion-1592087344-content\" class=\"accordion-inner\" aria-labelledby=\"accordion-1592087344-label\">\n\t\t\t\n\n<p><a href=\"https:\/\/antcube.shop\/refund-policy\/\">Retningslinjer for refusjon<\/a><\/p>\n<p><a href=\"https:\/\/antcube.shop\/terms-and-conditions\/\">Vilk\u00e5r og betingelser<\/a><\/p>\n\n\t\t<\/div>\n\t<\/div>\n\t\n\t<div id=\"accordion-297041474\" class=\"accordion-item\">\n\t\t<a id=\"accordion-297041474-label\" class=\"accordion-title plain\" href=\"#accordion-item-which-payment-methods-are-accepted-in-the-online-shop?\" aria-expanded=\"false\" aria-controls=\"accordion-297041474-content\">\n\t\t\t<button class=\"toggle\" aria-label=\"Toggle\"><i class=\"icon-angle-down\" aria-hidden=\"true\"><\/i><\/button>\n\t\t\t<span>Hvilke betalingsm\u00e5ter aksepteres i nettbutikken?<\/span>\n\t\t<\/a>\n\t\t<div id=\"accordion-297041474-content\" class=\"accordion-inner\" aria-labelledby=\"accordion-297041474-label\">\n\t\t\t\n\n<p>Du finner en oversikt over v\u00e5re godkjente betalingsm\u00e5ter her:<\/p>\n<p><a href=\"https:\/\/antcube.shop\/payment-methods\/\">Betalingsm\u00e5ter<\/a><\/p>\n\n\t\t<\/div>\n\t<\/div>\n\t\n\t<div id=\"accordion-897151216\" class=\"accordion-item\">\n\t\t<a id=\"accordion-897151216-label\" class=\"accordion-title plain\" href=\"#accordion-item-you-are-looking-for-user-manuals-for-your-starter-set?\" aria-expanded=\"false\" aria-controls=\"accordion-897151216-content\">\n\t\t\t<button class=\"toggle\" aria-label=\"Toggle\"><i class=\"icon-angle-down\" aria-hidden=\"true\"><\/i><\/button>\n\t\t\t<span>Leter du etter brukerh\u00e5ndb\u00f8ker for ditt startsett?<\/span>\n\t\t<\/a>\n\t\t<div id=\"accordion-897151216-content\" class=\"accordion-inner\" aria-labelledby=\"accordion-897151216-label\">\n\t\t\t\n\n<p>Finn PDF-brukerh\u00e5ndb\u00f8ker til utskrift eller nedlasting her:<\/p>\n<p><a href=\"https:\/\/antcube.shop\/download\/\">Last ned<\/a><\/p>\n\n\t\t<\/div>\n\t<\/div>\n\t\n\t<div id=\"accordion-3529205942\" class=\"accordion-item\">\n\t\t<a id=\"accordion-3529205942-label\" class=\"accordion-title plain\" href=\"#accordion-item-you-need-more-information-about-certain-ant-species-or-ant-keeping-in-general?\" aria-expanded=\"false\" aria-controls=\"accordion-3529205942-content\">\n\t\t\t<button class=\"toggle\" aria-label=\"Toggle\"><i class=\"icon-angle-down\" aria-hidden=\"true\"><\/i><\/button>\n\t\t\t<span>Trenger du mer informasjon om bestemte maurarter eller maurhold generelt?<\/span>\n\t\t<\/a>\n\t\t<div id=\"accordion-3529205942-content\" class=\"accordion-inner\" aria-labelledby=\"accordion-3529205942-label\">\n\t\t\t\n\n<p>Her finner du ofte stilte sp\u00f8rsm\u00e5l om maur og maurhold:<\/p>\n<p><a href=\"https:\/\/antcube.shop\/faq-ants\/\">Ofte stilte sp\u00f8rsm\u00e5l om maur<\/a><\/p>\n<p><a href=\"https:\/\/antcube.shop\/catching-queen-ants\/\">Hvordan fange maurdronningen din<\/a><\/p>\n<p><a href=\"https:\/\/antcube.shop\/ant-species\/\">L\u00e6r mer om maur<\/a><\/p>\n<p><a href=\"https:\/\/antcube.shop\/social-media\/\">Sjekk YouTube-kanalene v\u00e5re, der kan du finne nyttige tips og informasjon.<\/a><\/p>\n\n\t\t<\/div>\n\t<\/div>\n\t\n\t<div id=\"accordion-2650857584\" class=\"accordion-item\">\n\t\t<a id=\"accordion-2650857584-label\" class=\"accordion-title plain\" href=\"#accordion-item-you-have-questions-about-our-products?\" aria-expanded=\"false\" aria-controls=\"accordion-2650857584-content\">\n\t\t\t<button class=\"toggle\" aria-label=\"Toggle\"><i class=\"icon-angle-down\" aria-hidden=\"true\"><\/i><\/button>\n\t\t\t<span>Har du sp\u00f8rsm\u00e5l om v\u00e5re produkter?<\/span>\n\t\t<\/a>\n\t\t<div id=\"accordion-2650857584-content\" class=\"accordion-inner\" aria-labelledby=\"accordion-2650857584-label\">\n\t\t\t\n\n<p>Hvis du har sp\u00f8rsm\u00e5l om produktene v\u00e5re, kan du f\u00f8rst ta en titt i den respektive produktbeskrivelsen i butikken v\u00e5r.<\/p>\n<p>Ellers kan du finne mer informasjon her:<\/p>\n<p><a href=\"https:\/\/antcube.shop\/product-information\/\">Produktinformasjon<\/a><\/p>\n\n\t\t<\/div>\n\t<\/div>\n\t\n\n<\/div>\n\n\t\t<\/div>\n\t\t\t\t\t<\/div>\n\n\t\n\n<\/div>","protected":false},"excerpt":{"rendered":"","protected":false},"author":1,"featured_media":0,"parent":0,"menu_order":0,"comment_status":"closed","ping_status":"closed","template":"","meta":{"_acf_changed":false,"content-type":"","_monsterinsights_skip_tracking":false,"_monsterinsights_sitenote_active":false,"_monsterinsights_sitenote_note":"","_monsterinsights_sitenote_category":0,"footnotes":""},"class_list":["post-899","page","type-page","status-publish","hentry"],"acf":[],"aioseo_notices":[],"jetpack_sharing_enabled":true,"_links":{"self":[{"href":"https:\/\/antcube.shop\/nb\/wp-json\/wp\/v2\/pages\/899","targetHints":{"allow":["GET"]}}],"collection":[{"href":"https:\/\/antcube.shop\/nb\/wp-json\/wp\/v2\/pages"}],"about":[{"href":"https:\/\/antcube.shop\/nb\/wp-json\/wp\/v2\/types\/page"}],"author":[{"embeddable":true,"href":"https:\/\/antcube.shop\/nb\/wp-json\/wp\/v2\/users\/1"}],"replies":[{"embeddable":true,"href":"https:\/\/antcube.shop\/nb\/wp-json\/wp\/v2\/comments?post=899"}],"version-history":[{"count":8,"href":"https:\/\/antcube.shop\/nb\/wp-json\/wp\/v2\/pages\/899\/revisions"}],"predecessor-version":[{"id":6791,"href":"https:\/\/antcube.shop\/nb\/wp-json\/wp\/v2\/pages\/899\/revisions\/6791"}],"wp:attachment":[{"href":"https:\/\/antcube.shop\/nb\/wp-json\/wp\/v2\/media?parent=899"}],"curies":[{"name":"wp","href":"https:\/\/api.w.org\/{rel}","templated":true}]}}